{"id":81,"date":"2018-12-12T10:15:04","date_gmt":"2018-12-12T09:15:04","guid":{"rendered":"http:\/\/www.texty.santegidio.cz?page_id=81"},"modified":"2018-12-12T10:15:05","modified_gmt":"2018-12-12T09:15:05","slug":"zalm-29","status":"publish","type":"page","link":"https:\/\/www.texty.santegidio.cz\/?page_id=81","title":{"rendered":"\u017dalm 29"},"content":{"rendered":"<p>Vzd\u00e1vejte P\u00e1nu \u010dest a sl\u00e1vu.<\/p>\n<p>&#8211; <sup>1<\/span><\/sup> Vzd\u00e1vejte P\u00e1nu, Bo\u017e\u00ed d\u011bti,<br \/>vzd\u00e1vejte P\u00e1nu \u010d<strong>e<\/strong>st a sl\u00e1vu!<\/p>\n<p>&#8211; <sup>2<\/span><\/sup> Vzd\u00e1vejte poctu jm\u00e9nu P\u00e1n\u011b,<br \/>kla\u0148te se P\u00e1nu v<strong>e<\/strong> svatyni!<\/p>\n<p>&#8211; <sup>3<\/span><\/sup> Hlas P\u00e1n\u011b nad vodami,<br \/>P\u00e1n nad ve\u0161k<strong>e<\/strong>r\u00fdm vodstvem.<\/p>\n<p>&#8211; <sup>4<\/span><\/sup> Hlas P\u00e1n\u011b s velkou moc\u00ed,<br \/>hlas P\u00e1n\u011b m<strong>a<\/strong>jest\u00e1tn\u00fd.<\/p>\n<p>&#8211; <sup>5<\/span><\/sup> Hlas P\u00e1n\u011b t\u0159\u00ed\u0161t\u00ed cedry,<br \/>libansk\u00e9 c<strong>e<\/strong>dry t\u0159\u00ed\u0161t\u00ed.<\/p>\n<p>&#8211; <sup>6<\/span><\/sup> Liban jak b\u00fd\u010dek hops\u00e1,<br \/>Sirjon jak ml<strong>a<\/strong>d\u00fd buvol.<\/p>\n<p>&#8211; <sup>7<\/span><\/sup> B\u016fh p\u0159emocn\u00fd to h\u0159\u00edm\u00e1,<br \/>hlas P\u00e1n\u011b s<strong>r<\/strong>\u0161\u00ed ohn\u011bm.<\/p>\n<p>&#8211; <sup>8<\/span><\/sup> Hlas P\u00e1n\u011b t\u0159ese pou\u0161t\u00ed,<br \/>P\u00e1n t\u0159ese p<strong>ou<\/strong>\u0161t\u00ed Kade\u0161.<\/p>\n<p>&#8211; <sup>9<\/span><\/sup> Hlas P\u00e1n\u011b duby sh\u00fdb\u00e1,<br \/>P\u00e1n prokles\u0165<strong>u<\/strong>je lesy.<\/p>\n<p>&#8211; <sup>10<\/span><\/sup> P\u00e1n tr\u016fnil d\u00e1vno nad potopou,<br \/>P\u00e1n tr\u016fn\u00ed jako kr<strong>\u00e1<\/strong>l v\u0161ech v\u011bk\u016f.<br \/>&#8211; P\u00e1n a\u0165 d\u00e1 sv\u00e9mu lidu s\u00edlu,<br \/>P\u00e1n a\u0165 sv\u016fj n\u00e1rod \u017e<strong>e<\/strong>hn\u00e1 m\u00edrem!<\/p>\n","protected":false},"excerpt":{"rendered":"<p>Vzd\u00e1vejte P\u00e1nu \u010dest a sl\u00e1vu. &#8211; 1 Vzd\u00e1vejte P\u00e1nu, Bo\u017e\u00ed d\u011bti,vzd\u00e1vejte P\u00e1nu \u010dest a sl\u00e1vu! &#8211; 2 Vzd\u00e1vejte poctu jm\u00e9nu P\u00e1n\u011b,kla\u0148te se P\u00e1nu ve svatyni! &#8211; 3 Hlas P\u00e1n\u011b nad vodami,P\u00e1n nad ve\u0161ker\u00fdm vodstvem. &#8211; 4 Hlas P\u00e1n\u011b s velkou moc\u00ed,hlas P\u00e1n\u011b majest\u00e1tn\u00fd. &#8211; 5 Hlas P\u00e1n\u011b t\u0159\u00ed\u0161t\u00ed cedry,libansk\u00e9 cedry t\u0159\u00ed\u0161t\u00ed. &#8211; 6 Liban jak &#8230; <a title=\"\u017dalm 29\" class=\"read-more\" href=\"https:\/\/www.texty.santegidio.cz\/?page_id=81\" aria-label=\"More on \u017dalm 29\">Read more<\/a><\/p>\n","protected":false},"author":1,"featured_media":0,"parent":29,"menu_order":0,"comment_status":"closed","ping_status":"closed","template":"","meta":{"_uag_custom_page_level_css":"","jetpack_post_was_ever_published":false,"footnotes":""},"class_list":["post-81","page","type-page","status-publish"],"uagb_featured_image_src":{"full":false,"thumbnail":false,"medium":false,"medium_large":false,"large":false,"1536x1536":false,"2048x2048":false},"uagb_author_info":{"display_name":"Pavel","author_link":"https:\/\/www.texty.santegidio.cz\/?author=1"},"uagb_comment_info":0,"uagb_excerpt":"Vzd\u00e1vejte P\u00e1nu \u010dest a sl\u00e1vu. &#8211; 1 Vzd\u00e1vejte P\u00e1nu, Bo\u017e\u00ed d\u011bti,vzd\u00e1vejte P\u00e1nu \u010dest a sl\u00e1vu! &#8211; 2 Vzd\u00e1vejte poctu jm\u00e9nu P\u00e1n\u011b,kla\u0148te se P\u00e1nu ve svatyni! &#8211; 3 Hlas P\u00e1n\u011b nad vodami,P\u00e1n nad ve\u0161ker\u00fdm vodstvem. &#8211; 4 Hlas P\u00e1n\u011b s velkou moc\u00ed,hlas P\u00e1n\u011b majest\u00e1tn\u00fd. &#8211; 5 Hlas P\u00e1n\u011b t\u0159\u00ed\u0161t\u00ed cedry,libansk\u00e9 cedry t\u0159\u00ed\u0161t\u00ed. &#8211; 6 Liban jak&hellip;","jetpack_sharing_enabled":true,"jetpack_shortlink":"https:\/\/wp.me\/PawMsT-1j","_links":{"self":[{"href":"https:\/\/www.texty.santegidio.cz\/index.php?rest_route=\/wp\/v2\/pages\/81","targetHints":{"allow":["GET"]}}],"collection":[{"href":"https:\/\/www.texty.santegidio.cz\/index.php?rest_route=\/wp\/v2\/pages"}],"about":[{"href":"https:\/\/www.texty.santegidio.cz\/index.php?rest_route=\/wp\/v2\/types\/page"}],"author":[{"embeddable":true,"href":"https:\/\/www.texty.santegidio.cz\/index.php?rest_route=\/wp\/v2\/users\/1"}],"replies":[{"embeddable":true,"href":"https:\/\/www.texty.santegidio.cz\/index.php?rest_route=%2Fwp%2Fv2%2Fcomments&post=81"}],"version-history":[{"count":1,"href":"https:\/\/www.texty.santegidio.cz\/index.php?rest_route=\/wp\/v2\/pages\/81\/revisions"}],"predecessor-version":[{"id":1251,"href":"https:\/\/www.texty.santegidio.cz\/index.php?rest_route=\/wp\/v2\/pages\/81\/revisions\/1251"}],"up":[{"embeddable":true,"href":"https:\/\/www.texty.santegidio.cz\/index.php?rest_route=\/wp\/v2\/pages\/29"}],"wp:attachment":[{"href":"https:\/\/www.texty.santegidio.cz\/index.php?rest_route=%2Fwp%2Fv2%2Fmedia&parent=81"}],"curies":[{"name":"wp","href":"https:\/\/api.w.org\/{rel}","templated":true}]}}