{"id":8,"date":"2018-10-02T09:04:34","date_gmt":"2018-10-02T07:04:34","guid":{"rendered":"http:\/\/www.texty.santegidio.cz?page_id=8"},"modified":"2019-02-08T10:07:06","modified_gmt":"2019-02-08T09:07:06","slug":"modlitba-za-cirkev","status":"publish","type":"page","link":"https:\/\/www.texty.santegidio.cz\/?page_id=8","title":{"rendered":"MODLITBA ZA C\u00cdRKEV"},"content":{"rendered":"\n<p><strong>Pozv\u00e1n\u00ed<\/strong><br\/><em>Bo\u017ee, p\u0159ij\u010f a spas n\u00e1s.<\/em><br\/>Pane, posp\u011b\u0161 n\u00e1m pom\u00e1hat.<br\/><em>Sl\u00e1va Otci i Synu i Duchu svat\u00e9mu.<\/em><br\/>Jako byla na po\u010d\u00e1tku i nyn\u00ed i v\u017edycky a na v\u011bky v\u011bk\u016f. Amen,<br\/>Aleluja.<br\/>(v dob\u011b postn\u00ed se Pozv\u00e1n\u00ed vynech\u00e1v\u00e1, zp\u00edv\u00e1 se\u00a0<a href=\"http:\/\/www.texty.santegidio.cz?page_id=641\">Postn\u00ed hymnus str. 37<\/a>)<\/p>\n\n\n\n<p><strong>Hymnus dobr\u00e9ho past\u00fd\u0159e<\/strong><br\/>Otev\u00edr\u00e1 str\u00e1\u017en\u00fd past\u00fd\u0159i,<br\/>jeho hlas ovce poslouchaj\u00ed,<br\/>vol\u00e1 ka\u017edou ove\u010dku jm\u00e9nem<br\/>a z ohrady ven je vyv\u00e1d\u00ed.<br\/>Kdy\u017e je m\u00e1 v\u0161echny svolan\u00e9,<br\/>dobr\u00fd past\u00fd\u0159 kr\u00e1\u010d\u00ed p\u0159ed nimi<br\/>a v\u0161echny ovce jdou za n\u00edm,<br\/>nebo\u0165 jeho hlas dob\u0159e znaj\u00ed.<br\/>Jdou a bloud\u00ed ovce moje<br\/>jako ovce bez past\u00fd\u0159e,<br\/>v cel\u00e9 zemi nikdo je nehled\u00e1<br\/>a nen\u00ed, kdo pe\u010doval by o n\u011b.<br\/>Ko\u0159ist\u00ed se stalo moje st\u00e1do<br\/>a drav\u00e1 zv\u011b\u0159 je po\u017e\u00edr\u00e1,<br\/>jeho pastva byla za\u0161lap\u00e1na,<br\/>jeho voda je zkalen\u00e1.<br\/>Je\u017e\u00ed\u0161 shrom\u00e1\u017ed\u011bn\u00e9mu z\u00e1stupu<br\/>\u0159\u00edk\u00e1: J\u00e1 jsem dobr\u00fd past\u00fd\u0159,<br\/>p\u0159ich\u00e1z\u00edm pro svoje st\u00e1do<br\/>a pro ka\u017ed\u00e9ho, kdo mi naslouch\u00e1.<br\/>D\u00e1v\u00e1m \u017eivot za sv\u00e9 ovce,<br\/>jsou slab\u00e9, nemocn\u00e9, ztracen\u00e9,<br\/>v jednom ov\u010dinci shrom\u00e1\u017ed\u011bn\u00e9<br\/>bude jedno st\u00e1do, jeden past\u00fd\u0159.<\/p>\n\n\n\n<p><a href=\"http:\/\/www.texty.santegidio.cz?page_id=29\"><strong>Zp\u011bv <\/strong><strong>\u017ealmu<\/strong><\/a><\/p>\n\n\n\n<p><strong>\u010cten\u00ed Bo\u017e\u00edho slova<\/strong><br\/><em>Aleluja, aleluja, aleluja.<\/em><br\/>Aleluja, aleluja, aleluja.<br\/>(V dob\u011b postn\u00ed: Chv\u00e1la Tob\u011b Kriste, Kr\u00e1li v\u011b\u010dn\u00e9 sl\u00e1vy)<br\/><br\/>J\u00e1 jsem dobr\u00fd past\u00fd\u0159,<br\/>m\u00e9 ovce mi naslouchaj\u00ed,<br\/>a budou jedn\u00edm st\u00e1dem<br\/>a jedn\u00edm ov\u010dincem.<br\/><br\/>Aleluja, aleluja, aleluja.<br\/><br\/>(\u010dten\u00ed z P\u00edsma)<br\/><br\/><em>Aleluja, aleluja, aleluja.<\/em><br\/>Aleluja, aleluja, aleluja.<br\/><br\/>Nov\u00e9 p\u0159ik\u00e1z\u00e1n\u00ed v\u00e1m d\u00e1v\u00e1m:<br\/>Milujte jeden druh\u00e9ho.<br\/><br\/>Aleluja, aleluja, aleluja.<\/p>\n\n\n\n<p><strong>Zp\u011bv p\u0159\u00edmluv<\/strong><br\/>Vysvobo\u010f z v\u011bzen\u00ed mou mysl,<br\/>abych vzd\u00e1val chv\u00e1lu Tv\u00e9mu jm\u00e9nu.<br\/><br\/>Pane, p\u0159ijmi na\u0161i modlitbu,<br\/>dej n\u00e1m odpu\u0161t\u011bn\u00ed h\u0159\u00edch\u016f,<br\/>nebo\u0165 Ty jsi sv\u011btu uk\u00e1zal<br\/>sv\u00e9 slavn\u00e9 vzk\u0159\u00ed\u0161en\u00ed.<br\/><br\/>Spravedliv\u00ed o\u010dek\u00e1vaj\u00ed,<br\/>\u017ee je napln\u00ed\u0161 svou dobrotou.<br\/><br\/>Poj\u010fte n\u00e1rody, zp\u00edvejme,<br\/>sklo\u0148me se p\u0159ed P\u00e1nem,<br\/>radostn\u011b oslavujme<br\/>jeho vzk\u0159\u00ed\u0161en\u00ed z mrtv\u00fdch.<br\/><br\/>Z hlubiny k Tob\u011b vol\u00e1m, Pane<br\/>dobrotiv\u00fd, vysly\u0161 modlitbu mou.<br\/><br\/>Poj\u010fte n\u00e1rody, zp\u00edvejme,<br\/>sklo\u0148me se p\u0159ed P\u00e1nem,<br\/>radostn\u011b oslavujme<br\/>jeho vzk\u0159\u00ed\u0161en\u00ed z mrtv\u00fdch,<br\/>nebo\u0165 On je n\u00e1\u0161 B\u016fh,<br\/>kter\u00fd sv\u011bt osvobozuje<br\/>od samoty a n\u00e1\u0159ku,<br\/>od lhan\u00ed nep\u0159\u00edtele.<\/p>\n\n\n\n<p><strong>Ot\u010de n\u00e1\u0161<\/strong><br\/>Ot\u010de n\u00e1\u0161,<br\/>jen\u017e jsi na nebes\u00edch,<br\/>posv\u011b\u0165 se jm\u00e9no tv\u00e9,<br\/>p\u0159ij\u010f kr\u00e1lovstv\u00ed tv\u00e9.<br\/>Bu\u010f v\u016fle tv\u00e1<br\/>jako v nebi, tak i na zemi.<br\/>Chl\u00e9b n\u00e1\u0161 vezdej\u0161\u00ed dej n\u00e1m dnes.<br\/>A odpus\u0165 n\u00e1m na\u0161e viny,<br\/>jako i my odpou\u0161t\u00edme na\u0161im vin\u00edk\u016fm.<br\/>A neuve\u010f n\u00e1s v poku\u0161en\u00ed,<br\/>ale zbav n\u00e1s od zl\u00e9ho.<br\/>Amen.<\/p>\n\n\n\n<p><strong>Z\u00e1v\u011bre\u010dn\u00e1 modlitba<\/strong><\/p>\n\n\n\n<p><a href=\"http:\/\/www.texty.santegidio.cz?page_id=10\"><strong>Z\u00e1v\u011bre\u010dn\u00e1 p\u00edse\u0148<\/strong><\/a><\/p>\n","protected":false},"excerpt":{"rendered":"<p>Pozv\u00e1n\u00edBo\u017ee, p\u0159ij\u010f a spas n\u00e1s.Pane, posp\u011b\u0161 n\u00e1m pom\u00e1hat.Sl\u00e1va Otci i Synu i Duchu svat\u00e9mu.Jako byla na po\u010d\u00e1tku i nyn\u00ed i v\u017edycky a na v\u011bky v\u011bk\u016f. Amen,Aleluja.(v dob\u011b postn\u00ed se Pozv\u00e1n\u00ed vynech\u00e1v\u00e1, zp\u00edv\u00e1 se\u00a0Postn\u00ed hymnus str. 37) Hymnus dobr\u00e9ho past\u00fd\u0159eOtev\u00edr\u00e1 str\u00e1\u017en\u00fd past\u00fd\u0159i,jeho hlas ovce poslouchaj\u00ed,vol\u00e1 ka\u017edou ove\u010dku jm\u00e9nema z ohrady ven je vyv\u00e1d\u00ed.Kdy\u017e je m\u00e1 v\u0161echny &#8230; <a title=\"MODLITBA ZA C\u00cdRKEV\" class=\"read-more\" href=\"https:\/\/www.texty.santegidio.cz\/?page_id=8\" aria-label=\"More on MODLITBA ZA C\u00cdRKEV\">Read more<\/a><\/p>\n","protected":false},"author":1,"featured_media":0,"parent":43,"menu_order":0,"comment_status":"closed","ping_status":"closed","template":"","meta":{"_uag_custom_page_level_css":"","jetpack_post_was_ever_published":false,"footnotes":""},"class_list":["post-8","page","type-page","status-publish"],"uagb_featured_image_src":{"full":false,"thumbnail":false,"medium":false,"medium_large":false,"large":false,"1536x1536":false,"2048x2048":false},"uagb_author_info":{"display_name":"Pavel","author_link":"https:\/\/www.texty.santegidio.cz\/?author=1"},"uagb_comment_info":0,"uagb_excerpt":"Pozv\u00e1n\u00edBo\u017ee, p\u0159ij\u010f a spas n\u00e1s.Pane, posp\u011b\u0161 n\u00e1m pom\u00e1hat.Sl\u00e1va Otci i Synu i Duchu svat\u00e9mu.Jako byla na po\u010d\u00e1tku i nyn\u00ed i v\u017edycky a na v\u011bky v\u011bk\u016f. Amen,Aleluja.(v dob\u011b postn\u00ed se Pozv\u00e1n\u00ed vynech\u00e1v\u00e1, zp\u00edv\u00e1 se\u00a0Postn\u00ed hymnus str. 37) Hymnus dobr\u00e9ho past\u00fd\u0159eOtev\u00edr\u00e1 str\u00e1\u017en\u00fd past\u00fd\u0159i,jeho hlas ovce poslouchaj\u00ed,vol\u00e1 ka\u017edou ove\u010dku jm\u00e9nema z ohrady ven je vyv\u00e1d\u00ed.Kdy\u017e je m\u00e1 v\u0161echny&hellip;","jetpack_sharing_enabled":true,"jetpack_shortlink":"https:\/\/wp.me\/PawMsT-8","_links":{"self":[{"href":"https:\/\/www.texty.santegidio.cz\/index.php?rest_route=\/wp\/v2\/pages\/8","targetHints":{"allow":["GET"]}}],"collection":[{"href":"https:\/\/www.texty.santegidio.cz\/index.php?rest_route=\/wp\/v2\/pages"}],"about":[{"href":"https:\/\/www.texty.santegidio.cz\/index.php?rest_route=\/wp\/v2\/types\/page"}],"author":[{"embeddable":true,"href":"https:\/\/www.texty.santegidio.cz\/index.php?rest_route=\/wp\/v2\/users\/1"}],"replies":[{"embeddable":true,"href":"https:\/\/www.texty.santegidio.cz\/index.php?rest_route=%2Fwp%2Fv2%2Fcomments&post=8"}],"version-history":[{"count":1,"href":"https:\/\/www.texty.santegidio.cz\/index.php?rest_route=\/wp\/v2\/pages\/8\/revisions"}],"predecessor-version":[{"id":1394,"href":"https:\/\/www.texty.santegidio.cz\/index.php?rest_route=\/wp\/v2\/pages\/8\/revisions\/1394"}],"up":[{"embeddable":true,"href":"https:\/\/www.texty.santegidio.cz\/index.php?rest_route=\/wp\/v2\/pages\/43"}],"wp:attachment":[{"href":"https:\/\/www.texty.santegidio.cz\/index.php?rest_route=%2Fwp%2Fv2%2Fmedia&parent=8"}],"curies":[{"name":"wp","href":"https:\/\/api.w.org\/{rel}","templated":true}]}}