{"id":79,"date":"2018-12-12T10:15:04","date_gmt":"2018-12-12T09:15:04","guid":{"rendered":"http:\/\/www.texty.santegidio.cz?page_id=79"},"modified":"2018-12-12T10:15:05","modified_gmt":"2018-12-12T09:15:05","slug":"zalm-27","status":"publish","type":"page","link":"https:\/\/www.texty.santegidio.cz\/?page_id=79","title":{"rendered":"\u017dalm 27"},"content":{"rendered":"<p>Neukr\u00fdvej mi svou tv\u00e1\u0159, Pane.<\/p>\n<p>&#8211; <sup>1<\/span><\/sup> P\u00e1n je m\u00e9 sv\u011btlo a sp\u00e1sa,<br \/>koho m<strong>\u011b<\/strong>l bych se b\u00e1t,<br \/>&#8211; P\u00e1n je z\u00e1\u0161tita pro m\u016fj \u017eivot,<br \/>p\u0159<strong>e<\/strong>d k\u00fdm se t\u0159\u00e1st?<\/p>\n<p>&#8211; <sup>2<\/span><\/sup> Kdy\u017e se na mne zlo\u010dinci vrhnou a cht\u011bj\u00ed m\u011b dr\u00e1sat,<br \/>sami, ti zavil\u00ed nep\u0159\u00e1tel\u00e9, klop<strong>\u00fd<\/strong>tnou k p\u00e1du.<\/p>\n<p>&#8211; <sup>3<\/span><\/sup> I kdy\u017e m\u011b obkl\u00ed\u010d\u00ed vojskem,<br \/>m\u00e9 srdce se n<strong>e<\/strong>vyd\u011bs\u00ed,<br \/>&#8211; i kdyby zvedli proti mn\u011b v\u00e1lku,<br \/>v d\u016fv<strong>\u011b<\/strong>\u0159e trv\u00e1m.<\/p>\n<p>= <sup>4<\/span><\/sup> Jen jedno jedin\u00e9 na P\u00e1nu \u017e\u00e1d\u00e1m,\u2020<br \/>po jednom tou\u017e\u00edm:<br \/>abych sm\u011bl v P\u00e1nov\u011b dom\u011b p\u0159eb\u00fdvat po c<strong>e<\/strong>l\u00fd \u017eivot,<br \/>&#8211; na jeho dobrotu pat\u0159it,<br \/>z n\u011bho se ve chr<strong>\u00e1<\/strong>m\u011b t\u011b\u0161it.<\/p>\n<p>&#8211; <sup>5<\/span><\/sup> V\u017edy\u0165 on v \u010das nouze m\u011b bezpe\u010dn\u011b skryje<br \/>v sv\u00e9m posv<strong>\u00e1<\/strong>tn\u00e9m dom\u011b,<br \/>&#8211; ve sv\u00e9m stanu m\u011b za\u0161t\u00edt\u00ed,<br \/>na svou h<strong>o<\/strong>ru m\u011b zdvihne.<\/p>\n<p>&#8211; <sup>6<\/span><\/sup> Nad sv\u00e9 odp\u016frce v\u016fkol te\u010f vysoko pozved\u00e1m hlavu,<br \/>do jeho st\u00e1nku s j\u00e1sotem p\u0159in\u00e1\u0161\u00edm d\u011bk<strong>o<\/strong>vnou ob\u011b\u0165,<br \/>&#8211; P\u00e1nu zde budu radostn\u011b zp\u00edvat<br \/>a k <strong>o<\/strong>slav\u011b hr\u00e1t.<\/p>\n<p>&#8211; <sup>7<\/span><\/sup> Sly\u0161 m\u00e9 hlasit\u00e9 vol\u00e1n\u00ed, Pane,<br \/>vysly\u0161 m\u011b, smiluj s<strong>e<\/strong> nade mnou!<\/p>\n<p>&#8211; <sup>8<\/span><\/sup> V srdci m\u00e1m tvoje p\u0159ik\u00e1z\u00e1n\u00ed:<br \/>&bdquo;Hledejte tv\u00e1\u0159 mou!&ldquo; &#8211; a hl<strong>e<\/strong>d\u00e1m tvou tv\u00e1\u0159.<\/p>\n<p>&#8211; <sup>9<\/span><\/sup> Proto svou tv\u00e1\u0159 mi neukr\u00fdvej,<br \/>v\u011brn\u00e9mu sv\u00e9mu se nevzd<strong>a<\/strong>luj s hn\u011bvem.<br \/>&#8211; Tys byl m\u00e1 pomoc, neodm\u00edtej m\u011b,<br \/>neopus\u0165, Bo\u017ee m<strong>\u00e9<\/strong> z\u00e1chrany!<\/p>\n<p>&#8211; <sup>10<\/span><\/sup> Kdyby m\u011b opustil otec i matka,<br \/>p\u0159ijme m\u011b pod svou <strong>o<\/strong>chranu P\u00e1n.<\/p>\n<p>&#8211; <sup>11<\/span><\/sup> Uka\u017e mi, Pane, svou cestu a ve\u010f mne<br \/>navzdory odp\u016frc\u016fm po c<strong>e<\/strong>st\u011b p\u0159\u00edm\u00e9.<\/p>\n<p>= <sup>12<\/span><\/sup> Nenech m\u011b napospas nep\u0159\u00e1tel\u016fm,\u2020<br \/>kdy\u017e stoj\u00ed proti mn\u011b fale\u0161n\u00ed sv\u011bdci,<br \/>v z\u00e1\u0161t\u00ed mi hr<strong>o<\/strong>z\u00ed z\u00e1hubou.<\/p>\n<p>&#8211; <sup>13<\/span><\/sup> Jistotn\u011b douf\u00e1m v dobrotu P\u00e1n\u011b,<br \/>spat\u0159\u00edm ji v z<strong>e<\/strong>mi \u017eij\u00edc\u00edch.<\/p>\n<p>&#8211; <sup>14<\/span><\/sup> Na P\u00e1na hle\u010f a z\u016fsta\u0148 siln\u00fd,<br \/>s pevnou mysl\u00ed n<strong>a<\/strong> P\u00e1na hle\u010f!<\/p>\n","protected":false},"excerpt":{"rendered":"<p>Neukr\u00fdvej mi svou tv\u00e1\u0159, Pane. &#8211; 1 P\u00e1n je m\u00e9 sv\u011btlo a sp\u00e1sa,koho m\u011bl bych se b\u00e1t,&#8211; P\u00e1n je z\u00e1\u0161tita pro m\u016fj \u017eivot,p\u0159ed k\u00fdm se t\u0159\u00e1st? &#8211; 2 Kdy\u017e se na mne zlo\u010dinci vrhnou a cht\u011bj\u00ed m\u011b dr\u00e1sat,sami, ti zavil\u00ed nep\u0159\u00e1tel\u00e9, klop\u00fdtnou k p\u00e1du. &#8211; 3 I kdy\u017e m\u011b obkl\u00ed\u010d\u00ed vojskem,m\u00e9 srdce se nevyd\u011bs\u00ed,&#8211; i &#8230; <a title=\"\u017dalm 27\" class=\"read-more\" href=\"https:\/\/www.texty.santegidio.cz\/?page_id=79\" aria-label=\"More on \u017dalm 27\">Read more<\/a><\/p>\n","protected":false},"author":1,"featured_media":0,"parent":29,"menu_order":0,"comment_status":"closed","ping_status":"closed","template":"","meta":{"_uag_custom_page_level_css":"","jetpack_post_was_ever_published":false,"footnotes":""},"class_list":["post-79","page","type-page","status-publish"],"uagb_featured_image_src":{"full":false,"thumbnail":false,"medium":false,"medium_large":false,"large":false,"1536x1536":false,"2048x2048":false},"uagb_author_info":{"display_name":"Pavel","author_link":"https:\/\/www.texty.santegidio.cz\/?author=1"},"uagb_comment_info":0,"uagb_excerpt":"Neukr\u00fdvej mi svou tv\u00e1\u0159, Pane. &#8211; 1 P\u00e1n je m\u00e9 sv\u011btlo a sp\u00e1sa,koho m\u011bl bych se b\u00e1t,&#8211; P\u00e1n je z\u00e1\u0161tita pro m\u016fj \u017eivot,p\u0159ed k\u00fdm se t\u0159\u00e1st? &#8211; 2 Kdy\u017e se na mne zlo\u010dinci vrhnou a cht\u011bj\u00ed m\u011b dr\u00e1sat,sami, ti zavil\u00ed nep\u0159\u00e1tel\u00e9, klop\u00fdtnou k p\u00e1du. &#8211; 3 I kdy\u017e m\u011b obkl\u00ed\u010d\u00ed vojskem,m\u00e9 srdce se nevyd\u011bs\u00ed,&#8211; i&hellip;","jetpack_sharing_enabled":true,"jetpack_shortlink":"https:\/\/wp.me\/PawMsT-1h","_links":{"self":[{"href":"https:\/\/www.texty.santegidio.cz\/index.php?rest_route=\/wp\/v2\/pages\/79","targetHints":{"allow":["GET"]}}],"collection":[{"href":"https:\/\/www.texty.santegidio.cz\/index.php?rest_route=\/wp\/v2\/pages"}],"about":[{"href":"https:\/\/www.texty.santegidio.cz\/index.php?rest_route=\/wp\/v2\/types\/page"}],"author":[{"embeddable":true,"href":"https:\/\/www.texty.santegidio.cz\/index.php?rest_route=\/wp\/v2\/users\/1"}],"replies":[{"embeddable":true,"href":"https:\/\/www.texty.santegidio.cz\/index.php?rest_route=%2Fwp%2Fv2%2Fcomments&post=79"}],"version-history":[{"count":1,"href":"https:\/\/www.texty.santegidio.cz\/index.php?rest_route=\/wp\/v2\/pages\/79\/revisions"}],"predecessor-version":[{"id":1249,"href":"https:\/\/www.texty.santegidio.cz\/index.php?rest_route=\/wp\/v2\/pages\/79\/revisions\/1249"}],"up":[{"embeddable":true,"href":"https:\/\/www.texty.santegidio.cz\/index.php?rest_route=\/wp\/v2\/pages\/29"}],"wp:attachment":[{"href":"https:\/\/www.texty.santegidio.cz\/index.php?rest_route=%2Fwp%2Fv2%2Fmedia&parent=79"}],"curies":[{"name":"wp","href":"https:\/\/api.w.org\/{rel}","templated":true}]}}