{"id":76,"date":"2018-12-12T10:15:04","date_gmt":"2018-12-12T09:15:04","guid":{"rendered":"http:\/\/www.texty.santegidio.cz?page_id=76"},"modified":"2018-12-12T10:15:05","modified_gmt":"2018-12-12T09:15:05","slug":"zalm-24","status":"publish","type":"page","link":"https:\/\/www.texty.santegidio.cz\/?page_id=76","title":{"rendered":"\u017dalm 24"},"content":{"rendered":"<p>Ty, Pane, jsi kr\u00e1l v\u011b\u010dn\u00e9 sl\u00e1vy.<\/p>\n<p>&#8211; <sup>1<\/span><\/sup> P\u00e1nu zem pat\u0159\u00ed se v\u0161\u00edm, co nese,<br \/>jeho je sv\u011bt i v\u0161e, c<strong>o<\/strong> v n\u011bm \u017eije.<\/p>\n<p>&#8211; <sup>2<\/span><\/sup> S\u00e1m jej zalo\u017eil nad oce\u00e1ny,<br \/>upevnil nad tekouc<strong>\u00ed<\/strong>mi proudy.<\/p>\n<p>&#8211; <sup>3<\/span><\/sup> Kdo sm\u00ed vstoupit na horu P\u00e1n\u011b,<br \/>stanout na jeho sv<strong>a<\/strong>t\u00e9m m\u00edst\u011b?<\/p>\n<p>&#8211; <sup>4<\/span><\/sup> Ten, kdo m\u00e1 \u010dist\u00e9 ruce i srdce,<br \/>neklame, nep\u0159\u00eds<strong>a<\/strong>h\u00e1 k\u0159iv\u011b.<\/p>\n<p>&#8211; <sup>5<\/span><\/sup> Dostane od P\u00e1na po\u017eehn\u00e1n\u00ed,<br \/>u Boha Zachr\u00e1nce nal<strong>e<\/strong>zne pomoc.<\/p>\n<p>&#8211; <sup>6<\/span><\/sup> To je rod t\u011bch, kdo hledaj\u00ed P\u00e1na,<br \/>hledaj\u00ed tv\u00e1\u0159 Boha J<strong>\u00e1<\/strong>kobova.<\/p>\n<p>= <sup>7<\/span><\/sup> Zvy\u0161te se je\u0161t\u011b, vy br\u00e1ny,\u2020<br \/>zv\u011bt\u0161te se, prad\u00e1vn\u00e9 vjezdy,<br \/>pro p\u0159\u00edchod slavn<strong>\u00e9<\/strong>ho kr\u00e1le!<\/p>\n<p>= <sup>8<\/span><\/sup> &bdquo;Kdo je ten kr\u00e1l tak slavn\u00fd?&ldquo;\u2020<br \/>&#8211; P\u00e1n, jen\u017e je siln\u00fd a mocn\u00fd,<br \/>P\u00e1n, kter\u00fd m<strong>o<\/strong>cn\u00fd je v boji.<\/p>\n<p>= <sup>9<\/span><\/sup> Zvy\u0161te se je\u0161t\u011b, vy br\u00e1ny,\u2020<br \/>zv\u011bt\u0161te se, prad\u00e1vn\u00e9 vjezdy,<br \/>pro p\u0159\u00edchod slavn<strong>\u00e9<\/strong>ho kr\u00e1le!<\/p>\n<p>= <sup>10<\/span><\/sup> &bdquo;Kdo je ten kr\u00e1l tak slavn\u00fd?&ldquo;\u2020<br \/>&#8211; On, P\u00e1n z\u00e1stup\u016f v\u011b\u010dn\u00fdch,<br \/>on, kr\u00e1l v<strong>\u011b<\/strong>\u010dn\u00e9 sl\u00e1vy!<\/p>\n","protected":false},"excerpt":{"rendered":"<p>Ty, Pane, jsi kr\u00e1l v\u011b\u010dn\u00e9 sl\u00e1vy. &#8211; 1 P\u00e1nu zem pat\u0159\u00ed se v\u0161\u00edm, co nese,jeho je sv\u011bt i v\u0161e, co v n\u011bm \u017eije. &#8211; 2 S\u00e1m jej zalo\u017eil nad oce\u00e1ny,upevnil nad tekouc\u00edmi proudy. &#8211; 3 Kdo sm\u00ed vstoupit na horu P\u00e1n\u011b,stanout na jeho svat\u00e9m m\u00edst\u011b? &#8211; 4 Ten, kdo m\u00e1 \u010dist\u00e9 ruce i srdce,neklame, nep\u0159\u00edsah\u00e1 &#8230; <a title=\"\u017dalm 24\" class=\"read-more\" href=\"https:\/\/www.texty.santegidio.cz\/?page_id=76\" aria-label=\"More on \u017dalm 24\">Read more<\/a><\/p>\n","protected":false},"author":1,"featured_media":0,"parent":29,"menu_order":0,"comment_status":"closed","ping_status":"closed","template":"","meta":{"_uag_custom_page_level_css":"","jetpack_post_was_ever_published":false,"footnotes":""},"class_list":["post-76","page","type-page","status-publish"],"uagb_featured_image_src":{"full":false,"thumbnail":false,"medium":false,"medium_large":false,"large":false,"1536x1536":false,"2048x2048":false},"uagb_author_info":{"display_name":"Pavel","author_link":"https:\/\/www.texty.santegidio.cz\/?author=1"},"uagb_comment_info":0,"uagb_excerpt":"Ty, Pane, jsi kr\u00e1l v\u011b\u010dn\u00e9 sl\u00e1vy. &#8211; 1 P\u00e1nu zem pat\u0159\u00ed se v\u0161\u00edm, co nese,jeho je sv\u011bt i v\u0161e, co v n\u011bm \u017eije. &#8211; 2 S\u00e1m jej zalo\u017eil nad oce\u00e1ny,upevnil nad tekouc\u00edmi proudy. &#8211; 3 Kdo sm\u00ed vstoupit na horu P\u00e1n\u011b,stanout na jeho svat\u00e9m m\u00edst\u011b? &#8211; 4 Ten, kdo m\u00e1 \u010dist\u00e9 ruce i srdce,neklame, nep\u0159\u00edsah\u00e1&hellip;","jetpack_sharing_enabled":true,"jetpack_shortlink":"https:\/\/wp.me\/PawMsT-1e","_links":{"self":[{"href":"https:\/\/www.texty.santegidio.cz\/index.php?rest_route=\/wp\/v2\/pages\/76","targetHints":{"allow":["GET"]}}],"collection":[{"href":"https:\/\/www.texty.santegidio.cz\/index.php?rest_route=\/wp\/v2\/pages"}],"about":[{"href":"https:\/\/www.texty.santegidio.cz\/index.php?rest_route=\/wp\/v2\/types\/page"}],"author":[{"embeddable":true,"href":"https:\/\/www.texty.santegidio.cz\/index.php?rest_route=\/wp\/v2\/users\/1"}],"replies":[{"embeddable":true,"href":"https:\/\/www.texty.santegidio.cz\/index.php?rest_route=%2Fwp%2Fv2%2Fcomments&post=76"}],"version-history":[{"count":1,"href":"https:\/\/www.texty.santegidio.cz\/index.php?rest_route=\/wp\/v2\/pages\/76\/revisions"}],"predecessor-version":[{"id":1246,"href":"https:\/\/www.texty.santegidio.cz\/index.php?rest_route=\/wp\/v2\/pages\/76\/revisions\/1246"}],"up":[{"embeddable":true,"href":"https:\/\/www.texty.santegidio.cz\/index.php?rest_route=\/wp\/v2\/pages\/29"}],"wp:attachment":[{"href":"https:\/\/www.texty.santegidio.cz\/index.php?rest_route=%2Fwp%2Fv2%2Fmedia&parent=76"}],"curies":[{"name":"wp","href":"https:\/\/api.w.org\/{rel}","templated":true}]}}