{"id":75,"date":"2018-12-12T10:15:04","date_gmt":"2018-12-12T09:15:04","guid":{"rendered":"http:\/\/www.texty.santegidio.cz?page_id=75"},"modified":"2018-12-12T10:15:05","modified_gmt":"2018-12-12T09:15:05","slug":"zalm-23","status":"publish","type":"page","link":"https:\/\/www.texty.santegidio.cz\/?page_id=75","title":{"rendered":"\u017dalm 23"},"content":{"rendered":"<p>P\u00e1n je m\u016fj past\u00fd\u0159, nem\u00e1m v ni\u010dem nouzi.<\/p>\n<p>= <sup>1<\/span><\/sup> P\u00e1n je m\u016fj past\u00fd\u0159: nem\u00e1m v ni\u010dem nouzi.\u2020<br \/><sup>2<\/span><\/sup> Na tich\u00e9, sv\u011b\u017e\u00ed pastviny m\u011b vod\u00ed,<br \/>k pramen\u016fm, kde si mohu <strong>o<\/strong>dpo\u010dinout.<\/p>\n<p>&#8211; <sup>3<\/span><\/sup> M\u00e9 du\u0161i d\u00e1v\u00e1 sv\u011b\u017eest, prov\u00e1z\u00ed m\u011b<br \/>po spr\u00e1vn\u00fdch cest\u00e1ch, v\u011bren sv<strong>\u00e9<\/strong>mu jm\u00e9nu.<\/p>\n<p>= <sup>4<\/span><\/sup> I kdybych ve\u0161el do rokliny temnot,\u2020<br \/>zl\u00e9ho se ned\u011bs\u00edm: v\u017edy\u0165 ty jsi se mnou.<br \/>Tv\u00e1 h\u016fl a kyj jsou pro mn<strong>e<\/strong> ochranou.<\/p>\n<p>&#8211; <sup>5<\/span><\/sup> P\u0159ed o\u010dima m\u00fdch nep\u0159\u00e1tel<br \/>k j\u00eddlu m<strong>i<\/strong> prost\u00edr\u00e1\u0161,<br \/>&#8211; hlavu mi ma\u017ee\u0161 olejem,<br \/>m\u00e1 \u010d<strong>\u00ed<\/strong>\u0161e p\u0159et\u00e9k\u00e1.<\/p>\n<p>&#8211; <sup>6<\/span><\/sup> \u0160t\u011bst\u00ed a p\u0159\u00edze\u0148 u mne jsou,<br \/>a\u017e p<strong>o<\/strong>kud budu \u017e\u00edt,<br \/>&#8211; v P\u00e1nov\u011b dom\u011b p\u0159eb\u00fdv\u00e1m<br \/>do \u010d<strong>a<\/strong>s\u016f nejzaz\u0161\u00edch.<\/p>\n","protected":false},"excerpt":{"rendered":"<p>P\u00e1n je m\u016fj past\u00fd\u0159, nem\u00e1m v ni\u010dem nouzi. = 1 P\u00e1n je m\u016fj past\u00fd\u0159: nem\u00e1m v ni\u010dem nouzi.\u20202 Na tich\u00e9, sv\u011b\u017e\u00ed pastviny m\u011b vod\u00ed,k pramen\u016fm, kde si mohu odpo\u010dinout. &#8211; 3 M\u00e9 du\u0161i d\u00e1v\u00e1 sv\u011b\u017eest, prov\u00e1z\u00ed m\u011bpo spr\u00e1vn\u00fdch cest\u00e1ch, v\u011bren sv\u00e9mu jm\u00e9nu. = 4 I kdybych ve\u0161el do rokliny temnot,\u2020zl\u00e9ho se ned\u011bs\u00edm: v\u017edy\u0165 ty jsi &#8230; <a title=\"\u017dalm 23\" class=\"read-more\" href=\"https:\/\/www.texty.santegidio.cz\/?page_id=75\" aria-label=\"More on \u017dalm 23\">Read more<\/a><\/p>\n","protected":false},"author":1,"featured_media":0,"parent":29,"menu_order":0,"comment_status":"closed","ping_status":"closed","template":"","meta":{"_uag_custom_page_level_css":"","jetpack_post_was_ever_published":false,"footnotes":""},"class_list":["post-75","page","type-page","status-publish"],"uagb_featured_image_src":{"full":false,"thumbnail":false,"medium":false,"medium_large":false,"large":false,"1536x1536":false,"2048x2048":false},"uagb_author_info":{"display_name":"Pavel","author_link":"https:\/\/www.texty.santegidio.cz\/?author=1"},"uagb_comment_info":0,"uagb_excerpt":"P\u00e1n je m\u016fj past\u00fd\u0159, nem\u00e1m v ni\u010dem nouzi. = 1 P\u00e1n je m\u016fj past\u00fd\u0159: nem\u00e1m v ni\u010dem nouzi.\u20202 Na tich\u00e9, sv\u011b\u017e\u00ed pastviny m\u011b vod\u00ed,k pramen\u016fm, kde si mohu odpo\u010dinout. &#8211; 3 M\u00e9 du\u0161i d\u00e1v\u00e1 sv\u011b\u017eest, prov\u00e1z\u00ed m\u011bpo spr\u00e1vn\u00fdch cest\u00e1ch, v\u011bren sv\u00e9mu jm\u00e9nu. = 4 I kdybych ve\u0161el do rokliny temnot,\u2020zl\u00e9ho se ned\u011bs\u00edm: v\u017edy\u0165 ty jsi&hellip;","jetpack_sharing_enabled":true,"jetpack_shortlink":"https:\/\/wp.me\/PawMsT-1d","_links":{"self":[{"href":"https:\/\/www.texty.santegidio.cz\/index.php?rest_route=\/wp\/v2\/pages\/75","targetHints":{"allow":["GET"]}}],"collection":[{"href":"https:\/\/www.texty.santegidio.cz\/index.php?rest_route=\/wp\/v2\/pages"}],"about":[{"href":"https:\/\/www.texty.santegidio.cz\/index.php?rest_route=\/wp\/v2\/types\/page"}],"author":[{"embeddable":true,"href":"https:\/\/www.texty.santegidio.cz\/index.php?rest_route=\/wp\/v2\/users\/1"}],"replies":[{"embeddable":true,"href":"https:\/\/www.texty.santegidio.cz\/index.php?rest_route=%2Fwp%2Fv2%2Fcomments&post=75"}],"version-history":[{"count":1,"href":"https:\/\/www.texty.santegidio.cz\/index.php?rest_route=\/wp\/v2\/pages\/75\/revisions"}],"predecessor-version":[{"id":1245,"href":"https:\/\/www.texty.santegidio.cz\/index.php?rest_route=\/wp\/v2\/pages\/75\/revisions\/1245"}],"up":[{"embeddable":true,"href":"https:\/\/www.texty.santegidio.cz\/index.php?rest_route=\/wp\/v2\/pages\/29"}],"wp:attachment":[{"href":"https:\/\/www.texty.santegidio.cz\/index.php?rest_route=%2Fwp%2Fv2%2Fmedia&parent=75"}],"curies":[{"name":"wp","href":"https:\/\/api.w.org\/{rel}","templated":true}]}}