{"id":74,"date":"2018-12-12T10:15:04","date_gmt":"2018-12-12T09:15:04","guid":{"rendered":"http:\/\/www.texty.santegidio.cz?page_id=74"},"modified":"2018-12-12T10:15:05","modified_gmt":"2018-12-12T09:15:05","slug":"zalm-22","status":"publish","type":"page","link":"https:\/\/www.texty.santegidio.cz\/?page_id=74","title":{"rendered":"\u017dalm 22"},"content":{"rendered":"<p>Je\u017e\u00ed\u0161i, tys zakusil bolest, ty zn\u00e1\u0161 utrpen\u00ed.<\/p>\n<p>&#8211; <sup>2<\/span><\/sup> Bo\u017ee, m\u016fj Bo\u017ee, pro\u010ds m\u011b opustil?<br \/>Tak vzd\u00e1len jsi m\u00fdm n\u00e1\u0159k\u016fm <strong>a<\/strong> m\u00fdm prosb\u00e1m!<\/p>\n<p>&#8211; <sup>3<\/span><\/sup> M\u016fj Bo\u017ee, vol\u00e1m za dne &#8211; neodpov\u00ed\u0161,<br \/>za noci &#8211; nedoch\u00e1z\u00edm <strong>u<\/strong>ti\u0161en\u00ed.<\/p>\n<p>&#8211; <sup>4<\/span><\/sup> Ty v\u0161ak jsi svat\u00fd, ve svatyni s\u00eddl\u00ed\u0161,<br \/>ve chvalozp\u011bvech Izra<strong>e<\/strong>le trv\u00e1\u0161.<\/p>\n<p>&#8211; <sup>5<\/span><\/sup> Otcov\u00e9 na\u0161i doufali jen v tebe,<br \/>doufali v tebe, tys je v<strong>y<\/strong>svobodil;<\/p>\n<p>&#8211; <sup>6<\/span><\/sup> volali k tob\u011b, byli zachr\u00e1n\u011bni,<br \/>doufali v tebe, neup<strong>a<\/strong>dli v hanbu.<\/p>\n<p>&#8211; <sup>7<\/span><\/sup> J\u00e1 v\u0161ak jsem u\u017e jen \u010derv, ne ani \u010dlov\u011bk,<br \/>pro posm\u011bch lidem, davu k p<strong>o<\/strong>hrd\u00e1n\u00ed.<\/p>\n<p>&#8211; <sup>8<\/span><\/sup> V\u0161ichni, kdo na m\u011b hled\u00ed, se mi sm\u011bj\u00ed,<br \/>rty se\u0161klebuj\u00ed, pot\u0159\u00e1s<strong>a<\/strong>j\u00ed hlavou:<\/p>\n<p>&#8211; <sup>9<\/span><\/sup> &bdquo;Sv\u011b\u0159il se P\u00e1nu &#8211; a\u0165 ho vysvobod\u00ed;<br \/>a\u0165 ho te\u010f zachr\u00e1n\u00ed, kdy\u017e h<strong>o<\/strong> m\u00e1 v l\u00e1sce.&ldquo;<\/p>\n<p>&#8211; <sup>10<\/span><\/sup> V\u017edy\u0165 jenom tys m\u011b vyvedl u\u017e z l\u016fna,<br \/>tys mi dal \u00fakryt na mat\u010d<strong>i<\/strong>n\u00fdch prsou,<\/p>\n<p>&#8211; <sup>11<\/span><\/sup> na tebe odk\u00e1z\u00e1n jsem od narozen\u00ed,<br \/>jen tys m\u016fj B\u016fh u\u017e od mat\u010d<strong>i<\/strong>na kl\u00edna.<\/p>\n<p>&#8211; <sup>12<\/span><\/sup> Nevzdaluj se mi, kdy\u017e se bl\u00ed\u017e\u00ed muka,<br \/>a nikde nikdo, <strong>a<\/strong>by pomohl!<\/p>\n<p>&#8211; <sup>13<\/span><\/sup> Obklopuje m\u011b mno\u017estv\u00ed b\u00fdk\u016f,<br \/>ba\u0161an\u0161t\u00ed tu\u0159i s<strong>e<\/strong>v\u0159eli m\u011b,<\/p>\n<p>&#8211; <sup>14<\/span><\/sup> sv\u00e9 ch\u0159t\u00e1ny na m\u011b otv\u00edraj\u00ed<br \/>jako lvi krvel<strong>a<\/strong>\u010dn\u011b \u0159vouc\u00ed.<\/p>\n<p>&#8211; <sup>15<\/span><\/sup> Cel\u00fd se rozt\u00e9k\u00e1m jak voda,<br \/>kosti se ve mn\u011b r<strong>o<\/strong>zpojuj\u00ed<br \/>&#8211; a moje srdce jako z vosku<br \/>rozpou\u0161t\u00ed se mi <strong>u<\/strong>vnit\u0159 t\u011bla.<\/p>\n<p>= <sup>16<\/span><\/sup> Hrdlo u\u017e jako st\u0159ep m\u00e1m vyschl\u00e9\u2020<br \/>a jazyk na patro se lep\u00ed,<br \/>do prachu smrti js<strong>i<\/strong> m\u011b vrhl.<\/p>\n<p>&#8211; <sup>17<\/span><\/sup> Sme\u010dka zl\u00fdch ps\u016f m\u011b obkli\u010duje,<br \/>zlo\u010dinn\u00e1 tlupa st<strong>o<\/strong>j\u00ed kolem.<\/p>\n<p>= <sup>18<\/span><\/sup> Ruce mi pro\u0165ali i nohy,\u2020<br \/>v\u0161echny sv\u00e9 kosti mohu spo\u010d\u00edst,<br \/>a oni na mne kr<strong>u<\/strong>t\u011b civ\u00ed.<\/p>\n<p>&#8211; <sup>19<\/span><\/sup> Rozd\u011bluj\u00ed si moje \u0161aty,<br \/>metaj\u00ed kostky <strong>o<\/strong> m\u016fj od\u011bv.<\/p>\n<p>&#8211; <sup>20<\/span><\/sup> Ty, Pane, v\u0161ak mi nebu\u010f vzd\u00e1len!<br \/>Ty mi p\u0159ij\u010f na p<strong>o<\/strong>moc, m\u00e1 s\u00edlo!<\/p>\n<p>&#8211; <sup>21<\/span><\/sup> Zpod me\u010de vytrhni mou du\u0161i<br \/>a z dr\u00e1p\u016f l\u00edt\u00fdch ps<strong>\u016f<\/strong> m\u016fj \u017eivot!<\/p>\n<p>= <sup>22<\/span><\/sup> Ze lv\u00edho ch\u0159t\u00e1nu vysvobo\u010f m\u011b\u2020<br \/>a zachra\u0148 p\u0159ed tu\u0159\u00edmi rohy!<br \/>Vysly\u0161 m\u011b, vysly\u0161 <strong>u<\/strong>boh\u00e9ho!<\/p>\n<p>&#8211; <sup>23<\/span><\/sup> Vypr\u00e1v\u011bt budu o tob\u011b sv\u00fdm brat\u0159\u00edm,<br \/>ve shrom\u00e1\u017ed\u011bn\u00ed vel<strong>e<\/strong>bit t\u011b budu.<\/p>\n<p>= <sup>24<\/span><\/sup> Kdo boj\u00edte se P\u00e1na, velebte jej,\u2020<br \/>slavte jej v\u0161ichni z J\u00e1kobova kmene,<br \/>chv\u011bjte se p\u0159ed n\u00edm, d\u011bti <strong>I<\/strong>zraele!<\/p>\n<p>&#8211; <sup>25<\/span><\/sup> Proto\u017ee nepohrdl pon\u00ed\u017een\u00fdm,<br \/>nezo\u0161klivil si b\u00eddu n<strong>e<\/strong>bo\u017e\u00e1ka,<br \/>&#8211; tv\u00e1\u0159 p\u0159ed n\u00edm neskryl, ale vysly\u0161el ho,<br \/>kdy\u017e k n\u011bmu v b\u00edd\u011b <strong>\u00fa<\/strong>p\u011bl o pomoc.<\/p>\n<p>&#8211; <sup>26<\/span><\/sup> Tys c\u00edl m\u00e9 chv\u00e1ly v shrom\u00e1\u017ed\u011bn\u00e9 obci,<br \/>sv\u00e9 sliby pln\u00edm p\u0159ed ctit<strong>e<\/strong>li P\u00e1n\u011b:<\/p>\n<p>= <sup>27<\/span><\/sup> Chudobn\u00ed najed\u00ed se dosytosti\u2020<br \/>a chv\u00e1lit budou P\u00e1na, kdo jdou za n\u00edm,<br \/>a\u0165 jejich srdce v\u011b\u010dn\u00e9 v<strong>\u011b<\/strong>ky \u017eije!<\/p>\n<p>= <sup>28<\/span><\/sup> Rozpomenou se v\u0161echny kraje zem\u011b,\u2020<br \/>vr\u00e1t\u00ed se k P\u00e1nu v\u0161echny lidsk\u00e9 rody<br \/>a s uct\u00edv\u00e1n\u00edm padnou p\u0159<strong>e<\/strong>d n\u00edm na tv\u00e1\u0159.<\/p>\n<p>&#8211; <sup>29<\/span><\/sup> Nebo\u0165 jen P\u00e1nu pat\u0159\u00ed kralov\u00e1n\u00ed,<br \/>jeho je v\u0161echna vl\u00e1da n<strong>a<\/strong>d n\u00e1rody.<\/p>\n<p>&#8211; <sup>30<\/span><\/sup> Jemu a\u0165 klan\u011bj\u00ed se mocn\u00ed zem\u011b,<br \/>vzd\u00e1vaj\u00ed \u00factu ti, co v hl<strong>\u00ed<\/strong>n\u011b le\u017e\u00ed!<\/p>\n<p>= <sup>32<\/span><\/sup> V\u0161em p\u0159\u00ed\u0161t\u00edm o P\u00e1nu se bude zp\u00edvat,\u2020<br \/>budouc\u00edm hl\u00e1sat jeho spravedlnost:<br \/>nebo\u0165 tak velik\u00e9 je d<strong>\u00ed<\/strong>lo P\u00e1n\u011b.<\/p>\n","protected":false},"excerpt":{"rendered":"<p>Je\u017e\u00ed\u0161i, tys zakusil bolest, ty zn\u00e1\u0161 utrpen\u00ed. &#8211; 2 Bo\u017ee, m\u016fj Bo\u017ee, pro\u010ds m\u011b opustil?Tak vzd\u00e1len jsi m\u00fdm n\u00e1\u0159k\u016fm a m\u00fdm prosb\u00e1m! &#8211; 3 M\u016fj Bo\u017ee, vol\u00e1m za dne &#8211; neodpov\u00ed\u0161,za noci &#8211; nedoch\u00e1z\u00edm uti\u0161en\u00ed. &#8211; 4 Ty v\u0161ak jsi svat\u00fd, ve svatyni s\u00eddl\u00ed\u0161,ve chvalozp\u011bvech Izraele trv\u00e1\u0161. &#8211; 5 Otcov\u00e9 na\u0161i doufali jen v tebe,doufali &#8230; <a title=\"\u017dalm 22\" class=\"read-more\" href=\"https:\/\/www.texty.santegidio.cz\/?page_id=74\" aria-label=\"More on \u017dalm 22\">Read more<\/a><\/p>\n","protected":false},"author":1,"featured_media":0,"parent":29,"menu_order":0,"comment_status":"closed","ping_status":"closed","template":"","meta":{"_uag_custom_page_level_css":"","jetpack_post_was_ever_published":false,"footnotes":""},"class_list":["post-74","page","type-page","status-publish"],"uagb_featured_image_src":{"full":false,"thumbnail":false,"medium":false,"medium_large":false,"large":false,"1536x1536":false,"2048x2048":false},"uagb_author_info":{"display_name":"Pavel","author_link":"https:\/\/www.texty.santegidio.cz\/?author=1"},"uagb_comment_info":0,"uagb_excerpt":"Je\u017e\u00ed\u0161i, tys zakusil bolest, ty zn\u00e1\u0161 utrpen\u00ed. &#8211; 2 Bo\u017ee, m\u016fj Bo\u017ee, pro\u010ds m\u011b opustil?Tak vzd\u00e1len jsi m\u00fdm n\u00e1\u0159k\u016fm a m\u00fdm prosb\u00e1m! &#8211; 3 M\u016fj Bo\u017ee, vol\u00e1m za dne &#8211; neodpov\u00ed\u0161,za noci &#8211; nedoch\u00e1z\u00edm uti\u0161en\u00ed. &#8211; 4 Ty v\u0161ak jsi svat\u00fd, ve svatyni s\u00eddl\u00ed\u0161,ve chvalozp\u011bvech Izraele trv\u00e1\u0161. &#8211; 5 Otcov\u00e9 na\u0161i doufali jen v tebe,doufali&hellip;","jetpack_sharing_enabled":true,"jetpack_shortlink":"https:\/\/wp.me\/PawMsT-1c","_links":{"self":[{"href":"https:\/\/www.texty.santegidio.cz\/index.php?rest_route=\/wp\/v2\/pages\/74","targetHints":{"allow":["GET"]}}],"collection":[{"href":"https:\/\/www.texty.santegidio.cz\/index.php?rest_route=\/wp\/v2\/pages"}],"about":[{"href":"https:\/\/www.texty.santegidio.cz\/index.php?rest_route=\/wp\/v2\/types\/page"}],"author":[{"embeddable":true,"href":"https:\/\/www.texty.santegidio.cz\/index.php?rest_route=\/wp\/v2\/users\/1"}],"replies":[{"embeddable":true,"href":"https:\/\/www.texty.santegidio.cz\/index.php?rest_route=%2Fwp%2Fv2%2Fcomments&post=74"}],"version-history":[{"count":1,"href":"https:\/\/www.texty.santegidio.cz\/index.php?rest_route=\/wp\/v2\/pages\/74\/revisions"}],"predecessor-version":[{"id":1244,"href":"https:\/\/www.texty.santegidio.cz\/index.php?rest_route=\/wp\/v2\/pages\/74\/revisions\/1244"}],"up":[{"embeddable":true,"href":"https:\/\/www.texty.santegidio.cz\/index.php?rest_route=\/wp\/v2\/pages\/29"}],"wp:attachment":[{"href":"https:\/\/www.texty.santegidio.cz\/index.php?rest_route=%2Fwp%2Fv2%2Fmedia&parent=74"}],"curies":[{"name":"wp","href":"https:\/\/api.w.org\/{rel}","templated":true}]}}