{"id":731,"date":"2018-10-09T15:51:11","date_gmt":"2018-10-09T13:51:11","guid":{"rendered":"http:\/\/www.texty.santegidio.cz?page_id=731"},"modified":"2018-10-09T15:51:11","modified_gmt":"2018-10-09T13:51:11","slug":"aronovo-pozehnani","status":"publish","type":"page","link":"https:\/\/www.texty.santegidio.cz\/?page_id=731","title":{"rendered":"Aronovo po\u017eehn\u00e1n\u00ed"},"content":{"rendered":"<p>A\u0165 t\u011b Hospodin po\u017eehn\u00e1<br \/>a&nbsp;ochr\u00e1n\u00ed t\u011b,<br \/>a\u0165 Hospodin rozjasn\u00ed nad tebou svou tv\u00e1\u0159<br \/>a&nbsp;bude ti milostiv,<br \/>a\u0165 Hospodin obr\u00e1t\u00ed k&nbsp;tob\u011b svou tv\u00e1\u0159<br \/>a&nbsp;obda\u0159\u00ed t\u011b pokojem.<br \/><em>(Nm 6, 24&ndash;26)<\/em><\/p>\n","protected":false},"excerpt":{"rendered":"<p>A\u0165 t\u011b Hospodin po\u017eehn\u00e1a&nbsp;ochr\u00e1n\u00ed t\u011b,a\u0165 Hospodin rozjasn\u00ed nad tebou svou tv\u00e1\u0159a&nbsp;bude ti milostiv,a\u0165 Hospodin obr\u00e1t\u00ed k&nbsp;tob\u011b svou tv\u00e1\u0159a&nbsp;obda\u0159\u00ed t\u011b pokojem.(Nm 6, 24&ndash;26)<\/p>\n","protected":false},"author":1,"featured_media":0,"parent":692,"menu_order":0,"comment_status":"open","ping_status":"open","template":"","meta":{"_uag_custom_page_level_css":"","jetpack_post_was_ever_published":false,"footnotes":""},"class_list":["post-731","page","type-page","status-publish"],"uagb_featured_image_src":{"full":false,"thumbnail":false,"medium":false,"medium_large":false,"large":false,"1536x1536":false,"2048x2048":false},"uagb_author_info":{"display_name":"Pavel","author_link":"https:\/\/www.texty.santegidio.cz\/?author=1"},"uagb_comment_info":0,"uagb_excerpt":"A\u0165 t\u011b Hospodin po\u017eehn\u00e1a&nbsp;ochr\u00e1n\u00ed t\u011b,a\u0165 Hospodin rozjasn\u00ed nad tebou svou tv\u00e1\u0159a&nbsp;bude ti milostiv,a\u0165 Hospodin obr\u00e1t\u00ed k&nbsp;tob\u011b svou tv\u00e1\u0159a&nbsp;obda\u0159\u00ed t\u011b pokojem.(Nm 6, 24&ndash;26)","jetpack_sharing_enabled":true,"jetpack_shortlink":"https:\/\/wp.me\/PawMsT-bN","_links":{"self":[{"href":"https:\/\/www.texty.santegidio.cz\/index.php?rest_route=\/wp\/v2\/pages\/731","targetHints":{"allow":["GET"]}}],"collection":[{"href":"https:\/\/www.texty.santegidio.cz\/index.php?rest_route=\/wp\/v2\/pages"}],"about":[{"href":"https:\/\/www.texty.santegidio.cz\/index.php?rest_route=\/wp\/v2\/types\/page"}],"author":[{"embeddable":true,"href":"https:\/\/www.texty.santegidio.cz\/index.php?rest_route=\/wp\/v2\/users\/1"}],"replies":[{"embeddable":true,"href":"https:\/\/www.texty.santegidio.cz\/index.php?rest_route=%2Fwp%2Fv2%2Fcomments&post=731"}],"version-history":[{"count":0,"href":"https:\/\/www.texty.santegidio.cz\/index.php?rest_route=\/wp\/v2\/pages\/731\/revisions"}],"up":[{"embeddable":true,"href":"https:\/\/www.texty.santegidio.cz\/index.php?rest_route=\/wp\/v2\/pages\/692"}],"wp:attachment":[{"href":"https:\/\/www.texty.santegidio.cz\/index.php?rest_route=%2Fwp%2Fv2%2Fmedia&parent=731"}],"curies":[{"name":"wp","href":"https:\/\/api.w.org\/{rel}","templated":true}]}}