{"id":730,"date":"2018-10-09T15:51:11","date_gmt":"2018-10-09T13:51:11","guid":{"rendered":"http:\/\/www.texty.santegidio.cz?page_id=730"},"modified":"2018-10-09T15:51:11","modified_gmt":"2018-10-09T13:51:11","slug":"pozehnani-domu","status":"publish","type":"page","link":"https:\/\/www.texty.santegidio.cz\/?page_id=730","title":{"rendered":"Po\u017eehn\u00e1n\u00ed domu"},"content":{"rendered":"<p>Bo\u017ee, n\u00e1&scaron; Spasiteli,<br \/>kter&yacute; podle sv&eacute;ho Slova<br \/>nej\u010dist&scaron;\u00edho a&nbsp;nesmrteln&eacute;ho,<br \/>hl\u00e1san&eacute;ho v&nbsp;pravd\u011b<br \/>tv&yacute;mi evangelisty<br \/>v&scaron;emu sv\u011btu,<br \/>ses sklonil, abys vstoupil<br \/>pod st\u0159echu Zachea,<br \/>stal ses sp\u00e1sou pro n\u011bj<br \/>i&nbsp;pro cel&yacute; jeho d\u016fm,<br \/>ty s\u00e1m, skrze n\u00e1s, uboh&eacute; h\u0159\u00ed&scaron;n\u00edky,<br \/>kte\u0159\u00ed ti p\u0159edkl\u00e1d\u00e1me sv&eacute; prosby,<br \/>po\u017eehnej dnes a&nbsp;napl\u0148 sl\u00e1vou<br \/>ty, kte\u0159\u00ed p\u0159eb&yacute;vaj\u00ed na tomto m\u00edst\u011b,<br \/>ochra\u0148uj je st\u00e1le ode v&scaron;eho zl&eacute;ho.<br \/>Skrze Krista, na&scaron;eho P\u00e1na.<br \/>Amen.<br \/><em>(Byzantsk&yacute; euchologion, VIII.&nbsp;stolet\u00ed)<\/em><\/p>\n","protected":false},"excerpt":{"rendered":"<p>Bo\u017ee, n\u00e1&scaron; Spasiteli,kter&yacute; podle sv&eacute;ho Slovanej\u010dist&scaron;\u00edho a&nbsp;nesmrteln&eacute;ho,hl\u00e1san&eacute;ho v&nbsp;pravd\u011btv&yacute;mi evangelistyv&scaron;emu sv\u011btu,ses sklonil, abys vstoupilpod st\u0159echu Zachea,stal ses sp\u00e1sou pro n\u011bji&nbsp;pro cel&yacute; jeho d\u016fm,ty s\u00e1m, skrze n\u00e1s, uboh&eacute; h\u0159\u00ed&scaron;n\u00edky,kte\u0159\u00ed ti p\u0159edkl\u00e1d\u00e1me sv&eacute; prosby,po\u017eehnej dnes a&nbsp;napl\u0148 sl\u00e1vouty, kte\u0159\u00ed p\u0159eb&yacute;vaj\u00ed na tomto m\u00edst\u011b,ochra\u0148uj je st\u00e1le ode v&scaron;eho zl&eacute;ho.Skrze Krista, na&scaron;eho P\u00e1na.Amen.(Byzantsk&yacute; euchologion, VIII.&nbsp;stolet\u00ed)<\/p>\n","protected":false},"author":1,"featured_media":0,"parent":692,"menu_order":0,"comment_status":"open","ping_status":"open","template":"","meta":{"_uag_custom_page_level_css":"","jetpack_post_was_ever_published":false,"footnotes":""},"class_list":["post-730","page","type-page","status-publish"],"uagb_featured_image_src":{"full":false,"thumbnail":false,"medium":false,"medium_large":false,"large":false,"1536x1536":false,"2048x2048":false},"uagb_author_info":{"display_name":"Pavel","author_link":"https:\/\/www.texty.santegidio.cz\/?author=1"},"uagb_comment_info":0,"uagb_excerpt":"Bo\u017ee, n\u00e1&scaron; Spasiteli,kter&yacute; podle sv&eacute;ho Slovanej\u010dist&scaron;\u00edho a&nbsp;nesmrteln&eacute;ho,hl\u00e1san&eacute;ho v&nbsp;pravd\u011btv&yacute;mi evangelistyv&scaron;emu sv\u011btu,ses sklonil, abys vstoupilpod st\u0159echu Zachea,stal ses sp\u00e1sou pro n\u011bji&nbsp;pro cel&yacute; jeho d\u016fm,ty s\u00e1m, skrze n\u00e1s, uboh&eacute; h\u0159\u00ed&scaron;n\u00edky,kte\u0159\u00ed ti p\u0159edkl\u00e1d\u00e1me sv&eacute; prosby,po\u017eehnej dnes a&nbsp;napl\u0148 sl\u00e1vouty, kte\u0159\u00ed p\u0159eb&yacute;vaj\u00ed na tomto m\u00edst\u011b,ochra\u0148uj je st\u00e1le ode v&scaron;eho zl&eacute;ho.Skrze Krista, na&scaron;eho P\u00e1na.Amen.(Byzantsk&yacute; euchologion, VIII.&nbsp;stolet\u00ed)","jetpack_sharing_enabled":true,"jetpack_shortlink":"https:\/\/wp.me\/PawMsT-bM","_links":{"self":[{"href":"https:\/\/www.texty.santegidio.cz\/index.php?rest_route=\/wp\/v2\/pages\/730","targetHints":{"allow":["GET"]}}],"collection":[{"href":"https:\/\/www.texty.santegidio.cz\/index.php?rest_route=\/wp\/v2\/pages"}],"about":[{"href":"https:\/\/www.texty.santegidio.cz\/index.php?rest_route=\/wp\/v2\/types\/page"}],"author":[{"embeddable":true,"href":"https:\/\/www.texty.santegidio.cz\/index.php?rest_route=\/wp\/v2\/users\/1"}],"replies":[{"embeddable":true,"href":"https:\/\/www.texty.santegidio.cz\/index.php?rest_route=%2Fwp%2Fv2%2Fcomments&post=730"}],"version-history":[{"count":0,"href":"https:\/\/www.texty.santegidio.cz\/index.php?rest_route=\/wp\/v2\/pages\/730\/revisions"}],"up":[{"embeddable":true,"href":"https:\/\/www.texty.santegidio.cz\/index.php?rest_route=\/wp\/v2\/pages\/692"}],"wp:attachment":[{"href":"https:\/\/www.texty.santegidio.cz\/index.php?rest_route=%2Fwp%2Fv2%2Fmedia&parent=730"}],"curies":[{"name":"wp","href":"https:\/\/api.w.org\/{rel}","templated":true}]}}