{"id":73,"date":"2018-12-12T10:15:04","date_gmt":"2018-12-12T09:15:04","guid":{"rendered":"http:\/\/www.texty.santegidio.cz?page_id=73"},"modified":"2018-12-12T10:15:04","modified_gmt":"2018-12-12T09:15:04","slug":"zalm-21","status":"publish","type":"page","link":"https:\/\/www.texty.santegidio.cz\/?page_id=73","title":{"rendered":"\u017dalm 21"},"content":{"rendered":"<p>Pro tvoji v\u011brnost, Pane, nikdy nezakol\u00eds\u00e1me.<\/p>\n<p>&#8211; <sup>2<\/span><\/sup> Pane, z tv\u00e9 s\u00edly se raduje kr\u00e1l,<br \/>nad tvou pomoc\u00ed hlas<strong>i<\/strong>t\u011b j\u00e1s\u00e1.<\/p>\n<p>&#8211; <sup>3<\/span><\/sup> Vyplnils tou\u017een\u00ed jeho srdce,<br \/>z jeho \u00fast prosby jsi n<strong>e<\/strong>osly\u0161el.<\/p>\n<p>&#8211; <sup>4<\/span><\/sup> Ba, tys ho p\u0159ede\u0161el milost\u00ed zdaru,<br \/>korunu zlatou mu na hl<strong>a<\/strong>vu vsadil.<\/p>\n<p>&#8211; <sup>5<\/span><\/sup> Prosil t\u011b o \u017eivot: dal jsi mu darem<br \/>d\u00e9lku dn\u00ed \u017eivota na v\u0161<strong>e<\/strong>chny v\u011bky.<\/p>\n<p>&#8211; <sup>6<\/span><\/sup> Velik\u00e1 jest jeho sl\u00e1va d\u00edk tob\u011b,<br \/>tys jej vzne\u0161enou n\u00e1dh<strong>e<\/strong>rou od\u011bl.<\/p>\n<p>&#8211; <sup>7<\/span><\/sup> \u010cin\u00ed\u0161 ho v\u011b\u010dn\u00fdm po\u017eehn\u00e1n\u00edm,<br \/>z pohledu sv\u00e9ho jej rad<strong>o<\/strong>st\u00ed pln\u00ed\u0161.<\/p>\n<p>&#8211; <sup>8<\/span><\/sup> Nebo\u0165 kr\u00e1l v P\u00e1na d\u016fv\u011bru skl\u00e1d\u00e1,<br \/>Nejvy\u0161\u0161\u00ed ned\u00e1 mu z<strong>a<\/strong>kol\u00edsat.<br \/>[- <\/span><\/span><sup>9<\/span><\/sup><\/span><\/span> V\u0161echny tv\u00e9 odp\u016frce najde tv\u00e1 ruka,<\/span><\/span><br \/>pravice tvoje tv\u00e9 nen\u00e1vistn\u00edky.<\/span><\/span><br \/>&#8211;<\/span> <sup>10<\/span><\/sup><\/span><\/span> Str\u00e1vit je nech\u00e1\u0161 jak v plamenn\u00e9 peci,<\/span><\/span><br \/>a\u017e jim d\u00e1\u0161 pohl\u00e9dnout do sv\u00e9 tv\u00e1\u0159e.<\/span><\/span><br \/>&#8211;<\/span> P\u00e1n a\u0165 je zahub\u00ed ve sv\u00e9m hn\u011bvu,<\/span><\/span><br \/>a\u0165 je v\u0161echny pohlt\u00ed ohe\u0148!<\/span><\/span><br \/>&#8211;<\/span> <sup>11<\/span><\/sup><\/span><\/span> Ze zem\u011b vyhlad\u00ed\u0161 potomstvo jejich,<\/span><\/span><br \/>rod jejich z lidsk\u00e9ho spole\u010denstv\u00ed!<\/span><\/span><br \/>&#8211;<\/span> <sup>12<\/span><\/sup><\/span><\/span> I kdyby kuli \u00fakladn\u00e9 pl\u00e1ny,<\/span><\/span><br \/>nic proti tob\u011b nepo\u0159\u00edd\u00ed;<\/span><\/span><br \/>&#8211;<\/span> <sup>13<\/span><\/sup><\/span><\/span> nebo\u0165 je obr\u00e1t\u00ed\u0161 na \u00fat\u011bk v\u0161echny,<\/span><\/span><br \/>jenom co na n\u011b nam\u00ed\u0159\u00ed\u0161 lukem.]<\/span><\/span><\/p>\n<p>&#8211; <sup>14<\/span><\/sup> Povsta\u0148, Pane, v cel\u00e9 sv\u00e9 moci!<br \/>Zap\u011bjem chvalozp\u011bv na tv<strong>o<\/strong>ji s\u00edlu!<\/p>\n","protected":false},"excerpt":{"rendered":"<p>Pro tvoji v\u011brnost, Pane, nikdy nezakol\u00eds\u00e1me. &#8211; 2 Pane, z tv\u00e9 s\u00edly se raduje kr\u00e1l,nad tvou pomoc\u00ed hlasit\u011b j\u00e1s\u00e1. &#8211; 3 Vyplnils tou\u017een\u00ed jeho srdce,z jeho \u00fast prosby jsi neosly\u0161el. &#8211; 4 Ba, tys ho p\u0159ede\u0161el milost\u00ed zdaru,korunu zlatou mu na hlavu vsadil. &#8211; 5 Prosil t\u011b o \u017eivot: dal jsi mu daremd\u00e9lku dn\u00ed \u017eivota &#8230; <a title=\"\u017dalm 21\" class=\"read-more\" href=\"https:\/\/www.texty.santegidio.cz\/?page_id=73\" aria-label=\"More on \u017dalm 21\">Read more<\/a><\/p>\n","protected":false},"author":1,"featured_media":0,"parent":29,"menu_order":0,"comment_status":"closed","ping_status":"closed","template":"","meta":{"_uag_custom_page_level_css":"","jetpack_post_was_ever_published":false,"footnotes":""},"class_list":["post-73","page","type-page","status-publish"],"uagb_featured_image_src":{"full":false,"thumbnail":false,"medium":false,"medium_large":false,"large":false,"1536x1536":false,"2048x2048":false},"uagb_author_info":{"display_name":"Pavel","author_link":"https:\/\/www.texty.santegidio.cz\/?author=1"},"uagb_comment_info":0,"uagb_excerpt":"Pro tvoji v\u011brnost, Pane, nikdy nezakol\u00eds\u00e1me. &#8211; 2 Pane, z tv\u00e9 s\u00edly se raduje kr\u00e1l,nad tvou pomoc\u00ed hlasit\u011b j\u00e1s\u00e1. &#8211; 3 Vyplnils tou\u017een\u00ed jeho srdce,z jeho \u00fast prosby jsi neosly\u0161el. &#8211; 4 Ba, tys ho p\u0159ede\u0161el milost\u00ed zdaru,korunu zlatou mu na hlavu vsadil. &#8211; 5 Prosil t\u011b o \u017eivot: dal jsi mu daremd\u00e9lku dn\u00ed \u017eivota&hellip;","jetpack_sharing_enabled":true,"jetpack_shortlink":"https:\/\/wp.me\/PawMsT-1b","_links":{"self":[{"href":"https:\/\/www.texty.santegidio.cz\/index.php?rest_route=\/wp\/v2\/pages\/73","targetHints":{"allow":["GET"]}}],"collection":[{"href":"https:\/\/www.texty.santegidio.cz\/index.php?rest_route=\/wp\/v2\/pages"}],"about":[{"href":"https:\/\/www.texty.santegidio.cz\/index.php?rest_route=\/wp\/v2\/types\/page"}],"author":[{"embeddable":true,"href":"https:\/\/www.texty.santegidio.cz\/index.php?rest_route=\/wp\/v2\/users\/1"}],"replies":[{"embeddable":true,"href":"https:\/\/www.texty.santegidio.cz\/index.php?rest_route=%2Fwp%2Fv2%2Fcomments&post=73"}],"version-history":[{"count":1,"href":"https:\/\/www.texty.santegidio.cz\/index.php?rest_route=\/wp\/v2\/pages\/73\/revisions"}],"predecessor-version":[{"id":1243,"href":"https:\/\/www.texty.santegidio.cz\/index.php?rest_route=\/wp\/v2\/pages\/73\/revisions\/1243"}],"up":[{"embeddable":true,"href":"https:\/\/www.texty.santegidio.cz\/index.php?rest_route=\/wp\/v2\/pages\/29"}],"wp:attachment":[{"href":"https:\/\/www.texty.santegidio.cz\/index.php?rest_route=%2Fwp%2Fv2%2Fmedia&parent=73"}],"curies":[{"name":"wp","href":"https:\/\/api.w.org\/{rel}","templated":true}]}}