{"id":729,"date":"2018-10-09T15:51:11","date_gmt":"2018-10-09T13:51:11","guid":{"rendered":"http:\/\/www.texty.santegidio.cz?page_id=729"},"modified":"2018-10-09T15:51:11","modified_gmt":"2018-10-09T13:51:11","slug":"modlitba-na-odchodu","status":"publish","type":"page","link":"https:\/\/www.texty.santegidio.cz\/?page_id=729","title":{"rendered":"Modlitba na odchodu"},"content":{"rendered":"<p>Pane,<br \/>Bo\u017ee na&scaron;ich otc\u016f,<br \/>Ot\u010de na&scaron;eho P\u00e1na Je\u017e\u00ed&scaron;e Krista,<br \/>Duchu l\u00e1sky a&nbsp;milosrdenstv\u00ed,<br \/>past&yacute;\u0159i sv&eacute;ho lidu,<br \/>po\u017eehnej n\u00e1s ve&scaron;ker&yacute;m po\u017eehn\u00e1n\u00edm,<br \/>na t\u011ble i&nbsp;v&nbsp;srdci,<br \/>a\u0165 d\u00edlo na&scaron;ich rukou p\u0159in\u00e1&scaron;\u00ed plody;<br \/>osvobo\u010f n\u00e1&scaron; volaj\u00edc\u00ed hlas,<br \/>u\u010di\u0148 sladk&yacute;m a&nbsp;p\u0159esv\u011bd\u010div&yacute;m<br \/>sv\u011bdectv\u00ed na&scaron;eho \u017eivota.<br \/>Po\u017eehnej tomu, kdo z\u016fst\u00e1v\u00e1,<br \/>i&nbsp;tomu, kdo odch\u00e1z\u00ed.<br \/>Dej n\u00e1m milost se brzy znovu setkat,<br \/>v\u011brni t&eacute;mu\u017e duchu,<br \/>a&nbsp;milost, abychom se znovu v&scaron;ichni shledali<br \/>ve tv&eacute;m kr\u00e1lovstv\u00ed pokoje a&nbsp;milosrdenstv\u00ed,<br \/>a\u017e uplyne n\u00e1&scaron; \u017eivot.<br \/>Tak jsi p\u0159isl\u00edbil,<br \/>a&nbsp;tak se sta\u0148.<br \/>Amen.<\/p>\n","protected":false},"excerpt":{"rendered":"<p>Pane,Bo\u017ee na&scaron;ich otc\u016f,Ot\u010de na&scaron;eho P\u00e1na Je\u017e\u00ed&scaron;e Krista,Duchu l\u00e1sky a&nbsp;milosrdenstv\u00ed,past&yacute;\u0159i sv&eacute;ho lidu,po\u017eehnej n\u00e1s ve&scaron;ker&yacute;m po\u017eehn\u00e1n\u00edm,na t\u011ble i&nbsp;v&nbsp;srdci,a\u0165 d\u00edlo na&scaron;ich rukou p\u0159in\u00e1&scaron;\u00ed plody;osvobo\u010f n\u00e1&scaron; volaj\u00edc\u00ed hlas,u\u010di\u0148 sladk&yacute;m a&nbsp;p\u0159esv\u011bd\u010div&yacute;msv\u011bdectv\u00ed na&scaron;eho \u017eivota.Po\u017eehnej tomu, kdo z\u016fst\u00e1v\u00e1,i&nbsp;tomu, kdo odch\u00e1z\u00ed.Dej n\u00e1m milost se brzy znovu setkat,v\u011brni t&eacute;mu\u017e duchu,a&nbsp;milost, abychom se znovu v&scaron;ichni shledalive tv&eacute;m kr\u00e1lovstv\u00ed pokoje a&nbsp;milosrdenstv\u00ed,a\u017e uplyne n\u00e1&scaron; \u017eivot.Tak jsi p\u0159isl\u00edbil,a&nbsp;tak &#8230; <a title=\"Modlitba na odchodu\" class=\"read-more\" href=\"https:\/\/www.texty.santegidio.cz\/?page_id=729\" aria-label=\"More on Modlitba na odchodu\">Read more<\/a><\/p>\n","protected":false},"author":1,"featured_media":0,"parent":692,"menu_order":0,"comment_status":"open","ping_status":"open","template":"","meta":{"_uag_custom_page_level_css":"","jetpack_post_was_ever_published":false,"footnotes":""},"class_list":["post-729","page","type-page","status-publish"],"uagb_featured_image_src":{"full":false,"thumbnail":false,"medium":false,"medium_large":false,"large":false,"1536x1536":false,"2048x2048":false},"uagb_author_info":{"display_name":"Pavel","author_link":"https:\/\/www.texty.santegidio.cz\/?author=1"},"uagb_comment_info":0,"uagb_excerpt":"Pane,Bo\u017ee na&scaron;ich otc\u016f,Ot\u010de na&scaron;eho P\u00e1na Je\u017e\u00ed&scaron;e Krista,Duchu l\u00e1sky a&nbsp;milosrdenstv\u00ed,past&yacute;\u0159i sv&eacute;ho lidu,po\u017eehnej n\u00e1s ve&scaron;ker&yacute;m po\u017eehn\u00e1n\u00edm,na t\u011ble i&nbsp;v&nbsp;srdci,a\u0165 d\u00edlo na&scaron;ich rukou p\u0159in\u00e1&scaron;\u00ed plody;osvobo\u010f n\u00e1&scaron; volaj\u00edc\u00ed hlas,u\u010di\u0148 sladk&yacute;m a&nbsp;p\u0159esv\u011bd\u010div&yacute;msv\u011bdectv\u00ed na&scaron;eho \u017eivota.Po\u017eehnej tomu, kdo z\u016fst\u00e1v\u00e1,i&nbsp;tomu, kdo odch\u00e1z\u00ed.Dej n\u00e1m milost se brzy znovu setkat,v\u011brni t&eacute;mu\u017e duchu,a&nbsp;milost, abychom se znovu v&scaron;ichni shledalive tv&eacute;m kr\u00e1lovstv\u00ed pokoje a&nbsp;milosrdenstv\u00ed,a\u017e uplyne n\u00e1&scaron; \u017eivot.Tak jsi p\u0159isl\u00edbil,a&nbsp;tak&hellip;","jetpack_sharing_enabled":true,"jetpack_shortlink":"https:\/\/wp.me\/PawMsT-bL","_links":{"self":[{"href":"https:\/\/www.texty.santegidio.cz\/index.php?rest_route=\/wp\/v2\/pages\/729","targetHints":{"allow":["GET"]}}],"collection":[{"href":"https:\/\/www.texty.santegidio.cz\/index.php?rest_route=\/wp\/v2\/pages"}],"about":[{"href":"https:\/\/www.texty.santegidio.cz\/index.php?rest_route=\/wp\/v2\/types\/page"}],"author":[{"embeddable":true,"href":"https:\/\/www.texty.santegidio.cz\/index.php?rest_route=\/wp\/v2\/users\/1"}],"replies":[{"embeddable":true,"href":"https:\/\/www.texty.santegidio.cz\/index.php?rest_route=%2Fwp%2Fv2%2Fcomments&post=729"}],"version-history":[{"count":0,"href":"https:\/\/www.texty.santegidio.cz\/index.php?rest_route=\/wp\/v2\/pages\/729\/revisions"}],"up":[{"embeddable":true,"href":"https:\/\/www.texty.santegidio.cz\/index.php?rest_route=\/wp\/v2\/pages\/692"}],"wp:attachment":[{"href":"https:\/\/www.texty.santegidio.cz\/index.php?rest_route=%2Fwp%2Fv2%2Fmedia&parent=729"}],"curies":[{"name":"wp","href":"https:\/\/api.w.org\/{rel}","templated":true}]}}