{"id":728,"date":"2018-10-09T15:51:11","date_gmt":"2018-10-09T13:51:11","guid":{"rendered":"http:\/\/www.texty.santegidio.cz?page_id=728"},"modified":"2018-10-09T15:51:11","modified_gmt":"2018-10-09T13:51:11","slug":"dekovna-modlitba","status":"publish","type":"page","link":"https:\/\/www.texty.santegidio.cz\/?page_id=728","title":{"rendered":"D\u011bkovn\u00e1 modlitba"},"content":{"rendered":"<p>Po\u017eehnan&yacute; jsi, Pane, na&scaron;e sk\u00e1lo,<br \/>podep\u0159el jsi budovu<br \/>na&scaron;eho \u017eivota,<br \/>zachr\u00e1nil jsi na&scaron;i du&scaron;i<br \/>od samoty a&nbsp;p&yacute;chy,<br \/>od h\u0159\u00edchu a&nbsp;od zla.<br \/>Dal jsi n\u00e1m k&nbsp;\u017eit\u00ed dobr&yacute; \u017eivot,<br \/>pod\u00edl ve sv&eacute;m dom\u011b,<br \/>na cest\u011b podle tv&eacute; v\u016fle.<br \/>Po\u017eehnej dny na&scaron;\u00ed minulosti<br \/>sv&yacute;m odpu&scaron;t\u011bn\u00edm.<br \/>Po\u017eehnej dny na&scaron;\u00ed budoucnosti<br \/>a\u017e do v\u011b\u010dnosti.<br \/>Po\u017eehnej na&scaron;\u00ed komunit\u011b<br \/>a&nbsp;u\u010di\u0148 ji plodnou v&nbsp;tv&eacute; l\u00e1sce,<br \/>nyn\u00ed i&nbsp;ve dnech budouc\u00edch.<br \/>Amen.<\/p>\n","protected":false},"excerpt":{"rendered":"<p>Po\u017eehnan&yacute; jsi, Pane, na&scaron;e sk\u00e1lo,podep\u0159el jsi budovuna&scaron;eho \u017eivota,zachr\u00e1nil jsi na&scaron;i du&scaron;iod samoty a&nbsp;p&yacute;chy,od h\u0159\u00edchu a&nbsp;od zla.Dal jsi n\u00e1m k&nbsp;\u017eit\u00ed dobr&yacute; \u017eivot,pod\u00edl ve sv&eacute;m dom\u011b,na cest\u011b podle tv&eacute; v\u016fle.Po\u017eehnej dny na&scaron;\u00ed minulostisv&yacute;m odpu&scaron;t\u011bn\u00edm.Po\u017eehnej dny na&scaron;\u00ed budoucnostia\u017e do v\u011b\u010dnosti.Po\u017eehnej na&scaron;\u00ed komunit\u011ba&nbsp;u\u010di\u0148 ji plodnou v&nbsp;tv&eacute; l\u00e1sce,nyn\u00ed i&nbsp;ve dnech budouc\u00edch.Amen.<\/p>\n","protected":false},"author":1,"featured_media":0,"parent":692,"menu_order":0,"comment_status":"open","ping_status":"open","template":"","meta":{"_uag_custom_page_level_css":"","jetpack_post_was_ever_published":false,"footnotes":""},"class_list":["post-728","page","type-page","status-publish"],"uagb_featured_image_src":{"full":false,"thumbnail":false,"medium":false,"medium_large":false,"large":false,"1536x1536":false,"2048x2048":false},"uagb_author_info":{"display_name":"Pavel","author_link":"https:\/\/www.texty.santegidio.cz\/?author=1"},"uagb_comment_info":0,"uagb_excerpt":"Po\u017eehnan&yacute; jsi, Pane, na&scaron;e sk\u00e1lo,podep\u0159el jsi budovuna&scaron;eho \u017eivota,zachr\u00e1nil jsi na&scaron;i du&scaron;iod samoty a&nbsp;p&yacute;chy,od h\u0159\u00edchu a&nbsp;od zla.Dal jsi n\u00e1m k&nbsp;\u017eit\u00ed dobr&yacute; \u017eivot,pod\u00edl ve sv&eacute;m dom\u011b,na cest\u011b podle tv&eacute; v\u016fle.Po\u017eehnej dny na&scaron;\u00ed minulostisv&yacute;m odpu&scaron;t\u011bn\u00edm.Po\u017eehnej dny na&scaron;\u00ed budoucnostia\u017e do v\u011b\u010dnosti.Po\u017eehnej na&scaron;\u00ed komunit\u011ba&nbsp;u\u010di\u0148 ji plodnou v&nbsp;tv&eacute; l\u00e1sce,nyn\u00ed i&nbsp;ve dnech budouc\u00edch.Amen.","jetpack_sharing_enabled":true,"jetpack_shortlink":"https:\/\/wp.me\/PawMsT-bK","_links":{"self":[{"href":"https:\/\/www.texty.santegidio.cz\/index.php?rest_route=\/wp\/v2\/pages\/728","targetHints":{"allow":["GET"]}}],"collection":[{"href":"https:\/\/www.texty.santegidio.cz\/index.php?rest_route=\/wp\/v2\/pages"}],"about":[{"href":"https:\/\/www.texty.santegidio.cz\/index.php?rest_route=\/wp\/v2\/types\/page"}],"author":[{"embeddable":true,"href":"https:\/\/www.texty.santegidio.cz\/index.php?rest_route=\/wp\/v2\/users\/1"}],"replies":[{"embeddable":true,"href":"https:\/\/www.texty.santegidio.cz\/index.php?rest_route=%2Fwp%2Fv2%2Fcomments&post=728"}],"version-history":[{"count":0,"href":"https:\/\/www.texty.santegidio.cz\/index.php?rest_route=\/wp\/v2\/pages\/728\/revisions"}],"up":[{"embeddable":true,"href":"https:\/\/www.texty.santegidio.cz\/index.php?rest_route=\/wp\/v2\/pages\/692"}],"wp:attachment":[{"href":"https:\/\/www.texty.santegidio.cz\/index.php?rest_route=%2Fwp%2Fv2%2Fmedia&parent=728"}],"curies":[{"name":"wp","href":"https:\/\/api.w.org\/{rel}","templated":true}]}}