{"id":727,"date":"2018-10-09T15:51:11","date_gmt":"2018-10-09T13:51:11","guid":{"rendered":"http:\/\/www.texty.santegidio.cz?page_id=727"},"modified":"2018-10-09T15:51:11","modified_gmt":"2018-10-09T13:51:11","slug":"modlitba-pratelstvi-s-panem","status":"publish","type":"page","link":"https:\/\/www.texty.santegidio.cz\/?page_id=727","title":{"rendered":"Modlitba p\u0159\u00e1telstv\u00ed s P\u00e1nem"},"content":{"rendered":"<p>&Oacute; Pane,<br \/>kter&yacute; jsi na jeze\u0159e<br \/>povolal sv&eacute; prvn\u00ed p\u0159\u00e1tele,<br \/>kter&yacute; k&nbsp;sob\u011b v&nbsp;ka\u017ed&eacute; dob\u011b vol\u00e1&scaron;<br \/>mu\u017ee a&nbsp;\u017eeny,<br \/>d\u011bkujeme ti za dar tv&eacute;ho p\u0159\u00e1telstv\u00ed,<br \/>za tvoji bl\u00edzkost, za to, \u017ee odpov\u00edd\u00e1&scaron; velik&yacute;mi dary<br \/>na na&scaron;i malou v\u00edru.<br \/>Pros\u00edme t\u011b,<br \/>zachov\u00e1vej ve sv&eacute; l\u00e1sce<br \/>n\u00e1&scaron; \u017eivot,<br \/>\u017eivoty na&scaron;ich drah&yacute;ch,<br \/>pomoz n\u00e1m neb\u00e1t se,<br \/>ale v\u017edy ti d\u016fv\u011b\u0159ovat,<br \/>nyn\u00ed i&nbsp;v\u017edycky.<br \/>Amen.<\/p>\n","protected":false},"excerpt":{"rendered":"<p>&Oacute; Pane,kter&yacute; jsi na jeze\u0159epovolal sv&eacute; prvn\u00ed p\u0159\u00e1tele,kter&yacute; k&nbsp;sob\u011b v&nbsp;ka\u017ed&eacute; dob\u011b vol\u00e1&scaron;mu\u017ee a&nbsp;\u017eeny,d\u011bkujeme ti za dar tv&eacute;ho p\u0159\u00e1telstv\u00ed,za tvoji bl\u00edzkost, za to, \u017ee odpov\u00edd\u00e1&scaron; velik&yacute;mi daryna na&scaron;i malou v\u00edru.Pros\u00edme t\u011b,zachov\u00e1vej ve sv&eacute; l\u00e1scen\u00e1&scaron; \u017eivot,\u017eivoty na&scaron;ich drah&yacute;ch,pomoz n\u00e1m neb\u00e1t se,ale v\u017edy ti d\u016fv\u011b\u0159ovat,nyn\u00ed i&nbsp;v\u017edycky.Amen.<\/p>\n","protected":false},"author":1,"featured_media":0,"parent":692,"menu_order":0,"comment_status":"open","ping_status":"open","template":"","meta":{"_uag_custom_page_level_css":"","jetpack_post_was_ever_published":false,"footnotes":""},"class_list":["post-727","page","type-page","status-publish"],"uagb_featured_image_src":{"full":false,"thumbnail":false,"medium":false,"medium_large":false,"large":false,"1536x1536":false,"2048x2048":false},"uagb_author_info":{"display_name":"Pavel","author_link":"https:\/\/www.texty.santegidio.cz\/?author=1"},"uagb_comment_info":0,"uagb_excerpt":"&Oacute; Pane,kter&yacute; jsi na jeze\u0159epovolal sv&eacute; prvn\u00ed p\u0159\u00e1tele,kter&yacute; k&nbsp;sob\u011b v&nbsp;ka\u017ed&eacute; dob\u011b vol\u00e1&scaron;mu\u017ee a&nbsp;\u017eeny,d\u011bkujeme ti za dar tv&eacute;ho p\u0159\u00e1telstv\u00ed,za tvoji bl\u00edzkost, za to, \u017ee odpov\u00edd\u00e1&scaron; velik&yacute;mi daryna na&scaron;i malou v\u00edru.Pros\u00edme t\u011b,zachov\u00e1vej ve sv&eacute; l\u00e1scen\u00e1&scaron; \u017eivot,\u017eivoty na&scaron;ich drah&yacute;ch,pomoz n\u00e1m neb\u00e1t se,ale v\u017edy ti d\u016fv\u011b\u0159ovat,nyn\u00ed i&nbsp;v\u017edycky.Amen.","jetpack_sharing_enabled":true,"jetpack_shortlink":"https:\/\/wp.me\/PawMsT-bJ","_links":{"self":[{"href":"https:\/\/www.texty.santegidio.cz\/index.php?rest_route=\/wp\/v2\/pages\/727","targetHints":{"allow":["GET"]}}],"collection":[{"href":"https:\/\/www.texty.santegidio.cz\/index.php?rest_route=\/wp\/v2\/pages"}],"about":[{"href":"https:\/\/www.texty.santegidio.cz\/index.php?rest_route=\/wp\/v2\/types\/page"}],"author":[{"embeddable":true,"href":"https:\/\/www.texty.santegidio.cz\/index.php?rest_route=\/wp\/v2\/users\/1"}],"replies":[{"embeddable":true,"href":"https:\/\/www.texty.santegidio.cz\/index.php?rest_route=%2Fwp%2Fv2%2Fcomments&post=727"}],"version-history":[{"count":0,"href":"https:\/\/www.texty.santegidio.cz\/index.php?rest_route=\/wp\/v2\/pages\/727\/revisions"}],"up":[{"embeddable":true,"href":"https:\/\/www.texty.santegidio.cz\/index.php?rest_route=\/wp\/v2\/pages\/692"}],"wp:attachment":[{"href":"https:\/\/www.texty.santegidio.cz\/index.php?rest_route=%2Fwp%2Fv2%2Fmedia&parent=727"}],"curies":[{"name":"wp","href":"https:\/\/api.w.org\/{rel}","templated":true}]}}