{"id":724,"date":"2018-10-09T15:51:11","date_gmt":"2018-10-09T13:51:11","guid":{"rendered":"http:\/\/www.texty.santegidio.cz?page_id=724"},"modified":"2018-10-09T15:51:11","modified_gmt":"2018-10-09T13:51:11","slug":"modlitba-pozehnani","status":"publish","type":"page","link":"https:\/\/www.texty.santegidio.cz\/?page_id=724","title":{"rendered":"Modlitba po\u017eehn\u00e1n\u00ed"},"content":{"rendered":"<p>V&scaron;emohouc\u00ed Pane,<br \/>Ot\u010de n\u00e1&scaron;ho P\u00e1na Je\u017e\u00ed&scaron;e Krista,<br \/>po\u017eehnej t\u011bmto sv&yacute;m slu\u017eebn\u00edk\u016fm.<br \/>Ochra\u0148uj n\u00e1s a pom\u00e1hej n\u00e1m,<br \/>Ob&scaron;\u0165astni n\u00e1s svou p\u0159\u00edtomnost\u00ed.<br \/>Ochra\u0148uj n\u00e1s a u\u010di\u0148 n\u00e1s pevn&yacute;mi p\u0159ed tebou.<br \/>U\u010d n\u00e1s b&yacute;t poslu&scaron;n&yacute;mi tv&yacute;mi Slova,<br \/>a kr\u00e1\u010det po tv&eacute; cest\u011b,<br \/>pozn\u00e1 t\u011b, kdy\u017e se s tebou setk\u00e1v\u00e1me,<br \/>jako s chud&yacute;m, slab&yacute;m a uv\u011bzn\u011bn&yacute;m.<br \/>Daruj n\u00e1m pokoj pln&yacute; d\u016fv\u011bry a poklidu,<br \/>skrze d\u00edlo sv&eacute;ho Ducha,<br \/>te\u010f jsem v\u017edycky<br \/>a na v\u011bky v\u011bk\u016f.<br \/>Amen.<\/p>\n","protected":false},"excerpt":{"rendered":"<p>V&scaron;emohouc\u00ed Pane,Ot\u010de n\u00e1&scaron;ho P\u00e1na Je\u017e\u00ed&scaron;e Krista,po\u017eehnej t\u011bmto sv&yacute;m slu\u017eebn\u00edk\u016fm.Ochra\u0148uj n\u00e1s a pom\u00e1hej n\u00e1m,Ob&scaron;\u0165astni n\u00e1s svou p\u0159\u00edtomnost\u00ed.Ochra\u0148uj n\u00e1s a u\u010di\u0148 n\u00e1s pevn&yacute;mi p\u0159ed tebou.U\u010d n\u00e1s b&yacute;t poslu&scaron;n&yacute;mi tv&yacute;mi Slova,a kr\u00e1\u010det po tv&eacute; cest\u011b,pozn\u00e1 t\u011b, kdy\u017e se s tebou setk\u00e1v\u00e1me,jako s chud&yacute;m, slab&yacute;m a uv\u011bzn\u011bn&yacute;m.Daruj n\u00e1m pokoj pln&yacute; d\u016fv\u011bry a poklidu,skrze d\u00edlo sv&eacute;ho Ducha,te\u010f jsem v\u017edyckya na &#8230; <a title=\"Modlitba po\u017eehn\u00e1n\u00ed\" class=\"read-more\" href=\"https:\/\/www.texty.santegidio.cz\/?page_id=724\" aria-label=\"More on Modlitba po\u017eehn\u00e1n\u00ed\">Read more<\/a><\/p>\n","protected":false},"author":1,"featured_media":0,"parent":692,"menu_order":0,"comment_status":"open","ping_status":"open","template":"","meta":{"_uag_custom_page_level_css":"","jetpack_post_was_ever_published":false,"footnotes":""},"class_list":["post-724","page","type-page","status-publish"],"uagb_featured_image_src":{"full":false,"thumbnail":false,"medium":false,"medium_large":false,"large":false,"1536x1536":false,"2048x2048":false},"uagb_author_info":{"display_name":"Pavel","author_link":"https:\/\/www.texty.santegidio.cz\/?author=1"},"uagb_comment_info":0,"uagb_excerpt":"V&scaron;emohouc\u00ed Pane,Ot\u010de n\u00e1&scaron;ho P\u00e1na Je\u017e\u00ed&scaron;e Krista,po\u017eehnej t\u011bmto sv&yacute;m slu\u017eebn\u00edk\u016fm.Ochra\u0148uj n\u00e1s a pom\u00e1hej n\u00e1m,Ob&scaron;\u0165astni n\u00e1s svou p\u0159\u00edtomnost\u00ed.Ochra\u0148uj n\u00e1s a u\u010di\u0148 n\u00e1s pevn&yacute;mi p\u0159ed tebou.U\u010d n\u00e1s b&yacute;t poslu&scaron;n&yacute;mi tv&yacute;mi Slova,a kr\u00e1\u010det po tv&eacute; cest\u011b,pozn\u00e1 t\u011b, kdy\u017e se s tebou setk\u00e1v\u00e1me,jako s chud&yacute;m, slab&yacute;m a uv\u011bzn\u011bn&yacute;m.Daruj n\u00e1m pokoj pln&yacute; d\u016fv\u011bry a poklidu,skrze d\u00edlo sv&eacute;ho Ducha,te\u010f jsem v\u017edyckya na&hellip;","jetpack_sharing_enabled":true,"jetpack_shortlink":"https:\/\/wp.me\/PawMsT-bG","_links":{"self":[{"href":"https:\/\/www.texty.santegidio.cz\/index.php?rest_route=\/wp\/v2\/pages\/724","targetHints":{"allow":["GET"]}}],"collection":[{"href":"https:\/\/www.texty.santegidio.cz\/index.php?rest_route=\/wp\/v2\/pages"}],"about":[{"href":"https:\/\/www.texty.santegidio.cz\/index.php?rest_route=\/wp\/v2\/types\/page"}],"author":[{"embeddable":true,"href":"https:\/\/www.texty.santegidio.cz\/index.php?rest_route=\/wp\/v2\/users\/1"}],"replies":[{"embeddable":true,"href":"https:\/\/www.texty.santegidio.cz\/index.php?rest_route=%2Fwp%2Fv2%2Fcomments&post=724"}],"version-history":[{"count":0,"href":"https:\/\/www.texty.santegidio.cz\/index.php?rest_route=\/wp\/v2\/pages\/724\/revisions"}],"up":[{"embeddable":true,"href":"https:\/\/www.texty.santegidio.cz\/index.php?rest_route=\/wp\/v2\/pages\/692"}],"wp:attachment":[{"href":"https:\/\/www.texty.santegidio.cz\/index.php?rest_route=%2Fwp%2Fv2%2Fmedia&parent=724"}],"curies":[{"name":"wp","href":"https:\/\/api.w.org\/{rel}","templated":true}]}}