{"id":72,"date":"2018-12-12T10:15:02","date_gmt":"2018-12-12T09:15:02","guid":{"rendered":"http:\/\/www.texty.santegidio.cz?page_id=72"},"modified":"2018-12-12T10:15:04","modified_gmt":"2018-12-12T09:15:04","slug":"zalm-20","status":"publish","type":"page","link":"https:\/\/www.texty.santegidio.cz\/?page_id=72","title":{"rendered":"\u017dalm 20"},"content":{"rendered":"<p>Odpov\u011bz n\u00e1m, Pane, kdy\u017e k&nbsp;tob\u011b vol\u00e1me.<\/p>\n<p>&#8211; <sup>2<\/span><\/sup> K\u00e9\u017e P\u00e1n t\u011b vysly\u0161\u00ed v dnech skl\u00ed\u010denosti!<br \/>Ochra\u0148 t\u011b jm\u00e9no Boha J<strong>\u00e1<\/strong>kobova!<\/p>\n<p>&#8211; <sup>3<\/span><\/sup> K\u00e9\u017e ti svou pomoc po\u0161le ze svatyn\u011b,<br \/>k\u00e9\u017e ti svou podporu d\u00e1 z<strong>e<\/strong> Si\u00f3nu!<\/p>\n<p>&#8211; <sup>4<\/span><\/sup> K\u00e9\u017e na tv\u00e9 ob\u011bti se rozpomene,<br \/>k\u00e9\u017e ve tv\u00e9 \u017eertv\u011b najde z<strong>a<\/strong>l\u00edben\u00ed!<\/p>\n<p>&#8211; <sup>5<\/span><\/sup> K\u00e9\u017e d\u00e1 ti, po \u010dem tvoje srdce tou\u017e\u00ed,<br \/>k\u00e9\u017e vypln\u00ed tv\u016fj ka\u017ed\u00fd d<strong>o<\/strong>br\u00fd z\u00e1m\u011br!<\/p>\n<p>= <sup>6<\/span><\/sup> A budem j\u00e1sat nad pomoc\u00ed P\u00e1n\u011b\u2020<br \/>a oslavovat jm\u00e9no sv\u00e9ho Boha!<br \/>Jenom a\u0165 P\u00e1n tv\u00e9 v\u0161echny pr<strong>o<\/strong>sby spln\u00ed!<\/p>\n<p>= <sup>7<\/span><\/sup> Te\u010f v\u00edm, \u017ee sv\u00e9mu pomazan\u00e9mu\u2020<br \/>P\u00e1n d\u00e1v\u00e1 v\u00edt\u011bzit a z v\u00fd\u0161in nebes<br \/>svou pravic\u00ed mu sp<strong>\u011b<\/strong>ch\u00e1 na pomoc.<\/p>\n<p>&#8211; <sup>8<\/span><\/sup> Jedni jsou siln\u00ed vozbou, druz\u00ed j\u00edzdou,<br \/>ale my jm\u00e9nem P\u00e1na, sv<strong>\u00e9<\/strong>ho Boha.<\/p>\n<p>&#8211; <sup>9<\/span><\/sup> Tamti se ov\u0161em zhroutili a padli,<br \/>kde\u017eto my stoj\u00edme a v<strong>y<\/strong>trv\u00e1me!<\/p>\n<p>&#8211; <sup>10<\/span><\/sup> Pane, chra\u0148 kr\u00e1le, v\u00edt\u011bzstv\u00ed mu daruj,<br \/>vysly\u0161 n\u00e1s v den, kdy k t<strong>o<\/strong>b\u011b vol\u00e1me!<\/p>\n","protected":false},"excerpt":{"rendered":"<p>Odpov\u011bz n\u00e1m, Pane, kdy\u017e k&nbsp;tob\u011b vol\u00e1me. &#8211; 2 K\u00e9\u017e P\u00e1n t\u011b vysly\u0161\u00ed v dnech skl\u00ed\u010denosti!Ochra\u0148 t\u011b jm\u00e9no Boha J\u00e1kobova! &#8211; 3 K\u00e9\u017e ti svou pomoc po\u0161le ze svatyn\u011b,k\u00e9\u017e ti svou podporu d\u00e1 ze Si\u00f3nu! &#8211; 4 K\u00e9\u017e na tv\u00e9 ob\u011bti se rozpomene,k\u00e9\u017e ve tv\u00e9 \u017eertv\u011b najde zal\u00edben\u00ed! &#8211; 5 K\u00e9\u017e d\u00e1 ti, po \u010dem tvoje &#8230; <a title=\"\u017dalm 20\" class=\"read-more\" href=\"https:\/\/www.texty.santegidio.cz\/?page_id=72\" aria-label=\"More on \u017dalm 20\">Read more<\/a><\/p>\n","protected":false},"author":1,"featured_media":0,"parent":29,"menu_order":0,"comment_status":"closed","ping_status":"closed","template":"","meta":{"_uag_custom_page_level_css":"","jetpack_post_was_ever_published":false,"footnotes":""},"class_list":["post-72","page","type-page","status-publish"],"uagb_featured_image_src":{"full":false,"thumbnail":false,"medium":false,"medium_large":false,"large":false,"1536x1536":false,"2048x2048":false},"uagb_author_info":{"display_name":"Pavel","author_link":"https:\/\/www.texty.santegidio.cz\/?author=1"},"uagb_comment_info":0,"uagb_excerpt":"Odpov\u011bz n\u00e1m, Pane, kdy\u017e k&nbsp;tob\u011b vol\u00e1me. &#8211; 2 K\u00e9\u017e P\u00e1n t\u011b vysly\u0161\u00ed v dnech skl\u00ed\u010denosti!Ochra\u0148 t\u011b jm\u00e9no Boha J\u00e1kobova! &#8211; 3 K\u00e9\u017e ti svou pomoc po\u0161le ze svatyn\u011b,k\u00e9\u017e ti svou podporu d\u00e1 ze Si\u00f3nu! &#8211; 4 K\u00e9\u017e na tv\u00e9 ob\u011bti se rozpomene,k\u00e9\u017e ve tv\u00e9 \u017eertv\u011b najde zal\u00edben\u00ed! &#8211; 5 K\u00e9\u017e d\u00e1 ti, po \u010dem tvoje&hellip;","jetpack_sharing_enabled":true,"jetpack_shortlink":"https:\/\/wp.me\/PawMsT-1a","_links":{"self":[{"href":"https:\/\/www.texty.santegidio.cz\/index.php?rest_route=\/wp\/v2\/pages\/72","targetHints":{"allow":["GET"]}}],"collection":[{"href":"https:\/\/www.texty.santegidio.cz\/index.php?rest_route=\/wp\/v2\/pages"}],"about":[{"href":"https:\/\/www.texty.santegidio.cz\/index.php?rest_route=\/wp\/v2\/types\/page"}],"author":[{"embeddable":true,"href":"https:\/\/www.texty.santegidio.cz\/index.php?rest_route=\/wp\/v2\/users\/1"}],"replies":[{"embeddable":true,"href":"https:\/\/www.texty.santegidio.cz\/index.php?rest_route=%2Fwp%2Fv2%2Fcomments&post=72"}],"version-history":[{"count":1,"href":"https:\/\/www.texty.santegidio.cz\/index.php?rest_route=\/wp\/v2\/pages\/72\/revisions"}],"predecessor-version":[{"id":1242,"href":"https:\/\/www.texty.santegidio.cz\/index.php?rest_route=\/wp\/v2\/pages\/72\/revisions\/1242"}],"up":[{"embeddable":true,"href":"https:\/\/www.texty.santegidio.cz\/index.php?rest_route=\/wp\/v2\/pages\/29"}],"wp:attachment":[{"href":"https:\/\/www.texty.santegidio.cz\/index.php?rest_route=%2Fwp%2Fv2%2Fmedia&parent=72"}],"curies":[{"name":"wp","href":"https:\/\/api.w.org\/{rel}","templated":true}]}}