{"id":71,"date":"2018-12-12T10:15:02","date_gmt":"2018-12-12T09:15:02","guid":{"rendered":"http:\/\/www.texty.santegidio.cz?page_id=71"},"modified":"2018-12-12T10:15:04","modified_gmt":"2018-12-12T09:15:04","slug":"zalm-19","status":"publish","type":"page","link":"https:\/\/www.texty.santegidio.cz\/?page_id=71","title":{"rendered":"\u017dalm 19"},"content":{"rendered":"<p>Slovo P\u00e1n\u011b je ryz\u00ed, trv\u00e1 nav\u011bky.<\/p>\n<p>&#8211; <sup>2<\/span><\/sup> O Bo\u017e\u00ed sl\u00e1v\u011b vypravuje nebe,<br \/>obloha hl\u00e1s\u00e1 d\u00edla j<strong>e<\/strong>ho rukou,<\/p>\n<p>= <sup>3<\/span><\/sup> den dni to \u0159\u00edk\u00e1, noc to \u0161ept\u00e1 noci.\u2020<br \/><sup>4<\/span><\/sup> Nen\u00ed to ani \u0159e\u010d a nejsou slova:<br \/>hovo\u0159\u00ed takto hlasem n<strong>e<\/strong>posti\u017en\u00fdm.<\/p>\n<p>= <sup>5<\/span><\/sup> Ten hlas v\u0161ak prostupuje celou zemi,\u2020<br \/>zn\u00ed mluva nebes na s\u00e1m konec sv\u011bta,<br \/>a\u017e tam, kde slunci vyb<strong>u<\/strong>doval stan.<\/p>\n<p>&#8211; <sup>6<\/span><\/sup> Z n\u011bho pak slunce vych\u00e1z\u00ed jak \u017eenich,<br \/>t\u011b\u0161\u00ed se jako b\u011b\u017eec p\u0159<strong>e<\/strong>d z\u00e1vodem.<\/p>\n<p>= <sup>7<\/span><\/sup> Vych\u00e1z\u00ed od jednoho konce nebes\u2020<br \/>a b\u011b\u017e\u00ed zas a\u017e na opa\u010dn\u00fd konec,<br \/>p\u0159ed jeho \u017e\u00e1rem nic s<strong>e<\/strong> neschov\u00e1.<\/p>\n<p>&#8211; <sup>8<\/span><\/sup> Z\u00e1kon P\u00e1n\u011b je dokonal\u00fd,<br \/>on posil<strong>u<\/strong>je du\u0161i,<br \/>&#8211; sv\u011bdectv\u00ed jeho spolehliv\u00e9,<br \/>d\u00e1 moudrost n<strong>e<\/strong>v\u011bdom\u00fdm;<\/p>\n<p>&#8211; <sup>9<\/span><\/sup> v\u00fdroky P\u00e1n\u011b p\u0159\u00edmo\u010dar\u00e9,<br \/>jsou srdci p<strong>o<\/strong>t\u011b\u0161en\u00edm;<br \/>&#8211; a p\u0159ik\u00e1z\u00e1n\u00ed P\u00e1n\u011b jasn\u00e1,<br \/>v nich o\u010di pr<strong>o<\/strong>hl\u00e9daj\u00ed.<\/p>\n<p>&#8211; <sup>10<\/span><\/sup> A b\u00e1ze\u0148 p\u0159ed P\u00e1nem je ryz\u00ed,<br \/>trvalou st<strong>\u00e1<\/strong>lost d\u00e1v\u00e1;<br \/>&#8211; a soudy P\u00e1n\u011b pravda sama<br \/>a v\u017edycky spr<strong>a<\/strong>vedliv\u00e9.<\/p>\n<p>&#8211; <sup>11<\/span><\/sup> Jsou vz\u00e1cn\u011bj\u0161\u00ed ne\u017e zlat\u00e1 ruda,<br \/>ne\u017e ryz\u00ed zl<strong>a<\/strong>to v hald\u00e1ch,<br \/>&#8211; jsou lahodnost\u00ed slad\u0161\u00ed medu<br \/>a pr\u00fd\u0161t\u00edc<strong>\u00ed<\/strong>ho pl\u00e1stu.<\/p>\n<p>&#8211; <sup>12<\/span><\/sup> Proto tv\u016fj slu\u017eebn\u00edk db\u00e1 jejich rady;<br \/>m\u00e1 hojnou odm\u011bnu, kdo s<strong>e<\/strong> jich dr\u017e\u00ed.<\/p>\n<p>&#8211; <sup>13<\/span><\/sup> Ale kdo v\u017edycky postihne svou chybu?<br \/>O\u010dis\u0165 m\u011b tedy od vin n<strong>e<\/strong>v\u011bdom\u00fdch<\/p>\n<p>&#8211; <sup>14<\/span><\/sup> a uchra\u0148 sv\u00e9ho slu\u017eebn\u00edka p\u00fdchy,<br \/>a\u0165 ona nem\u00e1 v<strong>r<\/strong>chu nade mnou!<br \/>&#8211; Tak jenom zachov\u00e1m se bez \u00fahony<br \/>a t\u011b\u017ek\u00fdch proh\u0159e\u0161k\u016f s<strong>e<\/strong> vyst\u0159\u00edh\u00e1m.<\/p>\n<p>= <sup>15<\/span><\/sup> K\u00e9\u017e slova \u00fast m\u00fdch, Pane, se ti l\u00edb\u00ed,\u2020<br \/>k\u00e9\u017e k tob\u011b dos\u00e1hne hlas m\u00e9ho srdce,<br \/>Pane, m\u00e1 sk\u00e1lo a m<strong>\u016f<\/strong>j zachr\u00e1nce!<\/p>\n","protected":false},"excerpt":{"rendered":"<p>Slovo P\u00e1n\u011b je ryz\u00ed, trv\u00e1 nav\u011bky. &#8211; 2 O Bo\u017e\u00ed sl\u00e1v\u011b vypravuje nebe,obloha hl\u00e1s\u00e1 d\u00edla jeho rukou, = 3 den dni to \u0159\u00edk\u00e1, noc to \u0161ept\u00e1 noci.\u20204 Nen\u00ed to ani \u0159e\u010d a nejsou slova:hovo\u0159\u00ed takto hlasem neposti\u017en\u00fdm. = 5 Ten hlas v\u0161ak prostupuje celou zemi,\u2020zn\u00ed mluva nebes na s\u00e1m konec sv\u011bta,a\u017e tam, kde slunci vybudoval &#8230; <a title=\"\u017dalm 19\" class=\"read-more\" href=\"https:\/\/www.texty.santegidio.cz\/?page_id=71\" aria-label=\"More on \u017dalm 19\">Read more<\/a><\/p>\n","protected":false},"author":1,"featured_media":0,"parent":29,"menu_order":0,"comment_status":"closed","ping_status":"closed","template":"","meta":{"_uag_custom_page_level_css":"","jetpack_post_was_ever_published":false,"footnotes":""},"class_list":["post-71","page","type-page","status-publish"],"uagb_featured_image_src":{"full":false,"thumbnail":false,"medium":false,"medium_large":false,"large":false,"1536x1536":false,"2048x2048":false},"uagb_author_info":{"display_name":"Pavel","author_link":"https:\/\/www.texty.santegidio.cz\/?author=1"},"uagb_comment_info":0,"uagb_excerpt":"Slovo P\u00e1n\u011b je ryz\u00ed, trv\u00e1 nav\u011bky. &#8211; 2 O Bo\u017e\u00ed sl\u00e1v\u011b vypravuje nebe,obloha hl\u00e1s\u00e1 d\u00edla jeho rukou, = 3 den dni to \u0159\u00edk\u00e1, noc to \u0161ept\u00e1 noci.\u20204 Nen\u00ed to ani \u0159e\u010d a nejsou slova:hovo\u0159\u00ed takto hlasem neposti\u017en\u00fdm. = 5 Ten hlas v\u0161ak prostupuje celou zemi,\u2020zn\u00ed mluva nebes na s\u00e1m konec sv\u011bta,a\u017e tam, kde slunci vybudoval&hellip;","jetpack_sharing_enabled":true,"jetpack_shortlink":"https:\/\/wp.me\/PawMsT-19","_links":{"self":[{"href":"https:\/\/www.texty.santegidio.cz\/index.php?rest_route=\/wp\/v2\/pages\/71","targetHints":{"allow":["GET"]}}],"collection":[{"href":"https:\/\/www.texty.santegidio.cz\/index.php?rest_route=\/wp\/v2\/pages"}],"about":[{"href":"https:\/\/www.texty.santegidio.cz\/index.php?rest_route=\/wp\/v2\/types\/page"}],"author":[{"embeddable":true,"href":"https:\/\/www.texty.santegidio.cz\/index.php?rest_route=\/wp\/v2\/users\/1"}],"replies":[{"embeddable":true,"href":"https:\/\/www.texty.santegidio.cz\/index.php?rest_route=%2Fwp%2Fv2%2Fcomments&post=71"}],"version-history":[{"count":1,"href":"https:\/\/www.texty.santegidio.cz\/index.php?rest_route=\/wp\/v2\/pages\/71\/revisions"}],"predecessor-version":[{"id":1241,"href":"https:\/\/www.texty.santegidio.cz\/index.php?rest_route=\/wp\/v2\/pages\/71\/revisions\/1241"}],"up":[{"embeddable":true,"href":"https:\/\/www.texty.santegidio.cz\/index.php?rest_route=\/wp\/v2\/pages\/29"}],"wp:attachment":[{"href":"https:\/\/www.texty.santegidio.cz\/index.php?rest_route=%2Fwp%2Fv2%2Fmedia&parent=71"}],"curies":[{"name":"wp","href":"https:\/\/api.w.org\/{rel}","templated":true}]}}