{"id":702,"date":"2018-10-09T14:05:28","date_gmt":"2018-10-09T12:05:28","guid":{"rendered":"http:\/\/www.texty.santegidio.cz?page_id=702"},"modified":"2018-11-18T22:47:20","modified_gmt":"2018-11-18T21:47:20","slug":"vi-modlitby-behem-liturgickeho-roku","status":"publish","type":"page","link":"https:\/\/www.texty.santegidio.cz\/?page_id=702","title":{"rendered":"VI. MODLITBY B\u011aHEM LITURGICK\u00c9HO ROKU"},"content":{"rendered":"<div class=\"pt-cv-wrapper\"><div class=\"pt-cv-view pt-cv-grid pt-cv-colsys\" id=\"pt-cv-view-765c78665t\"><div data-id=\"pt-cv-page-1\" class=\"pt-cv-page\" data-cvc=\"1\"><div class=\"col-md-12 col-sm-6 col-xs-12 pt-cv-content-item pt-cv-1-col\" ><div class='pt-cv-ifield'><h4 class=\"pt-cv-title\"><a href=\"https:\/\/www.texty.santegidio.cz\/?page_id=993\" class=\"_self\" target=\"_self\" >Modlitba za nov\u00fd za\u010d\u00e1tek<\/a><\/h4><\/div><\/div>\n<div class=\"col-md-12 col-sm-6 col-xs-12 pt-cv-content-item pt-cv-1-col\" ><div class='pt-cv-ifield'><h4 class=\"pt-cv-title\"><a href=\"https:\/\/www.texty.santegidio.cz\/?page_id=994\" class=\"_self\" target=\"_self\" >Adventn\u00ed modlitba<\/a><\/h4><\/div><\/div>\n<div class=\"col-md-12 col-sm-6 col-xs-12 pt-cv-content-item pt-cv-1-col\" ><div class='pt-cv-ifield'><h4 class=\"pt-cv-title\"><a href=\"https:\/\/www.texty.santegidio.cz\/?page_id=995\" class=\"_self\" target=\"_self\" >Adventn\u00ed po\u017eehn\u00e1n\u00ed<\/a><\/h4><\/div><\/div>\n<div class=\"col-md-12 col-sm-6 col-xs-12 pt-cv-content-item pt-cv-1-col\" ><div class='pt-cv-ifield'><h4 class=\"pt-cv-title\"><a href=\"https:\/\/www.texty.santegidio.cz\/?page_id=996\" class=\"_self\" target=\"_self\" >V\u00e1no\u010dn\u00ed modlitba<\/a><\/h4><\/div><\/div>\n<div class=\"col-md-12 col-sm-6 col-xs-12 pt-cv-content-item pt-cv-1-col\" ><div class='pt-cv-ifield'><h4 class=\"pt-cv-title\"><a href=\"https:\/\/www.texty.santegidio.cz\/?page_id=997\" class=\"_self\" target=\"_self\" >Modlitba se Simeonem<\/a><\/h4><\/div><\/div>\n<div class=\"col-md-12 col-sm-6 col-xs-12 pt-cv-content-item pt-cv-1-col\" ><div class='pt-cv-ifield'><h4 class=\"pt-cv-title\"><a href=\"https:\/\/www.texty.santegidio.cz\/?page_id=998\" class=\"_self\" target=\"_self\" >Modlitba v postn\u00ed dob\u011b<\/a><\/h4><\/div><\/div>\n<div class=\"col-md-12 col-sm-6 col-xs-12 pt-cv-content-item pt-cv-1-col\" ><div class='pt-cv-ifield'><h4 class=\"pt-cv-title\"><a href=\"https:\/\/www.texty.santegidio.cz\/?page_id=999\" class=\"_self\" target=\"_self\" >Modlitba k\u0159\u00ed\u017ee<\/a><\/h4><\/div><\/div>\n<div class=\"col-md-12 col-sm-6 col-xs-12 pt-cv-content-item pt-cv-1-col\" ><div class='pt-cv-ifield'><h4 class=\"pt-cv-title\"><a href=\"https:\/\/www.texty.santegidio.cz\/?page_id=1000\" class=\"_self\" target=\"_self\" >Modlitba na cest\u011b k\u0159\u00ed\u017ee<\/a><\/h4><\/div><\/div>\n<div class=\"col-md-12 col-sm-6 col-xs-12 pt-cv-content-item pt-cv-1-col\" ><div class='pt-cv-ifield'><h4 class=\"pt-cv-title\"><a href=\"https:\/\/www.texty.santegidio.cz\/?page_id=1001\" class=\"_self\" target=\"_self\" >Modlitba pod k\u0159\u00ed\u017eem<\/a><\/h4><\/div><\/div>\n<div class=\"col-md-12 col-sm-6 col-xs-12 pt-cv-content-item pt-cv-1-col\" ><div class='pt-cv-ifield'><h4 class=\"pt-cv-title\"><a href=\"https:\/\/www.texty.santegidio.cz\/?page_id=1002\" class=\"_self\" target=\"_self\" >Modlitba k opu\u0161t\u011bn\u00e9mu P\u00e1nu<\/a><\/h4><\/div><\/div>\n<div class=\"col-md-12 col-sm-6 col-xs-12 pt-cv-content-item pt-cv-1-col\" ><div class='pt-cv-ifield'><h4 class=\"pt-cv-title\"><a href=\"https:\/\/www.texty.santegidio.cz\/?page_id=1003\" class=\"_self\" target=\"_self\" >Modlitba u k\u0159\u00ed\u017ee<\/a><\/h4><\/div><\/div>\n<div class=\"col-md-12 col-sm-6 col-xs-12 pt-cv-content-item pt-cv-1-col\" ><div class='pt-cv-ifield'><h4 class=\"pt-cv-title\"><a href=\"https:\/\/www.texty.santegidio.cz\/?page_id=1005\" class=\"_self\" target=\"_self\" >Modlitba k bezmocn\u00e9mu Kristu<\/a><\/h4><\/div><\/div>\n<div class=\"col-md-12 col-sm-6 col-xs-12 pt-cv-content-item pt-cv-1-col\" ><div class='pt-cv-ifield'><h4 class=\"pt-cv-title\"><a href=\"https:\/\/www.texty.santegidio.cz\/?page_id=1006\" class=\"_self\" target=\"_self\" >Modlitba sn\u00edm\u00e1n\u00ed z k\u0159\u00ed\u017ee<\/a><\/h4><\/div><\/div>\n<div class=\"col-md-12 col-sm-6 col-xs-12 pt-cv-content-item pt-cv-1-col\" ><div class='pt-cv-ifield'><h4 class=\"pt-cv-title\"><a href=\"https:\/\/www.texty.santegidio.cz\/?page_id=1007\" class=\"_self\" target=\"_self\" >Modlitba vzk\u0159\u00ed\u0161en\u00ed<\/a><\/h4><\/div><\/div>\n<div class=\"col-md-12 col-sm-6 col-xs-12 pt-cv-content-item pt-cv-1-col\" ><div class='pt-cv-ifield'><h4 class=\"pt-cv-title\"><a href=\"https:\/\/www.texty.santegidio.cz\/?page_id=1008\" class=\"_self\" target=\"_self\" >Modlitba ke vzk\u0159\u00ed\u0161en\u00e9mu Kristu<\/a><\/h4><\/div><\/div>\n<div class=\"col-md-12 col-sm-6 col-xs-12 pt-cv-content-item pt-cv-1-col\" ><div class='pt-cv-ifield'><h4 class=\"pt-cv-title\"><a href=\"https:\/\/www.texty.santegidio.cz\/?page_id=1009\" class=\"_self\" target=\"_self\" >Velikono\u010dn\u00ed modlitba<\/a><\/h4><\/div><\/div>\n<div class=\"col-md-12 col-sm-6 col-xs-12 pt-cv-content-item pt-cv-1-col\" ><div class='pt-cv-ifield'><h4 class=\"pt-cv-title\"><a href=\"https:\/\/www.texty.santegidio.cz\/?page_id=1010\" class=\"_self\" target=\"_self\" >Modlitba o Ducha svat\u00e9ho<\/a><\/h4><\/div><\/div>\n<div class=\"col-md-12 col-sm-6 col-xs-12 pt-cv-content-item pt-cv-1-col\" ><div class='pt-cv-ifield'><h4 class=\"pt-cv-title\"><a href=\"https:\/\/www.texty.santegidio.cz\/?page_id=1011\" class=\"_self\" target=\"_self\" >Svatodu\u0161n\u00ed po\u017eehn\u00e1n\u00ed<\/a><\/h4><\/div><\/div>\n<div class=\"col-md-12 col-sm-6 col-xs-12 pt-cv-content-item pt-cv-1-col\" ><div class='pt-cv-ifield'><h4 class=\"pt-cv-title\"><a href=\"https:\/\/www.texty.santegidio.cz\/?page_id=1012\" class=\"_self\" target=\"_self\" >Modlitba v dob\u011b po Letnic\u00edch<\/a><\/h4><\/div><\/div><\/div><\/div><\/div>\n","protected":false},"excerpt":{"rendered":"","protected":false},"author":1,"featured_media":0,"parent":696,"menu_order":0,"comment_status":"closed","ping_status":"closed","template":"template-fullwidth.php","meta":{"_uag_custom_page_level_css":"","jetpack_post_was_ever_published":false,"footnotes":""},"class_list":["post-702","page","type-page","status-publish"],"uagb_featured_image_src":{"full":false,"thumbnail":false,"medium":false,"medium_large":false,"large":false,"1536x1536":false,"2048x2048":false},"uagb_author_info":{"display_name":"Pavel","author_link":"https:\/\/www.texty.santegidio.cz\/?author=1"},"uagb_comment_info":0,"uagb_excerpt":null,"jetpack_sharing_enabled":true,"jetpack_shortlink":"https:\/\/wp.me\/PawMsT-bk","_links":{"self":[{"href":"https:\/\/www.texty.santegidio.cz\/index.php?rest_route=\/wp\/v2\/pages\/702","targetHints":{"allow":["GET"]}}],"collection":[{"href":"https:\/\/www.texty.santegidio.cz\/index.php?rest_route=\/wp\/v2\/pages"}],"about":[{"href":"https:\/\/www.texty.santegidio.cz\/index.php?rest_route=\/wp\/v2\/types\/page"}],"author":[{"embeddable":true,"href":"https:\/\/www.texty.santegidio.cz\/index.php?rest_route=\/wp\/v2\/users\/1"}],"replies":[{"embeddable":true,"href":"https:\/\/www.texty.santegidio.cz\/index.php?rest_route=%2Fwp%2Fv2%2Fcomments&post=702"}],"version-history":[{"count":1,"href":"https:\/\/www.texty.santegidio.cz\/index.php?rest_route=\/wp\/v2\/pages\/702\/revisions"}],"predecessor-version":[{"id":1196,"href":"https:\/\/www.texty.santegidio.cz\/index.php?rest_route=\/wp\/v2\/pages\/702\/revisions\/1196"}],"up":[{"embeddable":true,"href":"https:\/\/www.texty.santegidio.cz\/index.php?rest_route=\/wp\/v2\/pages\/696"}],"wp:attachment":[{"href":"https:\/\/www.texty.santegidio.cz\/index.php?rest_route=%2Fwp%2Fv2%2Fmedia&parent=702"}],"curies":[{"name":"wp","href":"https:\/\/api.w.org\/{rel}","templated":true}]}}