{"id":70,"date":"2018-12-12T10:15:02","date_gmt":"2018-12-12T09:15:02","guid":{"rendered":"http:\/\/www.texty.santegidio.cz?page_id=70"},"modified":"2018-12-12T10:15:04","modified_gmt":"2018-12-12T09:15:04","slug":"zalm-18","status":"publish","type":"page","link":"https:\/\/www.texty.santegidio.cz\/?page_id=70","title":{"rendered":"\u017dalm 18"},"content":{"rendered":"<p>Vzd\u00e1v\u00e1m ti d\u00edky, Pane, \u017ee jsi m\u011b vysvobodil od zla.<\/p>\n<p>&#8211; <sup>2<\/span><\/sup> S l\u00e1skou t\u011b vyzn\u00e1v\u00e1m, Pane, m\u00e1 s\u00edlo!<br \/><sup>3<\/span><\/sup> Pane, m\u00e1 sk\u00e1lo, m\u00e1 tv<strong>r<\/strong>zi, m\u00e1 sp\u00e1so,<br \/>&#8211; ty jsi m\u016fj B\u016fh, m\u016fj hrad, kde se skryji,<br \/>ty jsi m\u016fj \u0161t\u00edt a z\u00e1chr<strong>a<\/strong>na moje!<\/p>\n<p>&#8211; <sup>4<\/span><\/sup> \u00fap\u011bnliv\u011b volal jsem k P\u00e1nu,<br \/>osvobodil m\u011b <strong>o<\/strong>d nep\u0159\u00e1tel!<\/p>\n<p>&#8211; <sup>5<\/span><\/sup> Smrt\u00edc\u00ed vlny m\u011b zalily,<br \/>p\u0159\u00edboje zk\u00e1zy m\u011b pln<strong>i<\/strong>ly d\u011bsem.<\/p>\n<p>&#8211; <sup>6<\/span><\/sup> Osidla temnot m\u011b ovila,<br \/>smy\u010dky smrti se n<strong>a<\/strong>de mnou zdrhly.<\/p>\n<p>&#8211; <sup>7<\/span><\/sup> K P\u00e1nu jsem volal v \u00fazkostech,<br \/>k Bohu jsem k\u0159i\u010del <strong>o<\/strong> z\u00e1chranu.<br \/>&#8211; Ze sv\u00e9ho chr\u00e1mu sly\u0161el m\u016fj hlas,<br \/>k jeho u\u0161\u00edm d<strong>o<\/strong>\u0161el m\u016fj n\u00e1\u0159ek.<\/p>\n<p>= <sup>8<\/span><\/sup> A tu se zachv\u011bla, pohnula zem,\u2020<br \/>v z\u00e1kladech hor se zakol\u00edsala,<br \/>jak ve sv\u00e9m hn\u011bvu j\u00ed <strong>o<\/strong>t\u0159\u00e1sal P\u00e1n.<\/p>\n<p>= <sup>9<\/span><\/sup> Z jeho nozder valil se d\u00fdm,\u2020<br \/>z jeho \u00fast \u0161lehal s\u017e\u00edrav\u00fd plamen,<br \/>\u0159e\u0159av\u00e9 uhl\u00edky s<strong>r<\/strong>\u0161ely z n\u011bj.<\/p>\n<p>&#8211; <sup>10<\/span><\/sup> Nach\u00fdlil nebe a sestoupil n\u00ed\u017e,<br \/>s \u010dern\u00fdmi mra\u010dny p<strong>o<\/strong>d nohama.<\/p>\n<p>&#8211; <sup>11<\/span><\/sup> Na cherubovi p\u0159il\u00e9tal,<br \/>na perut\u00edch v<strong>i<\/strong>chru se sn\u00e1\u0161el.<\/p>\n<p>&#8211; <sup>12<\/span><\/sup> Cel\u00fd se halil v temnot\u00e1ch,<br \/>ve stanu z tmav\u00fdch v<strong>o<\/strong>d a mrak\u016f.<\/p>\n<p>&#8211; <sup>13<\/span><\/sup> Ze z\u00e1\u0159e, kter\u00e1 p\u0159ed n\u00edm \u0161la,<br \/>padaly kroupy a \u0159e\u0159<strong>a<\/strong>v\u00e9 uhl\u00ed.<\/p>\n<p>&#8211; <sup>14<\/span><\/sup> Nebesa rachotem rozeh\u0159m\u011bl P\u00e1n,<br \/>hlasem sv\u00fdm Nejvy\u0161\u0161\u00ed z<strong>a<\/strong>bur\u00e1cel.<\/p>\n<p>&#8211; <sup>15<\/span><\/sup> Vys\u00edlal \u0161\u00edpy do v\u0161ech stran,<br \/>blesky metal a kolk<strong>o<\/strong>lem sr\u0161el.<\/p>\n<p>&#8211; <sup>16<\/span><\/sup> I bylo vid\u011bt a\u017e na mo\u0159sk\u00e9 dno,<br \/>obna\u017eily se z\u00e1kl<strong>a<\/strong>dy zem\u011b,<br \/>&#8211; kdy\u017e ty jsi, Pane, zahrozil,<br \/>zadul vich\u0159ic\u00ed sv<strong>\u00e9<\/strong>ho hn\u011bvu.<\/p>\n<p>&#8211; <sup>17<\/span><\/sup> Pro mne v\u0161ak z v\u00fd\u0161in svou pravic\u00ed s\u00e1h,<br \/>vyzdvihl m\u011b z t\u00e9 z\u00e1pl<strong>a<\/strong>vy vodn\u00ed,<\/p>\n<p>&#8211; <sup>18<\/span><\/sup> vyrval m\u011b z rukou m\u00fdch nep\u0159\u00e1tel,<br \/>z p\u0159esily mocn\u00fdch nen<strong>\u00e1<\/strong>vistn\u00edk\u016f.<\/p>\n<p>&#8211; <sup>19<\/span><\/sup> Vrhli se na mne v m\u016fj neblah\u00fd den,<br \/>P\u00e1n mi v\u0161ak p\u0159isp\u011bchal n<strong>a<\/strong> ochranu.<\/p>\n<p>&#8211; <sup>20<\/span><\/sup> Na voln\u00fd prostor vyvedl mne,<br \/>zachr\u00e1nil, v kom na\u0161el z<strong>a<\/strong>l\u00edben\u00ed.<\/p>\n<p>&#8211; <sup>21<\/span><\/sup> Tak pro mou nevinnost u\u010dinil P\u00e1n,<br \/>splatil mi za to, \u017ee r<strong>u<\/strong>ce m\u00e1m \u010dist\u00e9;<\/p>\n<p>&#8211; <sup>22<\/span><\/sup> za to, \u017ee po cest\u00e1ch P\u00e1n\u011b jsem \u0161el,<br \/>od sv\u00e9ho Boha n<strong>e<\/strong>odpadl.<\/p>\n<p>&#8211; <sup>23<\/span><\/sup> Vskutku jsem v\u0161ech jeho p\u0159\u00edkaz\u016f dbal,<br \/>z\u00e1kony jeho jsem n<strong>e<\/strong>odm\u00edtal.<\/p>\n<p>&#8211; <sup>24<\/span><\/sup> Z\u016fstal jsem p\u0159ed n\u00edm bez viny,<br \/>chr\u00e1nil se bedliv\u011b p\u0159ed pr<strong>o<\/strong>vin\u011bn\u00edm.<\/p>\n<p>&#8211; <sup>25<\/span><\/sup> Odplatil P\u00e1n mou nevinnost,<br \/>nebo\u0165 vid\u011bl, \u017ee r<strong>u<\/strong>ce m\u00e1m \u010dist\u00e9.<\/p>\n<p>&#8211; <sup>26<\/span><\/sup> K v\u011brn\u00e9mu, Pane, jsi v\u011brn\u00fd i ty<br \/>a s dobr\u00fdm jedn\u00e1\u0161 d<strong>o<\/strong>brotiv\u011b.<\/p>\n<p>&#8211; <sup>27<\/span><\/sup> \u010cist\u00e9mu odpl\u00e1c\u00ed\u0161 \u010distotou,<br \/>k chytr\u00e1k\u016fm v\u0161ak jsi <strong>o<\/strong>patrn\u00fd.<\/p>\n<p>&#8211; <sup>28<\/span><\/sup> Tak chr\u00e1n\u00ed\u0161 od zhouby pokorn\u00fd lid,<br \/>pohledy zpupn\u00e9 v\u0161ak p<strong>o<\/strong>ko\u0159uje\u0161.<\/p>\n<p>&#8211; <sup>29<\/span><\/sup> Ano, m\u00e1 sv\u00edtilna, Pane, jsi ty.<br \/>B\u016fh m\u016fj m\u00e9 temnoty <strong>o<\/strong>za\u0159uje.<\/p>\n<p>&#8211; <sup>30<\/span><\/sup> S tebou zt\u00e9k\u00e1m valy a zdi,<br \/>se sv\u00fdm Bohem p\u0159esk<strong>o<\/strong>\u010d\u00edm hradby.<\/p>\n<p>= <sup>31<\/span><\/sup> B\u016fh, Bo\u017e\u00ed cesta je dokonal\u00e1\u2020<br \/>v\u00fdroky P\u00e1n\u011b t\u0159\u00edbeny v ohni,<br \/>on je \u0161t\u00edt v\u0161ech, kdo v n\u011bm hled<strong>a<\/strong>j\u00ed sp\u00e1su.<\/p>\n<p>&#8211; <sup>32<\/span><\/sup> V\u017edy\u0165 kdo je B\u016fh ne\u017e jedin\u011b P\u00e1n,<br \/>kdo ne\u017eli s\u00e1m n\u00e1\u0161 B<strong>\u016f<\/strong>h je sk\u00e1lou?<\/p>\n<p>&#8211; <sup>33<\/span><\/sup> B\u016fh, kter\u00fd silou m\u011b op\u00e1sal,<br \/>cestu mou ochr\u00e1nil <strong>o<\/strong>d \u00fahony.<\/p>\n<p>&#8211; <sup>34<\/span><\/sup> Jelen\u00ed hbitost m\u00fdm krok\u016fm dal,<br \/>on mi dal kr\u00e1\u010det p<strong>o<\/strong> v\u00fd\u0161in\u00e1ch.<\/p>\n<p>&#8211; <sup>35<\/span><\/sup> Ruce m\u00e9 u\u010dil bojovat,<br \/>pa\u017ee m\u00e9 nap\u00ednat kov<strong>o<\/strong>v\u00e9 luky.<\/p>\n<p>= <sup>36<\/span><\/sup> Svou pomoc dals mi za m\u016fj \u0161t\u00edt,\u2020<br \/>pravice tv\u00e1 m\u011b podep\u00edr\u00e1,<br \/>siln\u00fdm m\u011b \u010din\u00ed, \u017ee t<strong>y<\/strong> jsi se mnou.<\/p>\n<p>&#8211; <sup>37<\/span><\/sup> Volnou cestu m\u00fdm krok\u016fm jsi dal,<br \/>abych si kotn\u00edk n<strong>e<\/strong>podvrtl.<\/p>\n<p>&#8211; <sup>38<\/span><\/sup> Nep\u0159\u00e1tele jsem dohonil,<br \/>neucouvl, a\u017e js<strong>e<\/strong>m je pobil.<\/p>\n<p>&#8211; <sup>39<\/span><\/sup> Tak jsem je srazil, \u017ee nevstanou v\u00edc,<br \/>z\u016fstali le\u017eet <strong>u<\/strong> m\u00fdch nohou.<\/p>\n<p>&#8211; <sup>40<\/span><\/sup> Tys k boji silou m\u011b op\u00e1sal,<br \/>podlehnout dals m\u00fdm pr<strong>o<\/strong>tivn\u00edk\u016fm,<\/p>\n<p>&#8211; <sup>41<\/span><\/sup> zahnals m\u00e9 odp\u016frce na \u00fat\u011bk,<br \/>dop\u0159\u00e1ls mi za jejich z<strong>\u00e1<\/strong>\u0161t\u00ed je zni\u010dit.<\/p>\n<p>&#8211; <sup>42<\/span><\/sup> Nadarmo k\u0159i\u010deli o pomoc,<br \/>volali k P\u00e1nu, a nev<strong>y<\/strong>sly\u0161el je.<\/p>\n<p>&#8211; <sup>43<\/span><\/sup> Rozdrtil jsem je na pouh\u00fd prach,<br \/>roz\u0161l\u00e1pl jako na c<strong>e<\/strong>st\u011b bl\u00e1to.<\/p>\n<p>&#8211; <sup>44<\/span><\/sup> Tys m\u011b vytrhl z p\u0159e\u010detn\u00fdch vojsk,<br \/>tys mi dal vl\u00e1du n<strong>a<\/strong>d n\u00e1rody.<br \/>&#8211; Podrobil se mi i nezn\u00e1m\u00fd lid,<br \/><sup>45<\/span><\/sup> poslu\u0161ni jsou, jen zasl<strong>e<\/strong>chnou o mn\u011b.<\/p>\n<p>&#8211; <sup>46<\/span><\/sup> Cizinci s b\u00e1zn\u00ed mi vzd\u00e1vaj\u00ed hold,<br \/>s chv\u011bn\u00edm sv\u00e9 hradby <strong>o<\/strong>pou\u0161t\u011bj\u00ed.<\/p>\n<p>&#8211; <sup>47<\/span><\/sup> P\u00e1n \u017eije! Chv\u00e1la bud Sk\u00e1le m\u00e9!<br \/>Veleben budi\u017e B<strong>\u016f<\/strong>h, m\u00e1 sp\u00e1sa!<\/p>\n<p>&#8211; <sup>48<\/span><\/sup> B\u016fh, jen\u017e mi pom\u00e1h\u00e1 k odplat\u011b,<br \/>kter\u00fd mi n\u00e1rody p<strong>o<\/strong>drobuje!<\/p>\n<p>= <sup>49<\/span><\/sup> P\u0159ed odp\u016frci m\u011b zachr\u00e1nil,\u2020<br \/>vyzdvihl nad v\u0161echny nep\u0159\u00e1tele,<br \/>vytrhl z rukou n<strong>\u00e1<\/strong>siln\u00edka.<\/p>\n<p>&#8211; <sup>50<\/span><\/sup> Za to t\u011b v n\u00e1rodech oslav\u00edm,<br \/>p\u00edsn\u011bmi, Pane, tv\u00e9 jm<strong>\u00e9<\/strong>no chci chv\u00e1lit.<\/p>\n<p>= <sup>51<\/span><\/sup> P\u00e1n sv\u00e9mu kr\u00e1li byl milostiv,\u2020<br \/>vyv\u00fd\u0161il sv\u00e9ho pomazan\u00e9ho,<br \/>Davida i jeho pot<strong>o<\/strong>mstvo nav\u017edy.<\/p>\n","protected":false},"excerpt":{"rendered":"<p>Vzd\u00e1v\u00e1m ti d\u00edky, Pane, \u017ee jsi m\u011b vysvobodil od zla. &#8211; 2 S l\u00e1skou t\u011b vyzn\u00e1v\u00e1m, Pane, m\u00e1 s\u00edlo!3 Pane, m\u00e1 sk\u00e1lo, m\u00e1 tvrzi, m\u00e1 sp\u00e1so,&#8211; ty jsi m\u016fj B\u016fh, m\u016fj hrad, kde se skryji,ty jsi m\u016fj \u0161t\u00edt a z\u00e1chrana moje! &#8211; 4 \u00fap\u011bnliv\u011b volal jsem k P\u00e1nu,osvobodil m\u011b od nep\u0159\u00e1tel! &#8211; 5 Smrt\u00edc\u00ed vlny &#8230; <a title=\"\u017dalm 18\" class=\"read-more\" href=\"https:\/\/www.texty.santegidio.cz\/?page_id=70\" aria-label=\"More on \u017dalm 18\">Read more<\/a><\/p>\n","protected":false},"author":1,"featured_media":0,"parent":29,"menu_order":0,"comment_status":"closed","ping_status":"closed","template":"","meta":{"_uag_custom_page_level_css":"","jetpack_post_was_ever_published":false,"footnotes":""},"class_list":["post-70","page","type-page","status-publish"],"uagb_featured_image_src":{"full":false,"thumbnail":false,"medium":false,"medium_large":false,"large":false,"1536x1536":false,"2048x2048":false},"uagb_author_info":{"display_name":"Pavel","author_link":"https:\/\/www.texty.santegidio.cz\/?author=1"},"uagb_comment_info":0,"uagb_excerpt":"Vzd\u00e1v\u00e1m ti d\u00edky, Pane, \u017ee jsi m\u011b vysvobodil od zla. &#8211; 2 S l\u00e1skou t\u011b vyzn\u00e1v\u00e1m, Pane, m\u00e1 s\u00edlo!3 Pane, m\u00e1 sk\u00e1lo, m\u00e1 tvrzi, m\u00e1 sp\u00e1so,&#8211; ty jsi m\u016fj B\u016fh, m\u016fj hrad, kde se skryji,ty jsi m\u016fj \u0161t\u00edt a z\u00e1chrana moje! &#8211; 4 \u00fap\u011bnliv\u011b volal jsem k P\u00e1nu,osvobodil m\u011b od nep\u0159\u00e1tel! &#8211; 5 Smrt\u00edc\u00ed vlny&hellip;","jetpack_sharing_enabled":true,"jetpack_shortlink":"https:\/\/wp.me\/PawMsT-18","_links":{"self":[{"href":"https:\/\/www.texty.santegidio.cz\/index.php?rest_route=\/wp\/v2\/pages\/70","targetHints":{"allow":["GET"]}}],"collection":[{"href":"https:\/\/www.texty.santegidio.cz\/index.php?rest_route=\/wp\/v2\/pages"}],"about":[{"href":"https:\/\/www.texty.santegidio.cz\/index.php?rest_route=\/wp\/v2\/types\/page"}],"author":[{"embeddable":true,"href":"https:\/\/www.texty.santegidio.cz\/index.php?rest_route=\/wp\/v2\/users\/1"}],"replies":[{"embeddable":true,"href":"https:\/\/www.texty.santegidio.cz\/index.php?rest_route=%2Fwp%2Fv2%2Fcomments&post=70"}],"version-history":[{"count":2,"href":"https:\/\/www.texty.santegidio.cz\/index.php?rest_route=\/wp\/v2\/pages\/70\/revisions"}],"predecessor-version":[{"id":1240,"href":"https:\/\/www.texty.santegidio.cz\/index.php?rest_route=\/wp\/v2\/pages\/70\/revisions\/1240"}],"up":[{"embeddable":true,"href":"https:\/\/www.texty.santegidio.cz\/index.php?rest_route=\/wp\/v2\/pages\/29"}],"wp:attachment":[{"href":"https:\/\/www.texty.santegidio.cz\/index.php?rest_route=%2Fwp%2Fv2%2Fmedia&parent=70"}],"curies":[{"name":"wp","href":"https:\/\/api.w.org\/{rel}","templated":true}]}}