{"id":69,"date":"2018-12-12T10:15:02","date_gmt":"2018-12-12T09:15:02","guid":{"rendered":"http:\/\/www.texty.santegidio.cz?page_id=69"},"modified":"2018-12-12T10:15:04","modified_gmt":"2018-12-12T09:15:04","slug":"zalm-17","status":"publish","type":"page","link":"https:\/\/www.texty.santegidio.cz\/?page_id=69","title":{"rendered":"\u017dalm 17"},"content":{"rendered":"<p>V bezpe\u010d\u00ed m\u011b ukryj pod sv\u00e1 k\u0159\u00eddla, Bo\u017ee.<\/p>\n<p>&#8211; <sup>1<\/span><\/sup> Sly\u0161, Pane, Spravedliv\u00fd, sly\u0161 m\u016fj hlas,<br \/>vysly\u0161 mou prosbu ze rt\u016f, kt<strong>e<\/strong>r\u00e9 nelhou!<\/p>\n<p>&#8211; <sup>2<\/span><\/sup> Jen od tebe a\u0165 vyjde rozsudek,<br \/>tv\u00e9 o\u010di samy vid\u00ed, c<strong>o<\/strong> je pr\u00e1vo.<\/p>\n<p>= <sup>3<\/span><\/sup> Kdybys m\u00e9 srdce zkou\u0161el za noci,\u2020<br \/>zkoumal m\u011b do dna, ohn\u011bm t\u0159\u00edbil m\u011b,<br \/>nepravost \u017e\u00e1dnou na mn\u011b n<strong>e<\/strong>nalezne\u0161.<\/p>\n<p>&#8211; <sup>4<\/span><\/sup> M\u00e1 \u00fasta neh\u0159e\u0161\u00ed, jak b\u00fdv\u00e1 zvyk,<br \/>j\u00e1 jenom podle slov z tv\u00fdch rt<strong>\u016f<\/strong> se \u0159\u00edd\u00edm.<\/p>\n<p>&#8211; <sup>5<\/span><\/sup> J\u00e1 kr\u00e1\u010d\u00edm po cest\u011b tv\u00fdch z\u00e1kon\u016f,<br \/>m\u00e1 noha na tv\u00e9 stezce n<strong>e<\/strong>kol\u00eds\u00e1.<\/p>\n<p>&#8211; <sup>6<\/span><\/sup> J\u00e1 k tob\u011b vol\u00e1m, Bo\u017ee, vysly\u0161 m\u011b!<br \/>Sluch ke mn\u011b naklo\u0148, vysl<strong>e<\/strong>chni m\u00e9 slovo!<\/p>\n<p>= <sup>7<\/span><\/sup> U\u010di\u0148 mi, Pane, div sv\u00e9 milosti,\u2020<br \/>zachra\u0148 ty, kdo se k tob\u011b ut\u00edkaj\u00ed,<br \/>p\u0159ed t\u011bmi, kdo se vzpouz<strong>e<\/strong>j\u00ed tv\u00e9 ruce!<\/p>\n<p>&#8211; <sup>8<\/span><\/sup> Jak z\u0159\u00edtelnici v oku sv\u00e9m m\u011b st\u0159ez<br \/>a v bezpe\u010d\u00ed m\u011b ukryj p<strong>o<\/strong>d sv\u00e1 k\u0159\u00eddla<\/p>\n<p>&#8211; <sup>9<\/span><\/sup> p\u0159ed bezbo\u017en\u00edky, co m\u011b skli\u010duj\u00ed,<br \/>p\u0159ed nep\u0159\u00e1teli, co m\u011b kr<strong>u<\/strong>t\u011b t\u00edsn\u00ed.<\/p>\n<p>&#8211; <sup>10<\/span><\/sup> Jest jejich srdce tukem zarostl\u00e9<br \/>a \u00fasta maj\u00ed plna zp<strong>u<\/strong>pn\u00fdch \u0159e\u010d\u00ed.<\/p>\n<p>&#8211; <sup>11<\/span><\/sup> \u010c\u00edhaj\u00ed na mne, obstupuj\u00ed mne,<br \/>o\u010dima m\u011b\u0159\u00ed, jak m\u011b sv<strong>a<\/strong>lit na zem;<\/p>\n<p>&#8211; <sup>12<\/span><\/sup> jako kdy\u017e lev se chyst\u00e1 na ko\u0159ist,<br \/>nebo lv\u00ed ml\u00e1d\u011b, kter\u00e9 \u010d<strong>\u00ed<\/strong>h\u00e1 vskrytu.<\/p>\n<p>&#8211; <sup>13<\/span><\/sup> Povsta\u0148 u\u017e, Pane, sraz ho, h\u0159\u00ed\u0161n\u00edka,<br \/>sv\u00fdm me\u010dem chra\u0148 m\u016fj \u017eivot p\u0159<strong>e<\/strong>d rouha\u010dem!<\/p>\n<p>&#8211; <sup>14<\/span><\/sup> Svou rukou, Pane, chra\u0148 m\u011b p\u0159ed lidmi!<br \/>A\u0165 jejich \u017eivot vezme b<strong>\u00ed<\/strong>dn\u00fd konec!<\/p>\n<p>= T\u00edm, cos jim p\u0159isoudil, jim napl\u0148 b\u0159ich,\u2020<br \/>a\u0165 maj\u00ed dost i jejich synov\u00e9<br \/>a je\u0161t\u011b zbytky nech<strong>a<\/strong>j\u00ed sv\u00fdm d\u011btem!<\/p>\n<p>&#8211; <sup>15<\/span><\/sup> J\u00e1 spravedliv\u00fd spat\u0159\u00edm v\u0161ak tvou tv\u00e1\u0159;<br \/>a\u017e procitnu, tv\u016fj zjev m\u011b b<strong>u<\/strong>de sytit.<\/p>\n","protected":false},"excerpt":{"rendered":"<p>V bezpe\u010d\u00ed m\u011b ukryj pod sv\u00e1 k\u0159\u00eddla, Bo\u017ee. &#8211; 1 Sly\u0161, Pane, Spravedliv\u00fd, sly\u0161 m\u016fj hlas,vysly\u0161 mou prosbu ze rt\u016f, kter\u00e9 nelhou! &#8211; 2 Jen od tebe a\u0165 vyjde rozsudek,tv\u00e9 o\u010di samy vid\u00ed, co je pr\u00e1vo. = 3 Kdybys m\u00e9 srdce zkou\u0161el za noci,\u2020zkoumal m\u011b do dna, ohn\u011bm t\u0159\u00edbil m\u011b,nepravost \u017e\u00e1dnou na mn\u011b nenalezne\u0161. &#8211; &#8230; <a title=\"\u017dalm 17\" class=\"read-more\" href=\"https:\/\/www.texty.santegidio.cz\/?page_id=69\" aria-label=\"More on \u017dalm 17\">Read more<\/a><\/p>\n","protected":false},"author":1,"featured_media":0,"parent":29,"menu_order":0,"comment_status":"closed","ping_status":"closed","template":"","meta":{"_uag_custom_page_level_css":"","jetpack_post_was_ever_published":false,"footnotes":""},"class_list":["post-69","page","type-page","status-publish"],"uagb_featured_image_src":{"full":false,"thumbnail":false,"medium":false,"medium_large":false,"large":false,"1536x1536":false,"2048x2048":false},"uagb_author_info":{"display_name":"Pavel","author_link":"https:\/\/www.texty.santegidio.cz\/?author=1"},"uagb_comment_info":0,"uagb_excerpt":"V bezpe\u010d\u00ed m\u011b ukryj pod sv\u00e1 k\u0159\u00eddla, Bo\u017ee. &#8211; 1 Sly\u0161, Pane, Spravedliv\u00fd, sly\u0161 m\u016fj hlas,vysly\u0161 mou prosbu ze rt\u016f, kter\u00e9 nelhou! &#8211; 2 Jen od tebe a\u0165 vyjde rozsudek,tv\u00e9 o\u010di samy vid\u00ed, co je pr\u00e1vo. = 3 Kdybys m\u00e9 srdce zkou\u0161el za noci,\u2020zkoumal m\u011b do dna, ohn\u011bm t\u0159\u00edbil m\u011b,nepravost \u017e\u00e1dnou na mn\u011b nenalezne\u0161. &#8211;&hellip;","jetpack_sharing_enabled":true,"jetpack_shortlink":"https:\/\/wp.me\/PawMsT-17","_links":{"self":[{"href":"https:\/\/www.texty.santegidio.cz\/index.php?rest_route=\/wp\/v2\/pages\/69","targetHints":{"allow":["GET"]}}],"collection":[{"href":"https:\/\/www.texty.santegidio.cz\/index.php?rest_route=\/wp\/v2\/pages"}],"about":[{"href":"https:\/\/www.texty.santegidio.cz\/index.php?rest_route=\/wp\/v2\/types\/page"}],"author":[{"embeddable":true,"href":"https:\/\/www.texty.santegidio.cz\/index.php?rest_route=\/wp\/v2\/users\/1"}],"replies":[{"embeddable":true,"href":"https:\/\/www.texty.santegidio.cz\/index.php?rest_route=%2Fwp%2Fv2%2Fcomments&post=69"}],"version-history":[{"count":1,"href":"https:\/\/www.texty.santegidio.cz\/index.php?rest_route=\/wp\/v2\/pages\/69\/revisions"}],"predecessor-version":[{"id":1239,"href":"https:\/\/www.texty.santegidio.cz\/index.php?rest_route=\/wp\/v2\/pages\/69\/revisions\/1239"}],"up":[{"embeddable":true,"href":"https:\/\/www.texty.santegidio.cz\/index.php?rest_route=\/wp\/v2\/pages\/29"}],"wp:attachment":[{"href":"https:\/\/www.texty.santegidio.cz\/index.php?rest_route=%2Fwp%2Fv2%2Fmedia&parent=69"}],"curies":[{"name":"wp","href":"https:\/\/api.w.org\/{rel}","templated":true}]}}