{"id":688,"date":"2018-10-09T14:00:00","date_gmt":"2018-10-09T12:00:00","guid":{"rendered":"http:\/\/www.texty.santegidio.cz?page_id=688"},"modified":"2018-10-09T14:00:08","modified_gmt":"2018-10-09T12:00:08","slug":"modlitba-ke-svate-tvari","status":"publish","type":"page","link":"https:\/\/www.texty.santegidio.cz\/?page_id=688","title":{"rendered":"Modlitba ke Svat\u00e9 Tv\u00e1\u0159i"},"content":{"rendered":"<p>Tvoje tv&aacute;\u0159 je &uacute;t\u011bcha a odpo\u010dinek<br \/> t\u011bch, kte\u0159&iacute; t\u011b hledali<br \/> po cel&yacute; dne\u0161n&iacute; den,<br \/> mezi zkou\u0161kami a utrpen&iacute;m.<br \/> Daruj tedy svoji &uacute;t\u011bchu<br \/> a odpo\u010dinek<br \/> n&aacute;m, sv&yacute;m slu\u017eebn&iacute;k\u016fm,<br \/> proto\u017ee ty jsi dobr&yacute;.<br \/> &Oacute; p\u0159&iacute;teli lid&iacute;,<br \/> Ot\u010de, Synu a Duchu svat&yacute;.<br \/> Amen.<br \/><em>(Iz&aacute;k z Ninive)<\/em><\/p>\n","protected":false},"excerpt":{"rendered":"<p>Tvoje tv&aacute;\u0159 je &uacute;t\u011bcha a odpo\u010dinek t\u011bch, kte\u0159&iacute; t\u011b hledali po cel&yacute; dne\u0161n&iacute; den, mezi zkou\u0161kami a utrpen&iacute;m. Daruj tedy svoji &uacute;t\u011bchu a odpo\u010dinek n&aacute;m, sv&yacute;m slu\u017eebn&iacute;k\u016fm, proto\u017ee ty jsi dobr&yacute;. &Oacute; p\u0159&iacute;teli lid&iacute;, Ot\u010de, Synu a Duchu svat&yacute;. Amen.(Iz&aacute;k z Ninive)<\/p>\n","protected":false},"author":1,"featured_media":0,"parent":650,"menu_order":0,"comment_status":"open","ping_status":"open","template":"","meta":{"_uag_custom_page_level_css":"","jetpack_post_was_ever_published":false,"footnotes":""},"class_list":["post-688","page","type-page","status-publish"],"uagb_featured_image_src":{"full":false,"thumbnail":false,"medium":false,"medium_large":false,"large":false,"1536x1536":false,"2048x2048":false},"uagb_author_info":{"display_name":"Pavel","author_link":"https:\/\/www.texty.santegidio.cz\/?author=1"},"uagb_comment_info":0,"uagb_excerpt":"Tvoje tv&aacute;\u0159 je &uacute;t\u011bcha a odpo\u010dinek t\u011bch, kte\u0159&iacute; t\u011b hledali po cel&yacute; dne\u0161n&iacute; den, mezi zkou\u0161kami a utrpen&iacute;m. Daruj tedy svoji &uacute;t\u011bchu a odpo\u010dinek n&aacute;m, sv&yacute;m slu\u017eebn&iacute;k\u016fm, proto\u017ee ty jsi dobr&yacute;. &Oacute; p\u0159&iacute;teli lid&iacute;, Ot\u010de, Synu a Duchu svat&yacute;. Amen.(Iz&aacute;k z Ninive)","jetpack_sharing_enabled":true,"jetpack_shortlink":"https:\/\/wp.me\/PawMsT-b6","_links":{"self":[{"href":"https:\/\/www.texty.santegidio.cz\/index.php?rest_route=\/wp\/v2\/pages\/688","targetHints":{"allow":["GET"]}}],"collection":[{"href":"https:\/\/www.texty.santegidio.cz\/index.php?rest_route=\/wp\/v2\/pages"}],"about":[{"href":"https:\/\/www.texty.santegidio.cz\/index.php?rest_route=\/wp\/v2\/types\/page"}],"author":[{"embeddable":true,"href":"https:\/\/www.texty.santegidio.cz\/index.php?rest_route=\/wp\/v2\/users\/1"}],"replies":[{"embeddable":true,"href":"https:\/\/www.texty.santegidio.cz\/index.php?rest_route=%2Fwp%2Fv2%2Fcomments&post=688"}],"version-history":[{"count":0,"href":"https:\/\/www.texty.santegidio.cz\/index.php?rest_route=\/wp\/v2\/pages\/688\/revisions"}],"up":[{"embeddable":true,"href":"https:\/\/www.texty.santegidio.cz\/index.php?rest_route=\/wp\/v2\/pages\/650"}],"wp:attachment":[{"href":"https:\/\/www.texty.santegidio.cz\/index.php?rest_route=%2Fwp%2Fv2%2Fmedia&parent=688"}],"curies":[{"name":"wp","href":"https:\/\/api.w.org\/{rel}","templated":true}]}}