{"id":687,"date":"2018-10-09T14:00:00","date_gmt":"2018-10-09T12:00:00","guid":{"rendered":"http:\/\/www.texty.santegidio.cz?page_id=687"},"modified":"2018-10-09T14:00:00","modified_gmt":"2018-10-09T12:00:00","slug":"modlitba-stareho-cloveka","status":"publish","type":"page","link":"https:\/\/www.texty.santegidio.cz\/?page_id=687","title":{"rendered":"Modlitba star\u00e9ho \u010dlov\u011bka"},"content":{"rendered":"<p>Pane Je\u017e&iacute;\u0161i Kriste,<br \/> kter&yacute; m&aacute;\u0161 moc nad \u017eivotem a smrt&iacute;;<br \/> ty zn&aacute;\u0161, co je tajn&eacute; a skryt&eacute;;<br \/> na\u0161e my\u0161lenky a na\u0161e city<br \/> ti nejsou zahaleny.<br \/> Uzdrav m\u011b z m&yacute;ch h\u0159&iacute;ch\u016f,<br \/> a ze zla, kter&eacute; jsem sp&aacute;chal ve sv&eacute;m \u017eivot\u011b.<br \/> Hle, m\u016fj \u017eivot uvad&aacute;<br \/> ze dne na den,<br \/> ale moje h\u0159&iacute;chy vzr\u016fstaj&iacute;.<br \/> &Oacute; Pane, Bo\u017ee du\u0161&iacute; i t\u011bl,<br \/> ty zn&aacute;\u0161 k\u0159ehkost<br \/> m&eacute; du\u0161e i m&eacute;ho t\u011bla,<br \/> dej mi s&iacute;lu ve slabosti,<br \/> podep\u0159i m\u011b v m&eacute; b&iacute;d\u011b,<br \/> dej mi vd\u011b\u010dnou du\u0161i:<br \/> a\u0165 si v\u017edy p\u0159ipom&iacute;n&aacute;m tv&eacute; dobr&eacute; \u010diny.<br \/> Nevzpom&iacute;nej na moje \u010detn&eacute; h\u0159&iacute;chy,<br \/> a odpus\u0165 v\u0161echny m&eacute; zrady.<br \/> Pane, nepohrdni touto modlitbou,<br \/> zachovej mi svou milost a\u017e do konce<br \/> a bu\u010f mi ochr&aacute;ncem jako v minulosti.<br \/> Nyn&iacute; i v\u017edycky.<br \/> Amen.<br \/><em>(Efrem Syrsk&yacute;)<\/em><\/p>\n","protected":false},"excerpt":{"rendered":"<p>Pane Je\u017e&iacute;\u0161i Kriste, kter&yacute; m&aacute;\u0161 moc nad \u017eivotem a smrt&iacute;; ty zn&aacute;\u0161, co je tajn&eacute; a skryt&eacute;; na\u0161e my\u0161lenky a na\u0161e city ti nejsou zahaleny. Uzdrav m\u011b z m&yacute;ch h\u0159&iacute;ch\u016f, a ze zla, kter&eacute; jsem sp&aacute;chal ve sv&eacute;m \u017eivot\u011b. Hle, m\u016fj \u017eivot uvad&aacute; ze dne na den, ale moje h\u0159&iacute;chy vzr\u016fstaj&iacute;. &Oacute; Pane, Bo\u017ee du\u0161&iacute; &#8230; <a title=\"Modlitba star\u00e9ho \u010dlov\u011bka\" class=\"read-more\" href=\"https:\/\/www.texty.santegidio.cz\/?page_id=687\" aria-label=\"More on Modlitba star\u00e9ho \u010dlov\u011bka\">Read more<\/a><\/p>\n","protected":false},"author":1,"featured_media":0,"parent":650,"menu_order":0,"comment_status":"open","ping_status":"open","template":"","meta":{"_uag_custom_page_level_css":"","jetpack_post_was_ever_published":false,"footnotes":""},"class_list":["post-687","page","type-page","status-publish"],"uagb_featured_image_src":{"full":false,"thumbnail":false,"medium":false,"medium_large":false,"large":false,"1536x1536":false,"2048x2048":false},"uagb_author_info":{"display_name":"Pavel","author_link":"https:\/\/www.texty.santegidio.cz\/?author=1"},"uagb_comment_info":0,"uagb_excerpt":"Pane Je\u017e&iacute;\u0161i Kriste, kter&yacute; m&aacute;\u0161 moc nad \u017eivotem a smrt&iacute;; ty zn&aacute;\u0161, co je tajn&eacute; a skryt&eacute;; na\u0161e my\u0161lenky a na\u0161e city ti nejsou zahaleny. Uzdrav m\u011b z m&yacute;ch h\u0159&iacute;ch\u016f, a ze zla, kter&eacute; jsem sp&aacute;chal ve sv&eacute;m \u017eivot\u011b. Hle, m\u016fj \u017eivot uvad&aacute; ze dne na den, ale moje h\u0159&iacute;chy vzr\u016fstaj&iacute;. &Oacute; Pane, Bo\u017ee du\u0161&iacute;&hellip;","jetpack_sharing_enabled":true,"jetpack_shortlink":"https:\/\/wp.me\/PawMsT-b5","_links":{"self":[{"href":"https:\/\/www.texty.santegidio.cz\/index.php?rest_route=\/wp\/v2\/pages\/687","targetHints":{"allow":["GET"]}}],"collection":[{"href":"https:\/\/www.texty.santegidio.cz\/index.php?rest_route=\/wp\/v2\/pages"}],"about":[{"href":"https:\/\/www.texty.santegidio.cz\/index.php?rest_route=\/wp\/v2\/types\/page"}],"author":[{"embeddable":true,"href":"https:\/\/www.texty.santegidio.cz\/index.php?rest_route=\/wp\/v2\/users\/1"}],"replies":[{"embeddable":true,"href":"https:\/\/www.texty.santegidio.cz\/index.php?rest_route=%2Fwp%2Fv2%2Fcomments&post=687"}],"version-history":[{"count":0,"href":"https:\/\/www.texty.santegidio.cz\/index.php?rest_route=\/wp\/v2\/pages\/687\/revisions"}],"up":[{"embeddable":true,"href":"https:\/\/www.texty.santegidio.cz\/index.php?rest_route=\/wp\/v2\/pages\/650"}],"wp:attachment":[{"href":"https:\/\/www.texty.santegidio.cz\/index.php?rest_route=%2Fwp%2Fv2%2Fmedia&parent=687"}],"curies":[{"name":"wp","href":"https:\/\/api.w.org\/{rel}","templated":true}]}}