{"id":686,"date":"2018-10-09T14:00:00","date_gmt":"2018-10-09T12:00:00","guid":{"rendered":"http:\/\/www.texty.santegidio.cz?page_id=686"},"modified":"2018-10-09T14:00:00","modified_gmt":"2018-10-09T12:00:00","slug":"modlitba-pokani","status":"publish","type":"page","link":"https:\/\/www.texty.santegidio.cz\/?page_id=686","title":{"rendered":"Modlitba pok\u00e1n\u00ed"},"content":{"rendered":"<p>Stal jsem se modlou s&aacute;m sob\u011b,<br \/> poranil jsem svou du\u0161i v&aacute;\u0161n\u011bmi.<br \/> P\u0159ijmi m\u011b, kaj&iacute;c&iacute;ho, a p\u0159ive\u010f m\u011b k sv&eacute;mu sv\u011btlu.<br \/> A\u0165 m\u011b nepoz\u0159e nep\u0159&iacute;tel:<br \/> smiluj se nade mnou, Spasiteli.<br \/><em>(Ond\u0159ej z Kr&eacute;ty)<\/em><\/p>\n","protected":false},"excerpt":{"rendered":"<p>Stal jsem se modlou s&aacute;m sob\u011b, poranil jsem svou du\u0161i v&aacute;\u0161n\u011bmi. P\u0159ijmi m\u011b, kaj&iacute;c&iacute;ho, a p\u0159ive\u010f m\u011b k sv&eacute;mu sv\u011btlu. A\u0165 m\u011b nepoz\u0159e nep\u0159&iacute;tel: smiluj se nade mnou, Spasiteli.(Ond\u0159ej z Kr&eacute;ty)<\/p>\n","protected":false},"author":1,"featured_media":0,"parent":650,"menu_order":0,"comment_status":"open","ping_status":"open","template":"","meta":{"_uag_custom_page_level_css":"","jetpack_post_was_ever_published":false,"footnotes":""},"class_list":["post-686","page","type-page","status-publish"],"uagb_featured_image_src":{"full":false,"thumbnail":false,"medium":false,"medium_large":false,"large":false,"1536x1536":false,"2048x2048":false},"uagb_author_info":{"display_name":"Pavel","author_link":"https:\/\/www.texty.santegidio.cz\/?author=1"},"uagb_comment_info":0,"uagb_excerpt":"Stal jsem se modlou s&aacute;m sob\u011b, poranil jsem svou du\u0161i v&aacute;\u0161n\u011bmi. P\u0159ijmi m\u011b, kaj&iacute;c&iacute;ho, a p\u0159ive\u010f m\u011b k sv&eacute;mu sv\u011btlu. A\u0165 m\u011b nepoz\u0159e nep\u0159&iacute;tel: smiluj se nade mnou, Spasiteli.(Ond\u0159ej z Kr&eacute;ty)","jetpack_sharing_enabled":true,"jetpack_shortlink":"https:\/\/wp.me\/PawMsT-b4","_links":{"self":[{"href":"https:\/\/www.texty.santegidio.cz\/index.php?rest_route=\/wp\/v2\/pages\/686","targetHints":{"allow":["GET"]}}],"collection":[{"href":"https:\/\/www.texty.santegidio.cz\/index.php?rest_route=\/wp\/v2\/pages"}],"about":[{"href":"https:\/\/www.texty.santegidio.cz\/index.php?rest_route=\/wp\/v2\/types\/page"}],"author":[{"embeddable":true,"href":"https:\/\/www.texty.santegidio.cz\/index.php?rest_route=\/wp\/v2\/users\/1"}],"replies":[{"embeddable":true,"href":"https:\/\/www.texty.santegidio.cz\/index.php?rest_route=%2Fwp%2Fv2%2Fcomments&post=686"}],"version-history":[{"count":0,"href":"https:\/\/www.texty.santegidio.cz\/index.php?rest_route=\/wp\/v2\/pages\/686\/revisions"}],"up":[{"embeddable":true,"href":"https:\/\/www.texty.santegidio.cz\/index.php?rest_route=\/wp\/v2\/pages\/650"}],"wp:attachment":[{"href":"https:\/\/www.texty.santegidio.cz\/index.php?rest_route=%2Fwp%2Fv2%2Fmedia&parent=686"}],"curies":[{"name":"wp","href":"https:\/\/api.w.org\/{rel}","templated":true}]}}