{"id":685,"date":"2018-10-09T14:00:00","date_gmt":"2018-10-09T12:00:00","guid":{"rendered":"http:\/\/www.texty.santegidio.cz?page_id=685"},"modified":"2018-10-09T14:00:00","modified_gmt":"2018-10-09T12:00:00","slug":"modlitba-za-odpusteni-hrichu","status":"publish","type":"page","link":"https:\/\/www.texty.santegidio.cz\/?page_id=685","title":{"rendered":"Modlitba za odpu\u0161t\u011bn\u00ed h\u0159\u00edch\u016f"},"content":{"rendered":"<p>Nepo\u010d&iacute;tej, Pane,<br \/> v\u0161echny na\u0161e h\u0159&iacute;chy,<br \/> ale o\u010disti n&aacute;s sv&yacute;m odpu\u0161t\u011bn&iacute;m,<br \/> a ve\u010f na\u0161e kroky,<br \/> abychom kr&aacute;\u010deli<br \/> ve svatosti srdce a \u010dinili to,<br \/> co je kr&aacute;sn&eacute; a dobr&eacute; ve tv&yacute;ch o\u010d&iacute;ch.<br \/> Uka\u017e n&aacute;m, &oacute; Pane, svou tv&aacute;\u0159,<br \/> dej n&aacute;m dar sv&eacute;ho pokoje,<br \/> ochra\u0148uj n&aacute;s svou mocnou rukou,<br \/> osvobo\u010f n&aacute;s z h\u0159&iacute;chu<br \/> svou svatou pa\u017e&iacute;<br \/> a zachra\u0148 n&aacute;s p\u0159ed t\u011bmi,<br \/> kte\u0159&iacute; n&aacute;s nen&aacute;vid&iacute;.<br \/> Dej n&aacute;m svornost a pokoj,<br \/> n&aacute;m v\u0161em, kdo p\u0159eb&yacute;v&aacute;me na t&eacute;to zemi,<br \/> nyn&iacute; i v\u017edycky.<br \/> Amen.<br \/><em>(Klement \u0158&iacute;msk&yacute;)<\/em><\/p>\n","protected":false},"excerpt":{"rendered":"<p>Nepo\u010d&iacute;tej, Pane, v\u0161echny na\u0161e h\u0159&iacute;chy, ale o\u010disti n&aacute;s sv&yacute;m odpu\u0161t\u011bn&iacute;m, a ve\u010f na\u0161e kroky, abychom kr&aacute;\u010deli ve svatosti srdce a \u010dinili to, co je kr&aacute;sn&eacute; a dobr&eacute; ve tv&yacute;ch o\u010d&iacute;ch. Uka\u017e n&aacute;m, &oacute; Pane, svou tv&aacute;\u0159, dej n&aacute;m dar sv&eacute;ho pokoje, ochra\u0148uj n&aacute;s svou mocnou rukou, osvobo\u010f n&aacute;s z h\u0159&iacute;chu svou svatou pa\u017e&iacute; a zachra\u0148 &#8230; <a title=\"Modlitba za odpu\u0161t\u011bn\u00ed h\u0159\u00edch\u016f\" class=\"read-more\" href=\"https:\/\/www.texty.santegidio.cz\/?page_id=685\" aria-label=\"More on Modlitba za odpu\u0161t\u011bn\u00ed h\u0159\u00edch\u016f\">Read more<\/a><\/p>\n","protected":false},"author":1,"featured_media":0,"parent":650,"menu_order":0,"comment_status":"open","ping_status":"open","template":"","meta":{"_uag_custom_page_level_css":"","jetpack_post_was_ever_published":false,"footnotes":""},"class_list":["post-685","page","type-page","status-publish"],"uagb_featured_image_src":{"full":false,"thumbnail":false,"medium":false,"medium_large":false,"large":false,"1536x1536":false,"2048x2048":false},"uagb_author_info":{"display_name":"Pavel","author_link":"https:\/\/www.texty.santegidio.cz\/?author=1"},"uagb_comment_info":0,"uagb_excerpt":"Nepo\u010d&iacute;tej, Pane, v\u0161echny na\u0161e h\u0159&iacute;chy, ale o\u010disti n&aacute;s sv&yacute;m odpu\u0161t\u011bn&iacute;m, a ve\u010f na\u0161e kroky, abychom kr&aacute;\u010deli ve svatosti srdce a \u010dinili to, co je kr&aacute;sn&eacute; a dobr&eacute; ve tv&yacute;ch o\u010d&iacute;ch. Uka\u017e n&aacute;m, &oacute; Pane, svou tv&aacute;\u0159, dej n&aacute;m dar sv&eacute;ho pokoje, ochra\u0148uj n&aacute;s svou mocnou rukou, osvobo\u010f n&aacute;s z h\u0159&iacute;chu svou svatou pa\u017e&iacute; a zachra\u0148&hellip;","jetpack_sharing_enabled":true,"jetpack_shortlink":"https:\/\/wp.me\/PawMsT-b3","_links":{"self":[{"href":"https:\/\/www.texty.santegidio.cz\/index.php?rest_route=\/wp\/v2\/pages\/685","targetHints":{"allow":["GET"]}}],"collection":[{"href":"https:\/\/www.texty.santegidio.cz\/index.php?rest_route=\/wp\/v2\/pages"}],"about":[{"href":"https:\/\/www.texty.santegidio.cz\/index.php?rest_route=\/wp\/v2\/types\/page"}],"author":[{"embeddable":true,"href":"https:\/\/www.texty.santegidio.cz\/index.php?rest_route=\/wp\/v2\/users\/1"}],"replies":[{"embeddable":true,"href":"https:\/\/www.texty.santegidio.cz\/index.php?rest_route=%2Fwp%2Fv2%2Fcomments&post=685"}],"version-history":[{"count":0,"href":"https:\/\/www.texty.santegidio.cz\/index.php?rest_route=\/wp\/v2\/pages\/685\/revisions"}],"up":[{"embeddable":true,"href":"https:\/\/www.texty.santegidio.cz\/index.php?rest_route=\/wp\/v2\/pages\/650"}],"wp:attachment":[{"href":"https:\/\/www.texty.santegidio.cz\/index.php?rest_route=%2Fwp%2Fv2%2Fmedia&parent=685"}],"curies":[{"name":"wp","href":"https:\/\/api.w.org\/{rel}","templated":true}]}}