{"id":684,"date":"2018-10-09T14:00:00","date_gmt":"2018-10-09T12:00:00","guid":{"rendered":"http:\/\/www.texty.santegidio.cz?page_id=684"},"modified":"2018-10-09T14:00:00","modified_gmt":"2018-10-09T12:00:00","slug":"modlitba-za-kristovo-telo","status":"publish","type":"page","link":"https:\/\/www.texty.santegidio.cz\/?page_id=684","title":{"rendered":"Modlitba za Kristovo t\u011blo"},"content":{"rendered":"<p>Pane, p\u0159&iacute;teli lid&iacute;,<br \/> chce\u0161 ve mn\u011b p\u0159eb&yacute;vat.<br \/> Otev&iacute;r&aacute;\u0161 br&aacute;nu m&eacute;ho srdce,<br \/> abys vstoupil se svoj&iacute; l&aacute;skou, kter&aacute; neklame.<br \/> Nejsem hoden, abys ve\u0161el<br \/> pod mou st\u0159echu, ale proto\u017ee jsi sestoupil<br \/> z v&yacute;\u0161e sv&eacute; sl&aacute;vy<br \/> a sn&iacute;\u017eil se a\u017e k n&aacute;m,<br \/> tak dnes vstup<br \/> do b&iacute;dy m&eacute;ho srdce,<br \/> proto\u017ee jsi neodehnal h\u0159&iacute;\u0161nici<br \/> a neodm&iacute;tl jsi lotra,<br \/> kter&yacute; hledal tv&eacute; kr&aacute;lovstv&iacute;.<br \/> Kdo j&iacute; tv&eacute; t\u011blo<br \/> a pije tvou krev,<br \/> z\u016fst&aacute;v&aacute; v tob\u011b a ty v n\u011bm.<br \/> Bu\u010f mou pomoc&iacute; a mou ochranou.<br \/> Ve\u010f m\u016fj \u017eivot v pokoji<br \/> a u\u010di\u0148 m\u011b hodn&yacute;m<br \/> &uacute;\u010dastnit se nebesk&eacute; hostiny.<br \/> Jako byl chl&eacute;b l&aacute;m&aacute;n na pahorc&iacute;ch<br \/> a pot&eacute; sebr&aacute;n a stal se jedn&iacute;m,<br \/> shrom&aacute;\u017edi, Pane,<br \/> v\u0161echny ve sv&eacute;m kr&aacute;lovstv&iacute; sp&aacute;sy.<br \/> Z\u016fsta\u0148 s n&aacute;mi, Pane,<br \/> nyn&iacute; i v\u017edycky.<br \/> Amen.<\/p>\n","protected":false},"excerpt":{"rendered":"<p>Pane, p\u0159&iacute;teli lid&iacute;, chce\u0161 ve mn\u011b p\u0159eb&yacute;vat. Otev&iacute;r&aacute;\u0161 br&aacute;nu m&eacute;ho srdce, abys vstoupil se svoj&iacute; l&aacute;skou, kter&aacute; neklame. Nejsem hoden, abys ve\u0161el pod mou st\u0159echu, ale proto\u017ee jsi sestoupil z v&yacute;\u0161e sv&eacute; sl&aacute;vy a sn&iacute;\u017eil se a\u017e k n&aacute;m, tak dnes vstup do b&iacute;dy m&eacute;ho srdce, proto\u017ee jsi neodehnal h\u0159&iacute;\u0161nici a neodm&iacute;tl jsi lotra, kter&yacute; &#8230; <a title=\"Modlitba za Kristovo t\u011blo\" class=\"read-more\" href=\"https:\/\/www.texty.santegidio.cz\/?page_id=684\" aria-label=\"More on Modlitba za Kristovo t\u011blo\">Read more<\/a><\/p>\n","protected":false},"author":1,"featured_media":0,"parent":650,"menu_order":0,"comment_status":"open","ping_status":"open","template":"","meta":{"_uag_custom_page_level_css":"","jetpack_post_was_ever_published":false,"footnotes":""},"class_list":["post-684","page","type-page","status-publish"],"uagb_featured_image_src":{"full":false,"thumbnail":false,"medium":false,"medium_large":false,"large":false,"1536x1536":false,"2048x2048":false},"uagb_author_info":{"display_name":"Pavel","author_link":"https:\/\/www.texty.santegidio.cz\/?author=1"},"uagb_comment_info":0,"uagb_excerpt":"Pane, p\u0159&iacute;teli lid&iacute;, chce\u0161 ve mn\u011b p\u0159eb&yacute;vat. Otev&iacute;r&aacute;\u0161 br&aacute;nu m&eacute;ho srdce, abys vstoupil se svoj&iacute; l&aacute;skou, kter&aacute; neklame. Nejsem hoden, abys ve\u0161el pod mou st\u0159echu, ale proto\u017ee jsi sestoupil z v&yacute;\u0161e sv&eacute; sl&aacute;vy a sn&iacute;\u017eil se a\u017e k n&aacute;m, tak dnes vstup do b&iacute;dy m&eacute;ho srdce, proto\u017ee jsi neodehnal h\u0159&iacute;\u0161nici a neodm&iacute;tl jsi lotra, kter&yacute;&hellip;","jetpack_sharing_enabled":true,"jetpack_shortlink":"https:\/\/wp.me\/PawMsT-b2","_links":{"self":[{"href":"https:\/\/www.texty.santegidio.cz\/index.php?rest_route=\/wp\/v2\/pages\/684","targetHints":{"allow":["GET"]}}],"collection":[{"href":"https:\/\/www.texty.santegidio.cz\/index.php?rest_route=\/wp\/v2\/pages"}],"about":[{"href":"https:\/\/www.texty.santegidio.cz\/index.php?rest_route=\/wp\/v2\/types\/page"}],"author":[{"embeddable":true,"href":"https:\/\/www.texty.santegidio.cz\/index.php?rest_route=\/wp\/v2\/users\/1"}],"replies":[{"embeddable":true,"href":"https:\/\/www.texty.santegidio.cz\/index.php?rest_route=%2Fwp%2Fv2%2Fcomments&post=684"}],"version-history":[{"count":0,"href":"https:\/\/www.texty.santegidio.cz\/index.php?rest_route=\/wp\/v2\/pages\/684\/revisions"}],"up":[{"embeddable":true,"href":"https:\/\/www.texty.santegidio.cz\/index.php?rest_route=\/wp\/v2\/pages\/650"}],"wp:attachment":[{"href":"https:\/\/www.texty.santegidio.cz\/index.php?rest_route=%2Fwp%2Fv2%2Fmedia&parent=684"}],"curies":[{"name":"wp","href":"https:\/\/api.w.org\/{rel}","templated":true}]}}