{"id":682,"date":"2018-10-09T14:00:00","date_gmt":"2018-10-09T12:00:00","guid":{"rendered":"http:\/\/www.texty.santegidio.cz?page_id=682"},"modified":"2018-10-09T14:00:00","modified_gmt":"2018-10-09T12:00:00","slug":"modlitba-za-prijeti-pana","status":"publish","type":"page","link":"https:\/\/www.texty.santegidio.cz\/?page_id=682","title":{"rendered":"Modlitba za p\u0159ijet\u00ed P\u00e1na"},"content":{"rendered":"<p>Tlu\u010du na tv&eacute; dve\u0159e,<br \/> Pane,<br \/> a pros&iacute;m o milosrdenstv&iacute;<br \/> z tv&eacute;ho pokladu.<br \/> Jsem h\u0159&iacute;\u0161n&iacute;k<br \/> a vzd&aacute;lil jsem se od tebe;<br \/> dej mi vyznat m&eacute; h\u0159&iacute;chy<br \/> a vzdal je ode mne,<br \/> abych \u017eil tvoji milost.<br \/> Na jak&eacute; dve\u0159e mohu tlouci,<br \/> Ne\u2011li na tv&eacute;, Pane,<br \/> a kdo n&aacute;m odpust&iacute; h\u0159&iacute;chy,<br \/> ne\u2011li tv&eacute; milosrdenstv&iacute;?<br \/> Amen.<br \/><em>(Syrsk&aacute; liturgie)<\/em><\/p>\n","protected":false},"excerpt":{"rendered":"<p>Tlu\u010du na tv&eacute; dve\u0159e, Pane, a pros&iacute;m o milosrdenstv&iacute; z tv&eacute;ho pokladu. Jsem h\u0159&iacute;\u0161n&iacute;k a vzd&aacute;lil jsem se od tebe; dej mi vyznat m&eacute; h\u0159&iacute;chy a vzdal je ode mne, abych \u017eil tvoji milost. Na jak&eacute; dve\u0159e mohu tlouci, Ne\u2011li na tv&eacute;, Pane, a kdo n&aacute;m odpust&iacute; h\u0159&iacute;chy, ne\u2011li tv&eacute; milosrdenstv&iacute;? Amen.(Syrsk&aacute; liturgie)<\/p>\n","protected":false},"author":1,"featured_media":0,"parent":650,"menu_order":0,"comment_status":"open","ping_status":"open","template":"","meta":{"_uag_custom_page_level_css":"","jetpack_post_was_ever_published":false,"footnotes":""},"class_list":["post-682","page","type-page","status-publish"],"uagb_featured_image_src":{"full":false,"thumbnail":false,"medium":false,"medium_large":false,"large":false,"1536x1536":false,"2048x2048":false},"uagb_author_info":{"display_name":"Pavel","author_link":"https:\/\/www.texty.santegidio.cz\/?author=1"},"uagb_comment_info":0,"uagb_excerpt":"Tlu\u010du na tv&eacute; dve\u0159e, Pane, a pros&iacute;m o milosrdenstv&iacute; z tv&eacute;ho pokladu. Jsem h\u0159&iacute;\u0161n&iacute;k a vzd&aacute;lil jsem se od tebe; dej mi vyznat m&eacute; h\u0159&iacute;chy a vzdal je ode mne, abych \u017eil tvoji milost. Na jak&eacute; dve\u0159e mohu tlouci, Ne\u2011li na tv&eacute;, Pane, a kdo n&aacute;m odpust&iacute; h\u0159&iacute;chy, ne\u2011li tv&eacute; milosrdenstv&iacute;? Amen.(Syrsk&aacute; liturgie)","jetpack_sharing_enabled":true,"jetpack_shortlink":"https:\/\/wp.me\/PawMsT-b0","_links":{"self":[{"href":"https:\/\/www.texty.santegidio.cz\/index.php?rest_route=\/wp\/v2\/pages\/682","targetHints":{"allow":["GET"]}}],"collection":[{"href":"https:\/\/www.texty.santegidio.cz\/index.php?rest_route=\/wp\/v2\/pages"}],"about":[{"href":"https:\/\/www.texty.santegidio.cz\/index.php?rest_route=\/wp\/v2\/types\/page"}],"author":[{"embeddable":true,"href":"https:\/\/www.texty.santegidio.cz\/index.php?rest_route=\/wp\/v2\/users\/1"}],"replies":[{"embeddable":true,"href":"https:\/\/www.texty.santegidio.cz\/index.php?rest_route=%2Fwp%2Fv2%2Fcomments&post=682"}],"version-history":[{"count":0,"href":"https:\/\/www.texty.santegidio.cz\/index.php?rest_route=\/wp\/v2\/pages\/682\/revisions"}],"up":[{"embeddable":true,"href":"https:\/\/www.texty.santegidio.cz\/index.php?rest_route=\/wp\/v2\/pages\/650"}],"wp:attachment":[{"href":"https:\/\/www.texty.santegidio.cz\/index.php?rest_route=%2Fwp%2Fv2%2Fmedia&parent=682"}],"curies":[{"name":"wp","href":"https:\/\/api.w.org\/{rel}","templated":true}]}}