{"id":681,"date":"2018-10-09T14:00:00","date_gmt":"2018-10-09T12:00:00","guid":{"rendered":"http:\/\/www.texty.santegidio.cz?page_id=681"},"modified":"2018-10-09T14:00:00","modified_gmt":"2018-10-09T12:00:00","slug":"modlitba-za-obraceni","status":"publish","type":"page","link":"https:\/\/www.texty.santegidio.cz\/?page_id=681","title":{"rendered":"Modlitba za obr\u00e1cen\u00ed"},"content":{"rendered":"<p>Pros&iacute;m t\u011b, Pane,<br \/> otev\u0159i m&eacute; srdce tv&eacute;mu slovu,<br \/> osvobo\u010f je od jistot zvyku,<br \/> od hlouposti toho, kdo si mysl&iacute;,<br \/> \u017ee bez b&aacute;zn\u011b v\u0161emu rozum&iacute;,<br \/> od zpupn&eacute;ho opakov&aacute;n&iacute; toho, \u010d&iacute;m jsem,<br \/> abys m\u011b mohl od&iacute;t l&aacute;skou,<br \/> kter&aacute; m\u011b p\u0159esahuje, odpou\u0161t&iacute; mi a obj&iacute;m&aacute; m\u011b,<br \/> a u\u010dinil mne slu\u017eebn&iacute;kem chud&yacute;ch,<br \/> m&yacute;ch brat\u0159&iacute; a sester,<br \/> p\u0159&iacute;telem v\u0161ech, i toho, kdo m\u011b nem&aacute; r&aacute;d.<br \/> Obnov smlouvu l&aacute;sky s t\u011bmito brat\u0159&iacute;mi<br \/> ve sv\u011btle tv&eacute; p\u0159&iacute;tomnosti,<br \/> napl\u0148 sv&yacute;m Duchem na\u0161e srdce,<br \/> ochra\u0148uj n&aacute;s p\u0159ed zlem,<br \/> u\u010di\u0148 z n&aacute;s d\u011bln&iacute;ky pokoje,<br \/> zde i v\u0161ude jinde, nyn&iacute; i v\u017edycky.<br \/> Amen.<\/p>\n","protected":false},"excerpt":{"rendered":"<p>Pros&iacute;m t\u011b, Pane, otev\u0159i m&eacute; srdce tv&eacute;mu slovu, osvobo\u010f je od jistot zvyku, od hlouposti toho, kdo si mysl&iacute;, \u017ee bez b&aacute;zn\u011b v\u0161emu rozum&iacute;, od zpupn&eacute;ho opakov&aacute;n&iacute; toho, \u010d&iacute;m jsem, abys m\u011b mohl od&iacute;t l&aacute;skou, kter&aacute; m\u011b p\u0159esahuje, odpou\u0161t&iacute; mi a obj&iacute;m&aacute; m\u011b, a u\u010dinil mne slu\u017eebn&iacute;kem chud&yacute;ch, m&yacute;ch brat\u0159&iacute; a sester, p\u0159&iacute;telem v\u0161ech, i &#8230; <a title=\"Modlitba za obr\u00e1cen\u00ed\" class=\"read-more\" href=\"https:\/\/www.texty.santegidio.cz\/?page_id=681\" aria-label=\"More on Modlitba za obr\u00e1cen\u00ed\">Read more<\/a><\/p>\n","protected":false},"author":1,"featured_media":0,"parent":650,"menu_order":0,"comment_status":"open","ping_status":"open","template":"","meta":{"_uag_custom_page_level_css":"","jetpack_post_was_ever_published":false,"footnotes":""},"class_list":["post-681","page","type-page","status-publish"],"uagb_featured_image_src":{"full":false,"thumbnail":false,"medium":false,"medium_large":false,"large":false,"1536x1536":false,"2048x2048":false},"uagb_author_info":{"display_name":"Pavel","author_link":"https:\/\/www.texty.santegidio.cz\/?author=1"},"uagb_comment_info":0,"uagb_excerpt":"Pros&iacute;m t\u011b, Pane, otev\u0159i m&eacute; srdce tv&eacute;mu slovu, osvobo\u010f je od jistot zvyku, od hlouposti toho, kdo si mysl&iacute;, \u017ee bez b&aacute;zn\u011b v\u0161emu rozum&iacute;, od zpupn&eacute;ho opakov&aacute;n&iacute; toho, \u010d&iacute;m jsem, abys m\u011b mohl od&iacute;t l&aacute;skou, kter&aacute; m\u011b p\u0159esahuje, odpou\u0161t&iacute; mi a obj&iacute;m&aacute; m\u011b, a u\u010dinil mne slu\u017eebn&iacute;kem chud&yacute;ch, m&yacute;ch brat\u0159&iacute; a sester, p\u0159&iacute;telem v\u0161ech, i&hellip;","jetpack_sharing_enabled":true,"jetpack_shortlink":"https:\/\/wp.me\/PawMsT-aZ","_links":{"self":[{"href":"https:\/\/www.texty.santegidio.cz\/index.php?rest_route=\/wp\/v2\/pages\/681","targetHints":{"allow":["GET"]}}],"collection":[{"href":"https:\/\/www.texty.santegidio.cz\/index.php?rest_route=\/wp\/v2\/pages"}],"about":[{"href":"https:\/\/www.texty.santegidio.cz\/index.php?rest_route=\/wp\/v2\/types\/page"}],"author":[{"embeddable":true,"href":"https:\/\/www.texty.santegidio.cz\/index.php?rest_route=\/wp\/v2\/users\/1"}],"replies":[{"embeddable":true,"href":"https:\/\/www.texty.santegidio.cz\/index.php?rest_route=%2Fwp%2Fv2%2Fcomments&post=681"}],"version-history":[{"count":0,"href":"https:\/\/www.texty.santegidio.cz\/index.php?rest_route=\/wp\/v2\/pages\/681\/revisions"}],"up":[{"embeddable":true,"href":"https:\/\/www.texty.santegidio.cz\/index.php?rest_route=\/wp\/v2\/pages\/650"}],"wp:attachment":[{"href":"https:\/\/www.texty.santegidio.cz\/index.php?rest_route=%2Fwp%2Fv2%2Fmedia&parent=681"}],"curies":[{"name":"wp","href":"https:\/\/api.w.org\/{rel}","templated":true}]}}