{"id":680,"date":"2018-10-09T14:00:00","date_gmt":"2018-10-09T12:00:00","guid":{"rendered":"http:\/\/www.texty.santegidio.cz?page_id=680"},"modified":"2018-10-09T14:00:00","modified_gmt":"2018-10-09T12:00:00","slug":"modlitba-za-trpici","status":"publish","type":"page","link":"https:\/\/www.texty.santegidio.cz\/?page_id=680","title":{"rendered":"Modlitba za trp\u00edc\u00ed"},"content":{"rendered":"<p>&Oacute; Pane,<br \/> kter&yacute; ses doj&iacute;mal<br \/> lidskou bolest&iacute;,<br \/> dej n&aacute;m v\u0161em<br \/> u\u010dit se od tebe,<br \/> ut\u011b\u0161ovat trp&iacute;c&iacute;,<br \/> p\u0159em&aacute;hat zlo<br \/> silou l&aacute;sky<br \/> a zn&aacute;t po\u017eehn&aacute;n&iacute;<br \/> milosrdenstv&iacute;.<br \/> Amen.<\/p>\n","protected":false},"excerpt":{"rendered":"<p>&Oacute; Pane, kter&yacute; ses doj&iacute;mal lidskou bolest&iacute;, dej n&aacute;m v\u0161em u\u010dit se od tebe, ut\u011b\u0161ovat trp&iacute;c&iacute;, p\u0159em&aacute;hat zlo silou l&aacute;sky a zn&aacute;t po\u017eehn&aacute;n&iacute; milosrdenstv&iacute;. Amen.<\/p>\n","protected":false},"author":1,"featured_media":0,"parent":650,"menu_order":0,"comment_status":"open","ping_status":"open","template":"","meta":{"_uag_custom_page_level_css":"","jetpack_post_was_ever_published":false,"footnotes":""},"class_list":["post-680","page","type-page","status-publish"],"uagb_featured_image_src":{"full":false,"thumbnail":false,"medium":false,"medium_large":false,"large":false,"1536x1536":false,"2048x2048":false},"uagb_author_info":{"display_name":"Pavel","author_link":"https:\/\/www.texty.santegidio.cz\/?author=1"},"uagb_comment_info":0,"uagb_excerpt":"&Oacute; Pane, kter&yacute; ses doj&iacute;mal lidskou bolest&iacute;, dej n&aacute;m v\u0161em u\u010dit se od tebe, ut\u011b\u0161ovat trp&iacute;c&iacute;, p\u0159em&aacute;hat zlo silou l&aacute;sky a zn&aacute;t po\u017eehn&aacute;n&iacute; milosrdenstv&iacute;. Amen.","jetpack_sharing_enabled":true,"jetpack_shortlink":"https:\/\/wp.me\/PawMsT-aY","_links":{"self":[{"href":"https:\/\/www.texty.santegidio.cz\/index.php?rest_route=\/wp\/v2\/pages\/680","targetHints":{"allow":["GET"]}}],"collection":[{"href":"https:\/\/www.texty.santegidio.cz\/index.php?rest_route=\/wp\/v2\/pages"}],"about":[{"href":"https:\/\/www.texty.santegidio.cz\/index.php?rest_route=\/wp\/v2\/types\/page"}],"author":[{"embeddable":true,"href":"https:\/\/www.texty.santegidio.cz\/index.php?rest_route=\/wp\/v2\/users\/1"}],"replies":[{"embeddable":true,"href":"https:\/\/www.texty.santegidio.cz\/index.php?rest_route=%2Fwp%2Fv2%2Fcomments&post=680"}],"version-history":[{"count":0,"href":"https:\/\/www.texty.santegidio.cz\/index.php?rest_route=\/wp\/v2\/pages\/680\/revisions"}],"up":[{"embeddable":true,"href":"https:\/\/www.texty.santegidio.cz\/index.php?rest_route=\/wp\/v2\/pages\/650"}],"wp:attachment":[{"href":"https:\/\/www.texty.santegidio.cz\/index.php?rest_route=%2Fwp%2Fv2%2Fmedia&parent=680"}],"curies":[{"name":"wp","href":"https:\/\/api.w.org\/{rel}","templated":true}]}}