{"id":679,"date":"2018-10-09T14:00:00","date_gmt":"2018-10-09T12:00:00","guid":{"rendered":"http:\/\/www.texty.santegidio.cz?page_id=679"},"modified":"2018-10-09T14:00:00","modified_gmt":"2018-10-09T12:00:00","slug":"modlitba-neuzitecnych-sluzebniku","status":"publish","type":"page","link":"https:\/\/www.texty.santegidio.cz\/?page_id=679","title":{"rendered":"Modlitba neu\u017eite\u010dn\u00fdch slu\u017eebn\u00edk\u016f"},"content":{"rendered":"<p>Pane, n&aacute;\u0161 Bo\u017ee,<br \/> pamatuj na n&aacute;s, tv&eacute; h\u0159&iacute;\u0161n&eacute; a neu\u017eite\u010dn&eacute; slu\u017eebn&iacute;ky.<br \/> Kdy\u017e vz&yacute;v&aacute;me tv&eacute; jm&eacute;no,<br \/> podep\u0159i n&aacute;s podle sv&eacute;ho slova<br \/> a budeme \u017e&iacute;t.<br \/> A\u0165 na\u0161e nad\u011bje nen&iacute; marn&aacute;,<br \/> daruj dobro sv&yacute;m slu\u017eebn&iacute;k\u016fm.<br \/> U\u010di\u0148 n&aacute;s hodn&yacute;mi<br \/> milovat t\u011b cel&yacute;m sv&yacute;m srdcem,<br \/> uchov&aacute;vat v\u017edy b&aacute;ze\u0148 p\u0159ed tebou<br \/> a ve v\u0161em \u010dinit tvoji v\u016fli.<br \/> Proto\u017ee ty jsi dobr&yacute; a velik&yacute; B\u016fh<br \/> a p\u0159&iacute;tel lid&iacute;,<br \/> Otec, Syn a Duch svat&yacute;,<br \/> nyn&iacute; i v\u017edycky<br \/> a na v\u011bky v\u011bk\u016f.<br \/> Amen.<\/p>\n","protected":false},"excerpt":{"rendered":"<p>Pane, n&aacute;\u0161 Bo\u017ee, pamatuj na n&aacute;s, tv&eacute; h\u0159&iacute;\u0161n&eacute; a neu\u017eite\u010dn&eacute; slu\u017eebn&iacute;ky. Kdy\u017e vz&yacute;v&aacute;me tv&eacute; jm&eacute;no, podep\u0159i n&aacute;s podle sv&eacute;ho slova a budeme \u017e&iacute;t. A\u0165 na\u0161e nad\u011bje nen&iacute; marn&aacute;, daruj dobro sv&yacute;m slu\u017eebn&iacute;k\u016fm. U\u010di\u0148 n&aacute;s hodn&yacute;mi milovat t\u011b cel&yacute;m sv&yacute;m srdcem, uchov&aacute;vat v\u017edy b&aacute;ze\u0148 p\u0159ed tebou a ve v\u0161em \u010dinit tvoji v\u016fli. Proto\u017ee ty jsi dobr&yacute; &#8230; <a title=\"Modlitba neu\u017eite\u010dn\u00fdch slu\u017eebn\u00edk\u016f\" class=\"read-more\" href=\"https:\/\/www.texty.santegidio.cz\/?page_id=679\" aria-label=\"More on Modlitba neu\u017eite\u010dn\u00fdch slu\u017eebn\u00edk\u016f\">Read more<\/a><\/p>\n","protected":false},"author":1,"featured_media":0,"parent":650,"menu_order":0,"comment_status":"open","ping_status":"open","template":"","meta":{"_uag_custom_page_level_css":"","jetpack_post_was_ever_published":false,"footnotes":""},"class_list":["post-679","page","type-page","status-publish"],"uagb_featured_image_src":{"full":false,"thumbnail":false,"medium":false,"medium_large":false,"large":false,"1536x1536":false,"2048x2048":false},"uagb_author_info":{"display_name":"Pavel","author_link":"https:\/\/www.texty.santegidio.cz\/?author=1"},"uagb_comment_info":0,"uagb_excerpt":"Pane, n&aacute;\u0161 Bo\u017ee, pamatuj na n&aacute;s, tv&eacute; h\u0159&iacute;\u0161n&eacute; a neu\u017eite\u010dn&eacute; slu\u017eebn&iacute;ky. Kdy\u017e vz&yacute;v&aacute;me tv&eacute; jm&eacute;no, podep\u0159i n&aacute;s podle sv&eacute;ho slova a budeme \u017e&iacute;t. A\u0165 na\u0161e nad\u011bje nen&iacute; marn&aacute;, daruj dobro sv&yacute;m slu\u017eebn&iacute;k\u016fm. U\u010di\u0148 n&aacute;s hodn&yacute;mi milovat t\u011b cel&yacute;m sv&yacute;m srdcem, uchov&aacute;vat v\u017edy b&aacute;ze\u0148 p\u0159ed tebou a ve v\u0161em \u010dinit tvoji v\u016fli. Proto\u017ee ty jsi dobr&yacute;&hellip;","jetpack_sharing_enabled":true,"jetpack_shortlink":"https:\/\/wp.me\/PawMsT-aX","_links":{"self":[{"href":"https:\/\/www.texty.santegidio.cz\/index.php?rest_route=\/wp\/v2\/pages\/679","targetHints":{"allow":["GET"]}}],"collection":[{"href":"https:\/\/www.texty.santegidio.cz\/index.php?rest_route=\/wp\/v2\/pages"}],"about":[{"href":"https:\/\/www.texty.santegidio.cz\/index.php?rest_route=\/wp\/v2\/types\/page"}],"author":[{"embeddable":true,"href":"https:\/\/www.texty.santegidio.cz\/index.php?rest_route=\/wp\/v2\/users\/1"}],"replies":[{"embeddable":true,"href":"https:\/\/www.texty.santegidio.cz\/index.php?rest_route=%2Fwp%2Fv2%2Fcomments&post=679"}],"version-history":[{"count":0,"href":"https:\/\/www.texty.santegidio.cz\/index.php?rest_route=\/wp\/v2\/pages\/679\/revisions"}],"up":[{"embeddable":true,"href":"https:\/\/www.texty.santegidio.cz\/index.php?rest_route=\/wp\/v2\/pages\/650"}],"wp:attachment":[{"href":"https:\/\/www.texty.santegidio.cz\/index.php?rest_route=%2Fwp%2Fv2%2Fmedia&parent=679"}],"curies":[{"name":"wp","href":"https:\/\/api.w.org\/{rel}","templated":true}]}}