{"id":676,"date":"2018-10-09T14:00:00","date_gmt":"2018-10-09T12:00:00","guid":{"rendered":"http:\/\/www.texty.santegidio.cz?page_id=676"},"modified":"2018-10-09T14:00:00","modified_gmt":"2018-10-09T12:00:00","slug":"modlitba-o-spojeni-s-bohem","status":"publish","type":"page","link":"https:\/\/www.texty.santegidio.cz\/?page_id=676","title":{"rendered":"Modlitba o spojen\u00ed s Bohem"},"content":{"rendered":"<p>Dej n&aacute;m, Pane,<br \/> v\u011b\u0159it srdcem,<br \/> vyzn&aacute;vat &uacute;sty<br \/> a potvrzovat skutky,<br \/> \u017ee n&aacute;\u0161 \u017eivot je spojen s Bohem,<br \/> aby lid&eacute;,<br \/> vidouce na\u0161e dobr&eacute; skutky,<br \/> vzd&aacute;vali chv&aacute;lu na\u0161emu Otci,<br \/> kter&yacute; je na nebes&iacute;ch.<br \/> Skrze Krista, na\u0161eho P&aacute;na.<br \/> Amen.<br \/><em>(Origenes)<\/em><\/p>\n","protected":false},"excerpt":{"rendered":"<p>Dej n&aacute;m, Pane, v\u011b\u0159it srdcem, vyzn&aacute;vat &uacute;sty a potvrzovat skutky, \u017ee n&aacute;\u0161 \u017eivot je spojen s Bohem, aby lid&eacute;, vidouce na\u0161e dobr&eacute; skutky, vzd&aacute;vali chv&aacute;lu na\u0161emu Otci, kter&yacute; je na nebes&iacute;ch. Skrze Krista, na\u0161eho P&aacute;na. Amen.(Origenes)<\/p>\n","protected":false},"author":1,"featured_media":0,"parent":650,"menu_order":0,"comment_status":"open","ping_status":"open","template":"","meta":{"_uag_custom_page_level_css":"","jetpack_post_was_ever_published":false,"footnotes":""},"class_list":["post-676","page","type-page","status-publish"],"uagb_featured_image_src":{"full":false,"thumbnail":false,"medium":false,"medium_large":false,"large":false,"1536x1536":false,"2048x2048":false},"uagb_author_info":{"display_name":"Pavel","author_link":"https:\/\/www.texty.santegidio.cz\/?author=1"},"uagb_comment_info":0,"uagb_excerpt":"Dej n&aacute;m, Pane, v\u011b\u0159it srdcem, vyzn&aacute;vat &uacute;sty a potvrzovat skutky, \u017ee n&aacute;\u0161 \u017eivot je spojen s Bohem, aby lid&eacute;, vidouce na\u0161e dobr&eacute; skutky, vzd&aacute;vali chv&aacute;lu na\u0161emu Otci, kter&yacute; je na nebes&iacute;ch. Skrze Krista, na\u0161eho P&aacute;na. Amen.(Origenes)","jetpack_sharing_enabled":true,"jetpack_shortlink":"https:\/\/wp.me\/PawMsT-aU","_links":{"self":[{"href":"https:\/\/www.texty.santegidio.cz\/index.php?rest_route=\/wp\/v2\/pages\/676","targetHints":{"allow":["GET"]}}],"collection":[{"href":"https:\/\/www.texty.santegidio.cz\/index.php?rest_route=\/wp\/v2\/pages"}],"about":[{"href":"https:\/\/www.texty.santegidio.cz\/index.php?rest_route=\/wp\/v2\/types\/page"}],"author":[{"embeddable":true,"href":"https:\/\/www.texty.santegidio.cz\/index.php?rest_route=\/wp\/v2\/users\/1"}],"replies":[{"embeddable":true,"href":"https:\/\/www.texty.santegidio.cz\/index.php?rest_route=%2Fwp%2Fv2%2Fcomments&post=676"}],"version-history":[{"count":0,"href":"https:\/\/www.texty.santegidio.cz\/index.php?rest_route=\/wp\/v2\/pages\/676\/revisions"}],"up":[{"embeddable":true,"href":"https:\/\/www.texty.santegidio.cz\/index.php?rest_route=\/wp\/v2\/pages\/650"}],"wp:attachment":[{"href":"https:\/\/www.texty.santegidio.cz\/index.php?rest_route=%2Fwp%2Fv2%2Fmedia&parent=676"}],"curies":[{"name":"wp","href":"https:\/\/api.w.org\/{rel}","templated":true}]}}