{"id":675,"date":"2018-10-09T14:00:00","date_gmt":"2018-10-09T12:00:00","guid":{"rendered":"http:\/\/www.texty.santegidio.cz?page_id=675"},"modified":"2018-10-09T14:00:00","modified_gmt":"2018-10-09T12:00:00","slug":"modlitba-za-komunitu-vnovem-tisicileti","status":"publish","type":"page","link":"https:\/\/www.texty.santegidio.cz\/?page_id=675","title":{"rendered":"Modlitba za Komunitu vnov\u00e9m tis\u00edcilet\u00ed"},"content":{"rendered":"<p>&Oacute; Pane,<br \/> dal jsi n&aacute;m do\u017e&iacute;t se nov&eacute;ho \u010dasu<br \/> v tomto nov&eacute;m tis&iacute;cilet&iacute;<br \/> po\u017eehnan&eacute;m tvou l&aacute;skou.<br \/> Vzd&aacute;v&aacute;me ti d&iacute;ky,<br \/> \u017ee jsi n&aacute;m je\u0161t\u011b poskytl \u010das,<br \/> abychom nezatvrzovali sv&aacute; srdce,<br \/> ale otev\u0159eli je tv&eacute;mu Duchu,<br \/> abychom naslouchali tv&eacute;mu Slovu a \u017eili je.<br \/> Osvobo\u010f n&aacute;s od sebel&aacute;sky,<br \/> od tvrdohlav&eacute;ho zvyku, od lakomstv&iacute;,<br \/> od z&uacute;\u017eenosti srdce<br \/> a od ka\u017ed&eacute;ho na\u0161eho h\u0159&iacute;chu.<br \/> U\u010di\u0148 sv&eacute; u\u010dedn&iacute;ky \u0161t\u011bdr&yacute;mi,<br \/> tich&yacute;mi a pokorn&eacute;ho srdce,<br \/> brat\u0159&iacute;mi a sestrami tv&yacute;ch svat&yacute;ch,<br \/> p\u0159&aacute;teli chud&yacute;ch a spole\u010dn&iacute;ky t\u011bch, kte\u0159&iacute; trp&iacute;.<br \/> Obnov na\u0161e srdce,<br \/> otev\u0159i je Evangeliu,<br \/> aby se sv\u011bt otev\u0159el l&aacute;sce,<br \/> poznal milosrdenstv&iacute;<br \/> a \u017eil v nad\u011bji.<br \/> Nyn&iacute; i na v\u011bky.<br \/> Amen.<\/p>\n","protected":false},"excerpt":{"rendered":"<p>&Oacute; Pane, dal jsi n&aacute;m do\u017e&iacute;t se nov&eacute;ho \u010dasu v tomto nov&eacute;m tis&iacute;cilet&iacute; po\u017eehnan&eacute;m tvou l&aacute;skou. Vzd&aacute;v&aacute;me ti d&iacute;ky, \u017ee jsi n&aacute;m je\u0161t\u011b poskytl \u010das, abychom nezatvrzovali sv&aacute; srdce, ale otev\u0159eli je tv&eacute;mu Duchu, abychom naslouchali tv&eacute;mu Slovu a \u017eili je. Osvobo\u010f n&aacute;s od sebel&aacute;sky, od tvrdohlav&eacute;ho zvyku, od lakomstv&iacute;, od z&uacute;\u017eenosti srdce a od &#8230; <a title=\"Modlitba za Komunitu vnov\u00e9m tis\u00edcilet\u00ed\" class=\"read-more\" href=\"https:\/\/www.texty.santegidio.cz\/?page_id=675\" aria-label=\"More on Modlitba za Komunitu vnov\u00e9m tis\u00edcilet\u00ed\">Read more<\/a><\/p>\n","protected":false},"author":1,"featured_media":0,"parent":650,"menu_order":0,"comment_status":"open","ping_status":"open","template":"","meta":{"_uag_custom_page_level_css":"","jetpack_post_was_ever_published":false,"footnotes":""},"class_list":["post-675","page","type-page","status-publish"],"uagb_featured_image_src":{"full":false,"thumbnail":false,"medium":false,"medium_large":false,"large":false,"1536x1536":false,"2048x2048":false},"uagb_author_info":{"display_name":"Pavel","author_link":"https:\/\/www.texty.santegidio.cz\/?author=1"},"uagb_comment_info":0,"uagb_excerpt":"&Oacute; Pane, dal jsi n&aacute;m do\u017e&iacute;t se nov&eacute;ho \u010dasu v tomto nov&eacute;m tis&iacute;cilet&iacute; po\u017eehnan&eacute;m tvou l&aacute;skou. Vzd&aacute;v&aacute;me ti d&iacute;ky, \u017ee jsi n&aacute;m je\u0161t\u011b poskytl \u010das, abychom nezatvrzovali sv&aacute; srdce, ale otev\u0159eli je tv&eacute;mu Duchu, abychom naslouchali tv&eacute;mu Slovu a \u017eili je. Osvobo\u010f n&aacute;s od sebel&aacute;sky, od tvrdohlav&eacute;ho zvyku, od lakomstv&iacute;, od z&uacute;\u017eenosti srdce a od&hellip;","jetpack_sharing_enabled":true,"jetpack_shortlink":"https:\/\/wp.me\/PawMsT-aT","_links":{"self":[{"href":"https:\/\/www.texty.santegidio.cz\/index.php?rest_route=\/wp\/v2\/pages\/675","targetHints":{"allow":["GET"]}}],"collection":[{"href":"https:\/\/www.texty.santegidio.cz\/index.php?rest_route=\/wp\/v2\/pages"}],"about":[{"href":"https:\/\/www.texty.santegidio.cz\/index.php?rest_route=\/wp\/v2\/types\/page"}],"author":[{"embeddable":true,"href":"https:\/\/www.texty.santegidio.cz\/index.php?rest_route=\/wp\/v2\/users\/1"}],"replies":[{"embeddable":true,"href":"https:\/\/www.texty.santegidio.cz\/index.php?rest_route=%2Fwp%2Fv2%2Fcomments&post=675"}],"version-history":[{"count":0,"href":"https:\/\/www.texty.santegidio.cz\/index.php?rest_route=\/wp\/v2\/pages\/675\/revisions"}],"up":[{"embeddable":true,"href":"https:\/\/www.texty.santegidio.cz\/index.php?rest_route=\/wp\/v2\/pages\/650"}],"wp:attachment":[{"href":"https:\/\/www.texty.santegidio.cz\/index.php?rest_route=%2Fwp%2Fv2%2Fmedia&parent=675"}],"curies":[{"name":"wp","href":"https:\/\/api.w.org\/{rel}","templated":true}]}}