{"id":674,"date":"2018-10-09T14:00:00","date_gmt":"2018-10-09T12:00:00","guid":{"rendered":"http:\/\/www.texty.santegidio.cz?page_id=674"},"modified":"2018-10-09T14:00:00","modified_gmt":"2018-10-09T12:00:00","slug":"modlitba-za-dar-komunity","status":"publish","type":"page","link":"https:\/\/www.texty.santegidio.cz\/?page_id=674","title":{"rendered":"Modlitba za dar Komunity"},"content":{"rendered":"<p>Tob\u011b, Pane, kter&yacute; jsi \u0159ekl:<br \/> &bdquo;Nen&iacute; dob\u0159e \u010dlov\u011bku samotn&eacute;mu&ldquo;,<br \/> vzd&aacute;v&aacute;me d&iacute;ky<br \/> za to, \u017ee jsi n&aacute;s nenechal j&iacute;t samotn&eacute;,<br \/> ale \u017ee jsi n&aacute;s b\u011bhem t\u011bchto let doprov&aacute;zel<br \/> slovem a l&aacute;skou sv&eacute;ho Syna,<br \/> spolu s tolika brat\u0159&iacute;mi a sestrami.<br \/> Pros&iacute;m\u011b t\u011b,<br \/> abys n&aacute;s v\u017edy zachoval<br \/> ve slu\u017eb\u011b tv&eacute;mu Evangeliu<br \/> a tv&yacute;m chud&yacute;m,<br \/> uprost\u0159ed tv&eacute; rodiny.<br \/> Pros&iacute;me t\u011b, abys po\u017eehnal na\u0161emu &uacute;sil&iacute;,<br \/> zn&aacute;sobil na\u0161i l&aacute;sku,<br \/> chr&aacute;nil n&aacute;\u0161 \u017eivot,<br \/> vedl n&aacute;s do sv&eacute;ho kr&aacute;lovstv&iacute;<br \/> pokoje a spravedlnosti,<br \/> nyn&iacute; i v\u017edycky.<br \/> Amen.<\/p>\n","protected":false},"excerpt":{"rendered":"<p>Tob\u011b, Pane, kter&yacute; jsi \u0159ekl: &bdquo;Nen&iacute; dob\u0159e \u010dlov\u011bku samotn&eacute;mu&ldquo;, vzd&aacute;v&aacute;me d&iacute;ky za to, \u017ee jsi n&aacute;s nenechal j&iacute;t samotn&eacute;, ale \u017ee jsi n&aacute;s b\u011bhem t\u011bchto let doprov&aacute;zel slovem a l&aacute;skou sv&eacute;ho Syna, spolu s tolika brat\u0159&iacute;mi a sestrami. Pros&iacute;m\u011b t\u011b, abys n&aacute;s v\u017edy zachoval ve slu\u017eb\u011b tv&eacute;mu Evangeliu a tv&yacute;m chud&yacute;m, uprost\u0159ed tv&eacute; rodiny. Pros&iacute;me &#8230; <a title=\"Modlitba za dar Komunity\" class=\"read-more\" href=\"https:\/\/www.texty.santegidio.cz\/?page_id=674\" aria-label=\"More on Modlitba za dar Komunity\">Read more<\/a><\/p>\n","protected":false},"author":1,"featured_media":0,"parent":650,"menu_order":0,"comment_status":"open","ping_status":"open","template":"","meta":{"_uag_custom_page_level_css":"","jetpack_post_was_ever_published":false,"footnotes":""},"class_list":["post-674","page","type-page","status-publish"],"uagb_featured_image_src":{"full":false,"thumbnail":false,"medium":false,"medium_large":false,"large":false,"1536x1536":false,"2048x2048":false},"uagb_author_info":{"display_name":"Pavel","author_link":"https:\/\/www.texty.santegidio.cz\/?author=1"},"uagb_comment_info":0,"uagb_excerpt":"Tob\u011b, Pane, kter&yacute; jsi \u0159ekl: &bdquo;Nen&iacute; dob\u0159e \u010dlov\u011bku samotn&eacute;mu&ldquo;, vzd&aacute;v&aacute;me d&iacute;ky za to, \u017ee jsi n&aacute;s nenechal j&iacute;t samotn&eacute;, ale \u017ee jsi n&aacute;s b\u011bhem t\u011bchto let doprov&aacute;zel slovem a l&aacute;skou sv&eacute;ho Syna, spolu s tolika brat\u0159&iacute;mi a sestrami. Pros&iacute;m\u011b t\u011b, abys n&aacute;s v\u017edy zachoval ve slu\u017eb\u011b tv&eacute;mu Evangeliu a tv&yacute;m chud&yacute;m, uprost\u0159ed tv&eacute; rodiny. Pros&iacute;me&hellip;","jetpack_sharing_enabled":true,"jetpack_shortlink":"https:\/\/wp.me\/PawMsT-aS","_links":{"self":[{"href":"https:\/\/www.texty.santegidio.cz\/index.php?rest_route=\/wp\/v2\/pages\/674","targetHints":{"allow":["GET"]}}],"collection":[{"href":"https:\/\/www.texty.santegidio.cz\/index.php?rest_route=\/wp\/v2\/pages"}],"about":[{"href":"https:\/\/www.texty.santegidio.cz\/index.php?rest_route=\/wp\/v2\/types\/page"}],"author":[{"embeddable":true,"href":"https:\/\/www.texty.santegidio.cz\/index.php?rest_route=\/wp\/v2\/users\/1"}],"replies":[{"embeddable":true,"href":"https:\/\/www.texty.santegidio.cz\/index.php?rest_route=%2Fwp%2Fv2%2Fcomments&post=674"}],"version-history":[{"count":0,"href":"https:\/\/www.texty.santegidio.cz\/index.php?rest_route=\/wp\/v2\/pages\/674\/revisions"}],"up":[{"embeddable":true,"href":"https:\/\/www.texty.santegidio.cz\/index.php?rest_route=\/wp\/v2\/pages\/650"}],"wp:attachment":[{"href":"https:\/\/www.texty.santegidio.cz\/index.php?rest_route=%2Fwp%2Fv2%2Fmedia&parent=674"}],"curies":[{"name":"wp","href":"https:\/\/api.w.org\/{rel}","templated":true}]}}