{"id":673,"date":"2018-10-09T14:00:00","date_gmt":"2018-10-09T12:00:00","guid":{"rendered":"http:\/\/www.texty.santegidio.cz?page_id=673"},"modified":"2018-10-09T14:00:00","modified_gmt":"2018-10-09T12:00:00","slug":"modlitba-za-komunitu","status":"publish","type":"page","link":"https:\/\/www.texty.santegidio.cz\/?page_id=673","title":{"rendered":"Modlitba za Komunitu"},"content":{"rendered":"<p>Pros&iacute;me t\u011b, Pane,<br \/> o tvoji pomoc a ochranu;<br \/> zachra\u0148 toho z n&aacute;s, kdo proch&aacute;z&iacute; sou\u017een&iacute;m,<br \/> pozvedni toho, kdo upadl,<br \/> projev se tomu, kdo je v nouzi,<br \/> uzdrav nemocn&eacute;ho,<br \/> ve\u010f bloud&iacute;c&iacute;ho.<br \/> Nasy\u0165 hladov&eacute;ho,<br \/> osvobo\u010f toho z n&aacute;s, kdo je ve v\u011bzen&iacute;,<br \/> podep\u0159i slab&eacute;, povzbu\u010f ustra\u0161en&eacute;:<br \/> a\u0165 v\u0161ichni lid&eacute; poznaj&iacute;,<br \/> \u017ee ty jsi jedin&yacute; B\u016fh,<br \/> \u017ee Je\u017e&iacute;\u0161 Kristus je tv\u016fj Syn<br \/> a my jsme tv\u016fj lid,<br \/> st&aacute;dce, kter&eacute; pase\u0161.<br \/> Skrze Krista, na\u0161eho P&aacute;na.<br \/> Amen.<br \/><em>(Klement \u0158&iacute;msk&yacute;)<\/em><\/p>\n","protected":false},"excerpt":{"rendered":"<p>Pros&iacute;me t\u011b, Pane, o tvoji pomoc a ochranu; zachra\u0148 toho z n&aacute;s, kdo proch&aacute;z&iacute; sou\u017een&iacute;m, pozvedni toho, kdo upadl, projev se tomu, kdo je v nouzi, uzdrav nemocn&eacute;ho, ve\u010f bloud&iacute;c&iacute;ho. Nasy\u0165 hladov&eacute;ho, osvobo\u010f toho z n&aacute;s, kdo je ve v\u011bzen&iacute;, podep\u0159i slab&eacute;, povzbu\u010f ustra\u0161en&eacute;: a\u0165 v\u0161ichni lid&eacute; poznaj&iacute;, \u017ee ty jsi jedin&yacute; B\u016fh, \u017ee Je\u017e&iacute;\u0161 &#8230; <a title=\"Modlitba za Komunitu\" class=\"read-more\" href=\"https:\/\/www.texty.santegidio.cz\/?page_id=673\" aria-label=\"More on Modlitba za Komunitu\">Read more<\/a><\/p>\n","protected":false},"author":1,"featured_media":0,"parent":650,"menu_order":0,"comment_status":"open","ping_status":"open","template":"","meta":{"_uag_custom_page_level_css":"","jetpack_post_was_ever_published":false,"footnotes":""},"class_list":["post-673","page","type-page","status-publish"],"uagb_featured_image_src":{"full":false,"thumbnail":false,"medium":false,"medium_large":false,"large":false,"1536x1536":false,"2048x2048":false},"uagb_author_info":{"display_name":"Pavel","author_link":"https:\/\/www.texty.santegidio.cz\/?author=1"},"uagb_comment_info":0,"uagb_excerpt":"Pros&iacute;me t\u011b, Pane, o tvoji pomoc a ochranu; zachra\u0148 toho z n&aacute;s, kdo proch&aacute;z&iacute; sou\u017een&iacute;m, pozvedni toho, kdo upadl, projev se tomu, kdo je v nouzi, uzdrav nemocn&eacute;ho, ve\u010f bloud&iacute;c&iacute;ho. Nasy\u0165 hladov&eacute;ho, osvobo\u010f toho z n&aacute;s, kdo je ve v\u011bzen&iacute;, podep\u0159i slab&eacute;, povzbu\u010f ustra\u0161en&eacute;: a\u0165 v\u0161ichni lid&eacute; poznaj&iacute;, \u017ee ty jsi jedin&yacute; B\u016fh, \u017ee Je\u017e&iacute;\u0161&hellip;","jetpack_sharing_enabled":true,"jetpack_shortlink":"https:\/\/wp.me\/PawMsT-aR","_links":{"self":[{"href":"https:\/\/www.texty.santegidio.cz\/index.php?rest_route=\/wp\/v2\/pages\/673","targetHints":{"allow":["GET"]}}],"collection":[{"href":"https:\/\/www.texty.santegidio.cz\/index.php?rest_route=\/wp\/v2\/pages"}],"about":[{"href":"https:\/\/www.texty.santegidio.cz\/index.php?rest_route=\/wp\/v2\/types\/page"}],"author":[{"embeddable":true,"href":"https:\/\/www.texty.santegidio.cz\/index.php?rest_route=\/wp\/v2\/users\/1"}],"replies":[{"embeddable":true,"href":"https:\/\/www.texty.santegidio.cz\/index.php?rest_route=%2Fwp%2Fv2%2Fcomments&post=673"}],"version-history":[{"count":0,"href":"https:\/\/www.texty.santegidio.cz\/index.php?rest_route=\/wp\/v2\/pages\/673\/revisions"}],"up":[{"embeddable":true,"href":"https:\/\/www.texty.santegidio.cz\/index.php?rest_route=\/wp\/v2\/pages\/650"}],"wp:attachment":[{"href":"https:\/\/www.texty.santegidio.cz\/index.php?rest_route=%2Fwp%2Fv2%2Fmedia&parent=673"}],"curies":[{"name":"wp","href":"https:\/\/api.w.org\/{rel}","templated":true}]}}