{"id":672,"date":"2018-10-09T14:00:00","date_gmt":"2018-10-09T12:00:00","guid":{"rendered":"http:\/\/www.texty.santegidio.cz?page_id=672"},"modified":"2018-10-09T14:00:00","modified_gmt":"2018-10-09T12:00:00","slug":"modlitba-za-cirkev","status":"publish","type":"page","link":"https:\/\/www.texty.santegidio.cz\/?page_id=672","title":{"rendered":"Modlitba za C\u00edrkev"},"content":{"rendered":"<p><\/p>\n<p>Pamatuj, Pane, na svou C&iacute;rkev,<br \/> osvobo\u010f ji ode v\u0161eho zl&eacute;ho<br \/> a u\u010di\u0148 ji dokonalou v l&aacute;sce.<br \/> Sjedno\u0165 ji ze v\u0161ech sv\u011btov&yacute;ch stran,<br \/> posv\u011b\u0165 ji pro sv&eacute; kr&aacute;lovstv&iacute;, je\u017e jsi p\u0159ipravil,<br \/> proto\u017ee v tob\u011b je moc<br \/> a sl&aacute;va na v\u011bky.<br \/> A\u0165 se milost rozprost\u0159e po tomto sv\u011bt\u011b,<br \/> Hosana Bohu Davidovu,<br \/> kdo je svat&yacute;, a\u0165 p\u0159istoup&iacute;, kdo nen&iacute;, a\u0165 \u010din&iacute; pok&aacute;n&iacute;.<br \/> P\u0159ij\u010f, Pane!<br \/> Amen.<br \/><em>(Didach&eacute;)<\/em><\/p>\n","protected":false},"excerpt":{"rendered":"<p>Pamatuj, Pane, na svou C&iacute;rkev, osvobo\u010f ji ode v\u0161eho zl&eacute;ho a u\u010di\u0148 ji dokonalou v l&aacute;sce. Sjedno\u0165 ji ze v\u0161ech sv\u011btov&yacute;ch stran, posv\u011b\u0165 ji pro sv&eacute; kr&aacute;lovstv&iacute;, je\u017e jsi p\u0159ipravil, proto\u017ee v tob\u011b je moc a sl&aacute;va na v\u011bky. A\u0165 se milost rozprost\u0159e po tomto sv\u011bt\u011b, Hosana Bohu Davidovu, kdo je svat&yacute;, a\u0165 p\u0159istoup&iacute;, kdo &#8230; <a title=\"Modlitba za C\u00edrkev\" class=\"read-more\" href=\"https:\/\/www.texty.santegidio.cz\/?page_id=672\" aria-label=\"More on Modlitba za C\u00edrkev\">Read more<\/a><\/p>\n","protected":false},"author":1,"featured_media":0,"parent":650,"menu_order":0,"comment_status":"open","ping_status":"open","template":"","meta":{"_uag_custom_page_level_css":"","jetpack_post_was_ever_published":false,"footnotes":""},"class_list":["post-672","page","type-page","status-publish"],"uagb_featured_image_src":{"full":false,"thumbnail":false,"medium":false,"medium_large":false,"large":false,"1536x1536":false,"2048x2048":false},"uagb_author_info":{"display_name":"Pavel","author_link":"https:\/\/www.texty.santegidio.cz\/?author=1"},"uagb_comment_info":0,"uagb_excerpt":"Pamatuj, Pane, na svou C&iacute;rkev, osvobo\u010f ji ode v\u0161eho zl&eacute;ho a u\u010di\u0148 ji dokonalou v l&aacute;sce. Sjedno\u0165 ji ze v\u0161ech sv\u011btov&yacute;ch stran, posv\u011b\u0165 ji pro sv&eacute; kr&aacute;lovstv&iacute;, je\u017e jsi p\u0159ipravil, proto\u017ee v tob\u011b je moc a sl&aacute;va na v\u011bky. A\u0165 se milost rozprost\u0159e po tomto sv\u011bt\u011b, Hosana Bohu Davidovu, kdo je svat&yacute;, a\u0165 p\u0159istoup&iacute;, kdo&hellip;","jetpack_sharing_enabled":true,"jetpack_shortlink":"https:\/\/wp.me\/PawMsT-aQ","_links":{"self":[{"href":"https:\/\/www.texty.santegidio.cz\/index.php?rest_route=\/wp\/v2\/pages\/672","targetHints":{"allow":["GET"]}}],"collection":[{"href":"https:\/\/www.texty.santegidio.cz\/index.php?rest_route=\/wp\/v2\/pages"}],"about":[{"href":"https:\/\/www.texty.santegidio.cz\/index.php?rest_route=\/wp\/v2\/types\/page"}],"author":[{"embeddable":true,"href":"https:\/\/www.texty.santegidio.cz\/index.php?rest_route=\/wp\/v2\/users\/1"}],"replies":[{"embeddable":true,"href":"https:\/\/www.texty.santegidio.cz\/index.php?rest_route=%2Fwp%2Fv2%2Fcomments&post=672"}],"version-history":[{"count":0,"href":"https:\/\/www.texty.santegidio.cz\/index.php?rest_route=\/wp\/v2\/pages\/672\/revisions"}],"up":[{"embeddable":true,"href":"https:\/\/www.texty.santegidio.cz\/index.php?rest_route=\/wp\/v2\/pages\/650"}],"wp:attachment":[{"href":"https:\/\/www.texty.santegidio.cz\/index.php?rest_route=%2Fwp%2Fv2%2Fmedia&parent=672"}],"curies":[{"name":"wp","href":"https:\/\/api.w.org\/{rel}","templated":true}]}}