{"id":671,"date":"2018-10-09T14:00:00","date_gmt":"2018-10-09T12:00:00","guid":{"rendered":"http:\/\/www.texty.santegidio.cz?page_id=671"},"modified":"2018-10-09T14:00:00","modified_gmt":"2018-10-09T12:00:00","slug":"modlitba-komunity","status":"publish","type":"page","link":"https:\/\/www.texty.santegidio.cz\/?page_id=671","title":{"rendered":"Modlitba Komunity"},"content":{"rendered":"<p>Pane, n&aacute;\u0161 Bo\u017ee,<br \/> kter&yacute; ze zmatku<br \/> a samoty tohoto sv\u011bta<br \/> nep\u0159est&aacute;v&aacute;\u0161 ze v\u0161ech kon\u010din, m\u011bst a zem&iacute;<br \/> sv&yacute;m Slovem shroma\u017e\u010fovat<br \/> sv\u016fj svat&yacute; lid,<br \/> aby ti v l&aacute;sce<br \/> vzd&aacute;val sl&aacute;vu,<br \/> ochra\u0148uj st&aacute;dce, kter&eacute; jsi shrom&aacute;\u017edil,<br \/> zachov&aacute;vej je ve sv&eacute; l&aacute;sce,<br \/> nyn&iacute; i v\u017edycky<br \/> a na v\u011bky v\u011bk\u016f.<br \/> Amen.<\/p>\n","protected":false},"excerpt":{"rendered":"<p>Pane, n&aacute;\u0161 Bo\u017ee, kter&yacute; ze zmatku a samoty tohoto sv\u011bta nep\u0159est&aacute;v&aacute;\u0161 ze v\u0161ech kon\u010din, m\u011bst a zem&iacute; sv&yacute;m Slovem shroma\u017e\u010fovat sv\u016fj svat&yacute; lid, aby ti v l&aacute;sce vzd&aacute;val sl&aacute;vu, ochra\u0148uj st&aacute;dce, kter&eacute; jsi shrom&aacute;\u017edil, zachov&aacute;vej je ve sv&eacute; l&aacute;sce, nyn&iacute; i v\u017edycky a na v\u011bky v\u011bk\u016f. Amen.<\/p>\n","protected":false},"author":1,"featured_media":0,"parent":650,"menu_order":0,"comment_status":"open","ping_status":"open","template":"","meta":{"_uag_custom_page_level_css":"","jetpack_post_was_ever_published":false,"footnotes":""},"class_list":["post-671","page","type-page","status-publish"],"uagb_featured_image_src":{"full":false,"thumbnail":false,"medium":false,"medium_large":false,"large":false,"1536x1536":false,"2048x2048":false},"uagb_author_info":{"display_name":"Pavel","author_link":"https:\/\/www.texty.santegidio.cz\/?author=1"},"uagb_comment_info":0,"uagb_excerpt":"Pane, n&aacute;\u0161 Bo\u017ee, kter&yacute; ze zmatku a samoty tohoto sv\u011bta nep\u0159est&aacute;v&aacute;\u0161 ze v\u0161ech kon\u010din, m\u011bst a zem&iacute; sv&yacute;m Slovem shroma\u017e\u010fovat sv\u016fj svat&yacute; lid, aby ti v l&aacute;sce vzd&aacute;val sl&aacute;vu, ochra\u0148uj st&aacute;dce, kter&eacute; jsi shrom&aacute;\u017edil, zachov&aacute;vej je ve sv&eacute; l&aacute;sce, nyn&iacute; i v\u017edycky a na v\u011bky v\u011bk\u016f. Amen.","jetpack_sharing_enabled":true,"jetpack_shortlink":"https:\/\/wp.me\/PawMsT-aP","_links":{"self":[{"href":"https:\/\/www.texty.santegidio.cz\/index.php?rest_route=\/wp\/v2\/pages\/671","targetHints":{"allow":["GET"]}}],"collection":[{"href":"https:\/\/www.texty.santegidio.cz\/index.php?rest_route=\/wp\/v2\/pages"}],"about":[{"href":"https:\/\/www.texty.santegidio.cz\/index.php?rest_route=\/wp\/v2\/types\/page"}],"author":[{"embeddable":true,"href":"https:\/\/www.texty.santegidio.cz\/index.php?rest_route=\/wp\/v2\/users\/1"}],"replies":[{"embeddable":true,"href":"https:\/\/www.texty.santegidio.cz\/index.php?rest_route=%2Fwp%2Fv2%2Fcomments&post=671"}],"version-history":[{"count":0,"href":"https:\/\/www.texty.santegidio.cz\/index.php?rest_route=\/wp\/v2\/pages\/671\/revisions"}],"up":[{"embeddable":true,"href":"https:\/\/www.texty.santegidio.cz\/index.php?rest_route=\/wp\/v2\/pages\/650"}],"wp:attachment":[{"href":"https:\/\/www.texty.santegidio.cz\/index.php?rest_route=%2Fwp%2Fv2%2Fmedia&parent=671"}],"curies":[{"name":"wp","href":"https:\/\/api.w.org\/{rel}","templated":true}]}}