{"id":67,"date":"2018-12-12T10:15:02","date_gmt":"2018-12-12T09:15:02","guid":{"rendered":"http:\/\/www.texty.santegidio.cz?page_id=67"},"modified":"2018-12-12T10:15:04","modified_gmt":"2018-12-12T09:15:04","slug":"zalm-15","status":"publish","type":"page","link":"https:\/\/www.texty.santegidio.cz\/?page_id=67","title":{"rendered":"\u017dalm 15"},"content":{"rendered":"<p>U\u010di\u0148 n\u00e1s, Pane, tob\u011b bl\u00edzk\u00fdmi.<\/p>\n<p>&#8211; <sup>1<\/span><\/sup> Kdo, Pane, sm\u00ed v tv\u00e9m stanu dl\u00edt,<br \/>p\u0159eb\u00fdvat na tv\u00e9 sv<strong>a<\/strong>t\u00e9 ho\u0159e?<\/p>\n<p>&#8211; <sup>2<\/span><\/sup> Kdo \u017eivotem jde bez poskvrn,<br \/>je \u0159\u00e1dn\u00fd, up\u0159\u00edmn<strong>\u00e9<\/strong>ho srdce;<\/p>\n<p>= <sup>3<\/span><\/sup> kdo neuk\u0159ivd\u00ed jazykem,\u2020<br \/>bli\u017en\u00edmu sv\u00e9mu neubl\u00ed\u017e\u00ed,<br \/>souseda sv\u00e9ho n<strong>e<\/strong>hanob\u00ed;<\/p>\n<p>&#8211; <sup>4<\/span><\/sup> kdo bohapr\u00e1zdn\u00fdm pohrd\u00e1,<br \/>zato si v\u00e1\u017e\u00ed b<strong>o<\/strong>habojn\u00fdch;<\/p>\n<p>= <sup>5<\/span><\/sup> kdo, i kdy\u017e ztr\u00e1c\u00ed, dr\u017e\u00ed slib,\u2020<br \/>sv\u00fdch pen\u011bz neu\u017e\u00edv\u00e1 k lichv\u011b<br \/>a proti z\u00e1jm\u016fm n<strong>e<\/strong>vinn\u00e9ho<br \/>&#8211; ni\u010d\u00edm se ned\u00e1 podplatit.<br \/>Kdo \u017eije tak, je pr<strong>o<\/strong>v\u017edy pevn\u00fd.<\/p>\n","protected":false},"excerpt":{"rendered":"<p>U\u010di\u0148 n\u00e1s, Pane, tob\u011b bl\u00edzk\u00fdmi. &#8211; 1 Kdo, Pane, sm\u00ed v tv\u00e9m stanu dl\u00edt,p\u0159eb\u00fdvat na tv\u00e9 svat\u00e9 ho\u0159e? &#8211; 2 Kdo \u017eivotem jde bez poskvrn,je \u0159\u00e1dn\u00fd, up\u0159\u00edmn\u00e9ho srdce; = 3 kdo neuk\u0159ivd\u00ed jazykem,\u2020bli\u017en\u00edmu sv\u00e9mu neubl\u00ed\u017e\u00ed,souseda sv\u00e9ho nehanob\u00ed; &#8211; 4 kdo bohapr\u00e1zdn\u00fdm pohrd\u00e1,zato si v\u00e1\u017e\u00ed bohabojn\u00fdch; = 5 kdo, i kdy\u017e ztr\u00e1c\u00ed, dr\u017e\u00ed slib,\u2020sv\u00fdch pen\u011bz neu\u017e\u00edv\u00e1 &#8230; <a title=\"\u017dalm 15\" class=\"read-more\" href=\"https:\/\/www.texty.santegidio.cz\/?page_id=67\" aria-label=\"More on \u017dalm 15\">Read more<\/a><\/p>\n","protected":false},"author":1,"featured_media":0,"parent":29,"menu_order":0,"comment_status":"closed","ping_status":"closed","template":"","meta":{"_uag_custom_page_level_css":"","jetpack_post_was_ever_published":false,"footnotes":""},"class_list":["post-67","page","type-page","status-publish"],"uagb_featured_image_src":{"full":false,"thumbnail":false,"medium":false,"medium_large":false,"large":false,"1536x1536":false,"2048x2048":false},"uagb_author_info":{"display_name":"Pavel","author_link":"https:\/\/www.texty.santegidio.cz\/?author=1"},"uagb_comment_info":0,"uagb_excerpt":"U\u010di\u0148 n\u00e1s, Pane, tob\u011b bl\u00edzk\u00fdmi. &#8211; 1 Kdo, Pane, sm\u00ed v tv\u00e9m stanu dl\u00edt,p\u0159eb\u00fdvat na tv\u00e9 svat\u00e9 ho\u0159e? &#8211; 2 Kdo \u017eivotem jde bez poskvrn,je \u0159\u00e1dn\u00fd, up\u0159\u00edmn\u00e9ho srdce; = 3 kdo neuk\u0159ivd\u00ed jazykem,\u2020bli\u017en\u00edmu sv\u00e9mu neubl\u00ed\u017e\u00ed,souseda sv\u00e9ho nehanob\u00ed; &#8211; 4 kdo bohapr\u00e1zdn\u00fdm pohrd\u00e1,zato si v\u00e1\u017e\u00ed bohabojn\u00fdch; = 5 kdo, i kdy\u017e ztr\u00e1c\u00ed, dr\u017e\u00ed slib,\u2020sv\u00fdch pen\u011bz neu\u017e\u00edv\u00e1&hellip;","jetpack_sharing_enabled":true,"jetpack_shortlink":"https:\/\/wp.me\/PawMsT-15","_links":{"self":[{"href":"https:\/\/www.texty.santegidio.cz\/index.php?rest_route=\/wp\/v2\/pages\/67","targetHints":{"allow":["GET"]}}],"collection":[{"href":"https:\/\/www.texty.santegidio.cz\/index.php?rest_route=\/wp\/v2\/pages"}],"about":[{"href":"https:\/\/www.texty.santegidio.cz\/index.php?rest_route=\/wp\/v2\/types\/page"}],"author":[{"embeddable":true,"href":"https:\/\/www.texty.santegidio.cz\/index.php?rest_route=\/wp\/v2\/users\/1"}],"replies":[{"embeddable":true,"href":"https:\/\/www.texty.santegidio.cz\/index.php?rest_route=%2Fwp%2Fv2%2Fcomments&post=67"}],"version-history":[{"count":1,"href":"https:\/\/www.texty.santegidio.cz\/index.php?rest_route=\/wp\/v2\/pages\/67\/revisions"}],"predecessor-version":[{"id":1237,"href":"https:\/\/www.texty.santegidio.cz\/index.php?rest_route=\/wp\/v2\/pages\/67\/revisions\/1237"}],"up":[{"embeddable":true,"href":"https:\/\/www.texty.santegidio.cz\/index.php?rest_route=\/wp\/v2\/pages\/29"}],"wp:attachment":[{"href":"https:\/\/www.texty.santegidio.cz\/index.php?rest_route=%2Fwp%2Fv2%2Fmedia&parent=67"}],"curies":[{"name":"wp","href":"https:\/\/api.w.org\/{rel}","templated":true}]}}