{"id":650,"date":"2018-10-09T13:56:26","date_gmt":"2018-10-09T11:56:26","guid":{"rendered":"http:\/\/www.texty.santegidio.cz?page_id=650"},"modified":"2018-11-18T22:42:22","modified_gmt":"2018-11-18T21:42:22","slug":"i-modlitby-komunity","status":"publish","type":"page","link":"https:\/\/www.texty.santegidio.cz\/?page_id=650","title":{"rendered":"I. MODLITBY KOMUNITY"},"content":{"rendered":"<div class=\"pt-cv-wrapper\"><div class=\"pt-cv-view pt-cv-grid pt-cv-colsys\" id=\"pt-cv-view-2c08f59g1o\"><div data-id=\"pt-cv-page-1\" class=\"pt-cv-page\" data-cvc=\"1\"><div class=\"col-md-12 col-sm-12 col-xs-12 pt-cv-content-item pt-cv-1-col\" ><div class='pt-cv-ifield'><h4 class=\"pt-cv-title\"><a href=\"https:\/\/www.texty.santegidio.cz\/?page_id=671\" class=\"_self\" target=\"_self\" >Modlitba Komunity<\/a><\/h4><\/div><\/div>\n<div class=\"col-md-12 col-sm-12 col-xs-12 pt-cv-content-item pt-cv-1-col\" ><div class='pt-cv-ifield'><h4 class=\"pt-cv-title\"><a href=\"https:\/\/www.texty.santegidio.cz\/?page_id=672\" class=\"_self\" target=\"_self\" >Modlitba za C\u00edrkev<\/a><\/h4><\/div><\/div>\n<div class=\"col-md-12 col-sm-12 col-xs-12 pt-cv-content-item pt-cv-1-col\" ><div class='pt-cv-ifield'><h4 class=\"pt-cv-title\"><a href=\"https:\/\/www.texty.santegidio.cz\/?page_id=673\" class=\"_self\" target=\"_self\" >Modlitba za Komunitu<\/a><\/h4><\/div><\/div>\n<div class=\"col-md-12 col-sm-12 col-xs-12 pt-cv-content-item pt-cv-1-col\" ><div class='pt-cv-ifield'><h4 class=\"pt-cv-title\"><a href=\"https:\/\/www.texty.santegidio.cz\/?page_id=674\" class=\"_self\" target=\"_self\" >Modlitba za dar Komunity<\/a><\/h4><\/div><\/div>\n<div class=\"col-md-12 col-sm-12 col-xs-12 pt-cv-content-item pt-cv-1-col\" ><div class='pt-cv-ifield'><h4 class=\"pt-cv-title\"><a href=\"https:\/\/www.texty.santegidio.cz\/?page_id=675\" class=\"_self\" target=\"_self\" >Modlitba za Komunitu vnov\u00e9m tis\u00edcilet\u00ed<\/a><\/h4><\/div><\/div>\n<div class=\"col-md-12 col-sm-12 col-xs-12 pt-cv-content-item pt-cv-1-col\" ><div class='pt-cv-ifield'><h4 class=\"pt-cv-title\"><a href=\"https:\/\/www.texty.santegidio.cz\/?page_id=676\" class=\"_self\" target=\"_self\" >Modlitba o spojen\u00ed s Bohem<\/a><\/h4><\/div><\/div>\n<div class=\"col-md-12 col-sm-12 col-xs-12 pt-cv-content-item pt-cv-1-col\" ><div class='pt-cv-ifield'><h4 class=\"pt-cv-title\"><a href=\"https:\/\/www.texty.santegidio.cz\/?page_id=677\" class=\"_self\" target=\"_self\" >Modlitba k milosrdn\u00e9mu Bohu<\/a><\/h4><\/div><\/div>\n<div class=\"col-md-12 col-sm-12 col-xs-12 pt-cv-content-item pt-cv-1-col\" ><div class='pt-cv-ifield'><h4 class=\"pt-cv-title\"><a href=\"https:\/\/www.texty.santegidio.cz\/?page_id=678\" class=\"_self\" target=\"_self\" >Modlitba svornosti<\/a><\/h4><\/div><\/div>\n<div class=\"col-md-12 col-sm-12 col-xs-12 pt-cv-content-item pt-cv-1-col\" ><div class='pt-cv-ifield'><h4 class=\"pt-cv-title\"><a href=\"https:\/\/www.texty.santegidio.cz\/?page_id=679\" class=\"_self\" target=\"_self\" >Modlitba neu\u017eite\u010dn\u00fdch slu\u017eebn\u00edk\u016f<\/a><\/h4><\/div><\/div>\n<div class=\"col-md-12 col-sm-12 col-xs-12 pt-cv-content-item pt-cv-1-col\" ><div class='pt-cv-ifield'><h4 class=\"pt-cv-title\"><a href=\"https:\/\/www.texty.santegidio.cz\/?page_id=680\" class=\"_self\" target=\"_self\" >Modlitba za trp\u00edc\u00ed<\/a><\/h4><\/div><\/div>\n<div class=\"col-md-12 col-sm-12 col-xs-12 pt-cv-content-item pt-cv-1-col\" ><div class='pt-cv-ifield'><h4 class=\"pt-cv-title\"><a href=\"https:\/\/www.texty.santegidio.cz\/?page_id=681\" class=\"_self\" target=\"_self\" >Modlitba za obr\u00e1cen\u00ed<\/a><\/h4><\/div><\/div>\n<div class=\"col-md-12 col-sm-12 col-xs-12 pt-cv-content-item pt-cv-1-col\" ><div class='pt-cv-ifield'><h4 class=\"pt-cv-title\"><a href=\"https:\/\/www.texty.santegidio.cz\/?page_id=682\" class=\"_self\" target=\"_self\" >Modlitba za p\u0159ijet\u00ed P\u00e1na<\/a><\/h4><\/div><\/div>\n<div class=\"col-md-12 col-sm-12 col-xs-12 pt-cv-content-item pt-cv-1-col\" ><div class='pt-cv-ifield'><h4 class=\"pt-cv-title\"><a href=\"https:\/\/www.texty.santegidio.cz\/?page_id=683\" class=\"_self\" target=\"_self\" >Modlitba za p\u0159ijet\u00ed Je\u017e\u00ed\u0161e<\/a><\/h4><\/div><\/div>\n<div class=\"col-md-12 col-sm-12 col-xs-12 pt-cv-content-item pt-cv-1-col\" ><div class='pt-cv-ifield'><h4 class=\"pt-cv-title\"><a href=\"https:\/\/www.texty.santegidio.cz\/?page_id=684\" class=\"_self\" target=\"_self\" >Modlitba za Kristovo t\u011blo<\/a><\/h4><\/div><\/div>\n<div class=\"col-md-12 col-sm-12 col-xs-12 pt-cv-content-item pt-cv-1-col\" ><div class='pt-cv-ifield'><h4 class=\"pt-cv-title\"><a href=\"https:\/\/www.texty.santegidio.cz\/?page_id=685\" class=\"_self\" target=\"_self\" >Modlitba za odpu\u0161t\u011bn\u00ed h\u0159\u00edch\u016f<\/a><\/h4><\/div><\/div>\n<div class=\"col-md-12 col-sm-12 col-xs-12 pt-cv-content-item pt-cv-1-col\" ><div class='pt-cv-ifield'><h4 class=\"pt-cv-title\"><a href=\"https:\/\/www.texty.santegidio.cz\/?page_id=686\" class=\"_self\" target=\"_self\" >Modlitba pok\u00e1n\u00ed<\/a><\/h4><\/div><\/div>\n<div class=\"col-md-12 col-sm-12 col-xs-12 pt-cv-content-item pt-cv-1-col\" ><div class='pt-cv-ifield'><h4 class=\"pt-cv-title\"><a href=\"https:\/\/www.texty.santegidio.cz\/?page_id=687\" class=\"_self\" target=\"_self\" >Modlitba star\u00e9ho \u010dlov\u011bka<\/a><\/h4><\/div><\/div>\n<div class=\"col-md-12 col-sm-12 col-xs-12 pt-cv-content-item pt-cv-1-col\" ><div class='pt-cv-ifield'><h4 class=\"pt-cv-title\"><a href=\"https:\/\/www.texty.santegidio.cz\/?page_id=688\" class=\"_self\" target=\"_self\" >Modlitba ke Svat\u00e9 Tv\u00e1\u0159i<\/a><\/h4><\/div><\/div><\/div><\/div><\/div>\n","protected":false},"excerpt":{"rendered":"","protected":false},"author":1,"featured_media":0,"parent":696,"menu_order":0,"comment_status":"closed","ping_status":"closed","template":"template-fullwidth.php","meta":{"_uag_custom_page_level_css":"","jetpack_post_was_ever_published":false,"footnotes":""},"class_list":["post-650","page","type-page","status-publish"],"uagb_featured_image_src":{"full":false,"thumbnail":false,"medium":false,"medium_large":false,"large":false,"1536x1536":false,"2048x2048":false},"uagb_author_info":{"display_name":"Pavel","author_link":"https:\/\/www.texty.santegidio.cz\/?author=1"},"uagb_comment_info":0,"uagb_excerpt":null,"jetpack_sharing_enabled":true,"jetpack_shortlink":"https:\/\/wp.me\/PawMsT-au","_links":{"self":[{"href":"https:\/\/www.texty.santegidio.cz\/index.php?rest_route=\/wp\/v2\/pages\/650","targetHints":{"allow":["GET"]}}],"collection":[{"href":"https:\/\/www.texty.santegidio.cz\/index.php?rest_route=\/wp\/v2\/pages"}],"about":[{"href":"https:\/\/www.texty.santegidio.cz\/index.php?rest_route=\/wp\/v2\/types\/page"}],"author":[{"embeddable":true,"href":"https:\/\/www.texty.santegidio.cz\/index.php?rest_route=\/wp\/v2\/users\/1"}],"replies":[{"embeddable":true,"href":"https:\/\/www.texty.santegidio.cz\/index.php?rest_route=%2Fwp%2Fv2%2Fcomments&post=650"}],"version-history":[{"count":1,"href":"https:\/\/www.texty.santegidio.cz\/index.php?rest_route=\/wp\/v2\/pages\/650\/revisions"}],"predecessor-version":[{"id":1186,"href":"https:\/\/www.texty.santegidio.cz\/index.php?rest_route=\/wp\/v2\/pages\/650\/revisions\/1186"}],"up":[{"embeddable":true,"href":"https:\/\/www.texty.santegidio.cz\/index.php?rest_route=\/wp\/v2\/pages\/696"}],"wp:attachment":[{"href":"https:\/\/www.texty.santegidio.cz\/index.php?rest_route=%2Fwp%2Fv2%2Fmedia&parent=650"}],"curies":[{"name":"wp","href":"https:\/\/api.w.org\/{rel}","templated":true}]}}