{"id":65,"date":"2018-12-12T10:15:02","date_gmt":"2018-12-12T09:15:02","guid":{"rendered":"http:\/\/www.texty.santegidio.cz?page_id=65"},"modified":"2018-12-12T10:15:03","modified_gmt":"2018-12-12T09:15:03","slug":"zalm-13","status":"publish","type":"page","link":"https:\/\/www.texty.santegidio.cz\/?page_id=65","title":{"rendered":"\u017dalm 13"},"content":{"rendered":"<p>Jak dlouho je\u0161t\u011b, Pane, chce\u0161 mi ukr\u00fdvat svou tv\u00e1\u0159.<\/p>\n<p>&#8211; <sup>2<\/span><\/sup> Jak dlouho, Pane, chce\u0161 mne zapom\u00ednat? Nav\u017edy?<br \/>Jak dlouho je\u0161t\u011b chce\u0161 mi ukr<strong>\u00fd<\/strong>vat svou tv\u00e1\u0159?<\/p>\n<p>= <sup>3<\/span><\/sup> Jak dlouho je\u0161t\u011b m\u00e1m se v hloubi du\u0161e tr\u00e1pit,\u2020<br \/>jak dlouho den co den se ho\u0159em v srdci hr\u00fdzt?<br \/>Jak dlouho nep\u0159\u00edtel se nade mn<strong>ou<\/strong> m\u00e1 py\u0161nit?<\/p>\n<p>&#8211; <sup>4<\/span><\/sup> Shl\u00e9dni sem, sly\u0161 m\u011b, sly\u0161, m\u016fj Pane, Bo\u017ee m\u016fj!<br \/>O\u010di mi rozjasni, a\u0165 ne<strong>u<\/strong>snu a\u017e k smrti!<\/p>\n<p>&#8211; <sup>5<\/span><\/sup> A\u0165 nesm\u00ed tr\u00fdznitel se chlubit: &bdquo;U\u017e ho m\u00e1m!&ldquo;<br \/>A\u0165 nezaj\u00e1saj\u00ed odp\u016frci n<strong>a<\/strong>d m\u00fdm p\u00e1dem!<\/p>\n<p>= <sup>6<\/span><\/sup> V\u017edy\u0165 j\u00e1 se spol\u00e9h\u00e1m jen na tv\u00e9 slitov\u00e1n\u00ed!\u2020<br \/>A\u0165 nad tvou pomoc\u00ed m\u00e9 srdce zaples\u00e1!<br \/>Za v\u0161echno dobro pak j\u00e1 P<strong>\u00e1<\/strong>nu chv\u00e1ly vzd\u00e1m.<\/p>\n","protected":false},"excerpt":{"rendered":"<p>Jak dlouho je\u0161t\u011b, Pane, chce\u0161 mi ukr\u00fdvat svou tv\u00e1\u0159. &#8211; 2 Jak dlouho, Pane, chce\u0161 mne zapom\u00ednat? Nav\u017edy?Jak dlouho je\u0161t\u011b chce\u0161 mi ukr\u00fdvat svou tv\u00e1\u0159? = 3 Jak dlouho je\u0161t\u011b m\u00e1m se v hloubi du\u0161e tr\u00e1pit,\u2020jak dlouho den co den se ho\u0159em v srdci hr\u00fdzt?Jak dlouho nep\u0159\u00edtel se nade mnou m\u00e1 py\u0161nit? &#8211; 4 Shl\u00e9dni &#8230; <a title=\"\u017dalm 13\" class=\"read-more\" href=\"https:\/\/www.texty.santegidio.cz\/?page_id=65\" aria-label=\"More on \u017dalm 13\">Read more<\/a><\/p>\n","protected":false},"author":1,"featured_media":0,"parent":29,"menu_order":0,"comment_status":"closed","ping_status":"closed","template":"","meta":{"_uag_custom_page_level_css":"","jetpack_post_was_ever_published":false,"footnotes":""},"class_list":["post-65","page","type-page","status-publish"],"uagb_featured_image_src":{"full":false,"thumbnail":false,"medium":false,"medium_large":false,"large":false,"1536x1536":false,"2048x2048":false},"uagb_author_info":{"display_name":"Pavel","author_link":"https:\/\/www.texty.santegidio.cz\/?author=1"},"uagb_comment_info":0,"uagb_excerpt":"Jak dlouho je\u0161t\u011b, Pane, chce\u0161 mi ukr\u00fdvat svou tv\u00e1\u0159. &#8211; 2 Jak dlouho, Pane, chce\u0161 mne zapom\u00ednat? Nav\u017edy?Jak dlouho je\u0161t\u011b chce\u0161 mi ukr\u00fdvat svou tv\u00e1\u0159? = 3 Jak dlouho je\u0161t\u011b m\u00e1m se v hloubi du\u0161e tr\u00e1pit,\u2020jak dlouho den co den se ho\u0159em v srdci hr\u00fdzt?Jak dlouho nep\u0159\u00edtel se nade mnou m\u00e1 py\u0161nit? &#8211; 4 Shl\u00e9dni&hellip;","jetpack_sharing_enabled":true,"jetpack_shortlink":"https:\/\/wp.me\/PawMsT-13","_links":{"self":[{"href":"https:\/\/www.texty.santegidio.cz\/index.php?rest_route=\/wp\/v2\/pages\/65","targetHints":{"allow":["GET"]}}],"collection":[{"href":"https:\/\/www.texty.santegidio.cz\/index.php?rest_route=\/wp\/v2\/pages"}],"about":[{"href":"https:\/\/www.texty.santegidio.cz\/index.php?rest_route=\/wp\/v2\/types\/page"}],"author":[{"embeddable":true,"href":"https:\/\/www.texty.santegidio.cz\/index.php?rest_route=\/wp\/v2\/users\/1"}],"replies":[{"embeddable":true,"href":"https:\/\/www.texty.santegidio.cz\/index.php?rest_route=%2Fwp%2Fv2%2Fcomments&post=65"}],"version-history":[{"count":1,"href":"https:\/\/www.texty.santegidio.cz\/index.php?rest_route=\/wp\/v2\/pages\/65\/revisions"}],"predecessor-version":[{"id":1235,"href":"https:\/\/www.texty.santegidio.cz\/index.php?rest_route=\/wp\/v2\/pages\/65\/revisions\/1235"}],"up":[{"embeddable":true,"href":"https:\/\/www.texty.santegidio.cz\/index.php?rest_route=\/wp\/v2\/pages\/29"}],"wp:attachment":[{"href":"https:\/\/www.texty.santegidio.cz\/index.php?rest_route=%2Fwp%2Fv2%2Fmedia&parent=65"}],"curies":[{"name":"wp","href":"https:\/\/api.w.org\/{rel}","templated":true}]}}