{"id":64,"date":"2018-12-12T10:15:02","date_gmt":"2018-12-12T09:15:02","guid":{"rendered":"http:\/\/www.texty.santegidio.cz?page_id=64"},"modified":"2018-12-12T10:15:03","modified_gmt":"2018-12-12T09:15:03","slug":"zalm-12","status":"publish","type":"page","link":"https:\/\/www.texty.santegidio.cz\/?page_id=64","title":{"rendered":"\u017dalm 12"},"content":{"rendered":"<p>Tv\u00e9 slovo, Pane, osv\u011bcuje n\u00e1\u0161 \u017eivot.<\/p>\n<p>&#8211; <sup>2<\/span><\/sup> Pomoz, Pane! M\u00e1lo, st\u00e1le m\u00ed\u0148 je zbo\u017en\u00fdch,<br \/>v\u011brnost mezi lidmi u\u017e s<strong>e<\/strong> ztratila.<\/p>\n<p>&#8211; <sup>3<\/span><\/sup> Jeden druh\u00e9ho tu slovem obelh\u00e1v\u00e1,<br \/>mluv\u00ed klamn\u00fdm rtem a s<strong>r<\/strong>dcem dvojsk\u00fdm.<\/p>\n<p>&#8211; <sup>4<\/span><\/sup> K\u00e9\u017e P\u00e1n zahub\u00ed ta v\u0161echna l\u017eiv\u00e1 \u00fasta,<br \/>jazyky, co mluv\u00ed op<strong>o<\/strong>v\u00e1\u017eliv\u011b,<\/p>\n<p>&#8211; <sup>5<\/span><\/sup> ty, co \u0159\u00edkaj\u00ed: &bdquo;Sv\u00fdm jazykem jsme mocn\u00ed!<br \/>V na\u0161ich \u00fastech s\u00edla, kdo j<strong>e<\/strong> nad n\u00e1mi?&ldquo;<\/p>\n<p>= <sup>6<\/span><\/sup> Uti\u0161t\u011bni slab\u00ed, na\u0159\u00edkaj\u00ed chud\u00ed;\u2020<br \/>proto prav\u00ed P\u00e1n: &bdquo;A nyn\u00ed povstanu,<br \/>opovr\u017een\u00e9mu sp<strong>\u00e1<\/strong>su p\u0159inesu!&ldquo;<\/p>\n<p>&#8211; <sup>7<\/span><\/sup> Ka\u017ed\u00e9 slovo P\u00e1n\u011b, to je slovo ryz\u00ed,<br \/>\u010dist\u00e9 st\u0159\u00edbro pro\u0161l\u00e9 \u017e<strong>\u00e1<\/strong>rem sedmer\u00fdm.<\/p>\n<p>&#8211; <sup>8<\/span><\/sup> Ty jsi, Pane, p\u0159i n\u00e1s, ty n\u00e1s ochra\u0148uje\u0161,<br \/>p\u0159ed t\u00edm plemenem n\u00e1s n<strong>a<\/strong>v\u017edy zachr\u00e1n\u00ed\u0161,<\/p>\n<p>&#8211; <sup>9<\/span><\/sup> i kdy\u017e bezbo\u017en\u00edci py\u0161n\u011b vykra\u010duj\u00ed<br \/>a kdy\u017e maj\u00ed vrch v\u017edy jen t<strong>i<\/strong> nejhor\u0161\u00ed.<\/p>\n","protected":false},"excerpt":{"rendered":"<p>Tv\u00e9 slovo, Pane, osv\u011bcuje n\u00e1\u0161 \u017eivot. &#8211; 2 Pomoz, Pane! M\u00e1lo, st\u00e1le m\u00ed\u0148 je zbo\u017en\u00fdch,v\u011brnost mezi lidmi u\u017e se ztratila. &#8211; 3 Jeden druh\u00e9ho tu slovem obelh\u00e1v\u00e1,mluv\u00ed klamn\u00fdm rtem a srdcem dvojsk\u00fdm. &#8211; 4 K\u00e9\u017e P\u00e1n zahub\u00ed ta v\u0161echna l\u017eiv\u00e1 \u00fasta,jazyky, co mluv\u00ed opov\u00e1\u017eliv\u011b, &#8211; 5 ty, co \u0159\u00edkaj\u00ed: &bdquo;Sv\u00fdm jazykem jsme mocn\u00ed!V na\u0161ich \u00fastech &#8230; <a title=\"\u017dalm 12\" class=\"read-more\" href=\"https:\/\/www.texty.santegidio.cz\/?page_id=64\" aria-label=\"More on \u017dalm 12\">Read more<\/a><\/p>\n","protected":false},"author":1,"featured_media":0,"parent":29,"menu_order":0,"comment_status":"closed","ping_status":"closed","template":"","meta":{"_uag_custom_page_level_css":"","jetpack_post_was_ever_published":false,"footnotes":""},"class_list":["post-64","page","type-page","status-publish"],"uagb_featured_image_src":{"full":false,"thumbnail":false,"medium":false,"medium_large":false,"large":false,"1536x1536":false,"2048x2048":false},"uagb_author_info":{"display_name":"Pavel","author_link":"https:\/\/www.texty.santegidio.cz\/?author=1"},"uagb_comment_info":0,"uagb_excerpt":"Tv\u00e9 slovo, Pane, osv\u011bcuje n\u00e1\u0161 \u017eivot. &#8211; 2 Pomoz, Pane! M\u00e1lo, st\u00e1le m\u00ed\u0148 je zbo\u017en\u00fdch,v\u011brnost mezi lidmi u\u017e se ztratila. &#8211; 3 Jeden druh\u00e9ho tu slovem obelh\u00e1v\u00e1,mluv\u00ed klamn\u00fdm rtem a srdcem dvojsk\u00fdm. &#8211; 4 K\u00e9\u017e P\u00e1n zahub\u00ed ta v\u0161echna l\u017eiv\u00e1 \u00fasta,jazyky, co mluv\u00ed opov\u00e1\u017eliv\u011b, &#8211; 5 ty, co \u0159\u00edkaj\u00ed: &bdquo;Sv\u00fdm jazykem jsme mocn\u00ed!V na\u0161ich \u00fastech&hellip;","jetpack_sharing_enabled":true,"jetpack_shortlink":"https:\/\/wp.me\/PawMsT-12","_links":{"self":[{"href":"https:\/\/www.texty.santegidio.cz\/index.php?rest_route=\/wp\/v2\/pages\/64","targetHints":{"allow":["GET"]}}],"collection":[{"href":"https:\/\/www.texty.santegidio.cz\/index.php?rest_route=\/wp\/v2\/pages"}],"about":[{"href":"https:\/\/www.texty.santegidio.cz\/index.php?rest_route=\/wp\/v2\/types\/page"}],"author":[{"embeddable":true,"href":"https:\/\/www.texty.santegidio.cz\/index.php?rest_route=\/wp\/v2\/users\/1"}],"replies":[{"embeddable":true,"href":"https:\/\/www.texty.santegidio.cz\/index.php?rest_route=%2Fwp%2Fv2%2Fcomments&post=64"}],"version-history":[{"count":1,"href":"https:\/\/www.texty.santegidio.cz\/index.php?rest_route=\/wp\/v2\/pages\/64\/revisions"}],"predecessor-version":[{"id":1234,"href":"https:\/\/www.texty.santegidio.cz\/index.php?rest_route=\/wp\/v2\/pages\/64\/revisions\/1234"}],"up":[{"embeddable":true,"href":"https:\/\/www.texty.santegidio.cz\/index.php?rest_route=\/wp\/v2\/pages\/29"}],"wp:attachment":[{"href":"https:\/\/www.texty.santegidio.cz\/index.php?rest_route=%2Fwp%2Fv2%2Fmedia&parent=64"}],"curies":[{"name":"wp","href":"https:\/\/api.w.org\/{rel}","templated":true}]}}