{"id":63,"date":"2018-12-12T10:15:02","date_gmt":"2018-12-12T09:15:02","guid":{"rendered":"http:\/\/www.texty.santegidio.cz?page_id=63"},"modified":"2018-12-12T10:15:03","modified_gmt":"2018-12-12T09:15:03","slug":"zalm-11","status":"publish","type":"page","link":"https:\/\/www.texty.santegidio.cz\/?page_id=63","title":{"rendered":"\u017dalm 11"},"content":{"rendered":"<p>K&nbsp;tob\u011b se ut\u00edk\u00e1m, Pane.<\/p>\n<p>&#8211; <sup>1<\/span><\/sup> K P\u00e1nu se ut\u00edk\u00e1m! Jak sm\u00edte \u0159\u00edkat:<br \/>&bdquo;Rad\u011bji do hor <strong>u<\/strong>le\u0165 jako pt\u00e1k.<\/p>\n<p>= <sup>2<\/span><\/sup> Hle, h\u0159\u00ed\u0161n\u00edci u\u017e nap\u00ednaj\u00ed luky,\u2020<br \/>u\u017e p\u0159ikl\u00e1daj\u00ed na t\u011btivu \u0161\u00edp,<br \/>st\u0159\u00edlej\u00ed ve tm\u011b pr<strong>o<\/strong>ti poctiv\u00fdm.<\/p>\n<p>&#8211; <sup>3<\/span><\/sup> Jestli\u017ee z\u00e1klady jsou ot\u0159eseny,<br \/>co spravedliv\u00fd t<strong>a<\/strong>dy dok\u00e1\u017ee?&ldquo;<\/p>\n<p>&#8211; <sup>4<\/span><\/sup> P\u00e1n v\u0161ak, ten s\u00eddl\u00ed ve sv\u00e9m svat\u00e9m chr\u00e1m\u011b,<br \/>jeho tr\u016fn je n<strong>a<\/strong> nebes\u00edch,<br \/>&#8211; jeho o\u010di hled\u00ed dol\u016f,<br \/>jeho zrak n\u00e1s l<strong>i<\/strong>di zkoum\u00e1.<\/p>\n<p>= <sup>5<\/span><\/sup> P\u00e1n zkou\u0161\u00ed bezbo\u017en\u00e9 i spravedliv\u00e9:\u2020<br \/>kdo lne k n\u00e1sil\u00ed a k\u0159ivd\u011b,<br \/>toho z du\u0161e n<strong>e<\/strong>n\u00e1vid\u00ed.<\/p>\n<p>&#8211; <sup>6<\/span><\/sup> A\u0165 na h\u0159\u00ed\u0161n\u00e9 d\u0161t\u00ed uhl\u00edky a s\u00edru,<br \/>\u017ehav\u00fd v\u00edtr j<strong>i<\/strong>m d\u00e1 v \u00fad\u011bl!<\/p>\n<p>= <sup>7<\/span><\/sup> Proto\u017ee P\u00e1n je vskutku spravedliv\u00fd,\u2020<br \/>r\u00e1d m\u00e1 spravedliv\u00e9 skutky;<br \/>zbo\u017en\u00ed sp<strong>a<\/strong>t\u0159\u00ed jeho tv\u00e1\u0159.<\/p>\n","protected":false},"excerpt":{"rendered":"<p>K&nbsp;tob\u011b se ut\u00edk\u00e1m, Pane. &#8211; 1 K P\u00e1nu se ut\u00edk\u00e1m! Jak sm\u00edte \u0159\u00edkat:&bdquo;Rad\u011bji do hor ule\u0165 jako pt\u00e1k. = 2 Hle, h\u0159\u00ed\u0161n\u00edci u\u017e nap\u00ednaj\u00ed luky,\u2020u\u017e p\u0159ikl\u00e1daj\u00ed na t\u011btivu \u0161\u00edp,st\u0159\u00edlej\u00ed ve tm\u011b proti poctiv\u00fdm. &#8211; 3 Jestli\u017ee z\u00e1klady jsou ot\u0159eseny,co spravedliv\u00fd tady dok\u00e1\u017ee?&ldquo; &#8211; 4 P\u00e1n v\u0161ak, ten s\u00eddl\u00ed ve sv\u00e9m svat\u00e9m chr\u00e1m\u011b,jeho tr\u016fn je na &#8230; <a title=\"\u017dalm 11\" class=\"read-more\" href=\"https:\/\/www.texty.santegidio.cz\/?page_id=63\" aria-label=\"More on \u017dalm 11\">Read more<\/a><\/p>\n","protected":false},"author":1,"featured_media":0,"parent":29,"menu_order":0,"comment_status":"closed","ping_status":"closed","template":"","meta":{"_uag_custom_page_level_css":"","jetpack_post_was_ever_published":false,"footnotes":""},"class_list":["post-63","page","type-page","status-publish"],"uagb_featured_image_src":{"full":false,"thumbnail":false,"medium":false,"medium_large":false,"large":false,"1536x1536":false,"2048x2048":false},"uagb_author_info":{"display_name":"Pavel","author_link":"https:\/\/www.texty.santegidio.cz\/?author=1"},"uagb_comment_info":0,"uagb_excerpt":"K&nbsp;tob\u011b se ut\u00edk\u00e1m, Pane. &#8211; 1 K P\u00e1nu se ut\u00edk\u00e1m! Jak sm\u00edte \u0159\u00edkat:&bdquo;Rad\u011bji do hor ule\u0165 jako pt\u00e1k. = 2 Hle, h\u0159\u00ed\u0161n\u00edci u\u017e nap\u00ednaj\u00ed luky,\u2020u\u017e p\u0159ikl\u00e1daj\u00ed na t\u011btivu \u0161\u00edp,st\u0159\u00edlej\u00ed ve tm\u011b proti poctiv\u00fdm. &#8211; 3 Jestli\u017ee z\u00e1klady jsou ot\u0159eseny,co spravedliv\u00fd tady dok\u00e1\u017ee?&ldquo; &#8211; 4 P\u00e1n v\u0161ak, ten s\u00eddl\u00ed ve sv\u00e9m svat\u00e9m chr\u00e1m\u011b,jeho tr\u016fn je na&hellip;","jetpack_sharing_enabled":true,"jetpack_shortlink":"https:\/\/wp.me\/PawMsT-11","_links":{"self":[{"href":"https:\/\/www.texty.santegidio.cz\/index.php?rest_route=\/wp\/v2\/pages\/63","targetHints":{"allow":["GET"]}}],"collection":[{"href":"https:\/\/www.texty.santegidio.cz\/index.php?rest_route=\/wp\/v2\/pages"}],"about":[{"href":"https:\/\/www.texty.santegidio.cz\/index.php?rest_route=\/wp\/v2\/types\/page"}],"author":[{"embeddable":true,"href":"https:\/\/www.texty.santegidio.cz\/index.php?rest_route=\/wp\/v2\/users\/1"}],"replies":[{"embeddable":true,"href":"https:\/\/www.texty.santegidio.cz\/index.php?rest_route=%2Fwp%2Fv2%2Fcomments&post=63"}],"version-history":[{"count":1,"href":"https:\/\/www.texty.santegidio.cz\/index.php?rest_route=\/wp\/v2\/pages\/63\/revisions"}],"predecessor-version":[{"id":1233,"href":"https:\/\/www.texty.santegidio.cz\/index.php?rest_route=\/wp\/v2\/pages\/63\/revisions\/1233"}],"up":[{"embeddable":true,"href":"https:\/\/www.texty.santegidio.cz\/index.php?rest_route=\/wp\/v2\/pages\/29"}],"wp:attachment":[{"href":"https:\/\/www.texty.santegidio.cz\/index.php?rest_route=%2Fwp%2Fv2%2Fmedia&parent=63"}],"curies":[{"name":"wp","href":"https:\/\/api.w.org\/{rel}","templated":true}]}}