{"id":61,"date":"2018-12-12T10:15:02","date_gmt":"2018-12-12T09:15:02","guid":{"rendered":"http:\/\/www.texty.santegidio.cz?page_id=61"},"modified":"2018-12-12T10:15:03","modified_gmt":"2018-12-12T09:15:03","slug":"zalm-9","status":"publish","type":"page","link":"https:\/\/www.texty.santegidio.cz\/?page_id=61","title":{"rendered":"\u017dalm 9"},"content":{"rendered":"<p>P\u00e1n nezapom\u00edn\u00e1 na ubo\u017e\u00e1ka.<\/p>\n<p>&#8211; <sup>2<\/span><\/sup> Chci t\u011b chv\u00e1lit, Pane, z cel\u00e9ho sv\u00e9ho srdce,<br \/>vypr\u00e1v\u011bt chci o v\u0161ech tv\u00fdch podivuh<strong>o<\/strong>dn\u00fdch skutc\u00edch.<\/p>\n<p>&#8211; <sup>3<\/span><\/sup> Radovat se budu, s j\u00e1sotem tebe vz\u00fdvat,<br \/>hr\u00e1t a zp\u00edvat budu, Nejvy\u0161\u0161\u00ed, pr<strong>o<\/strong> tv\u00e9 jm\u00e9no,<\/p>\n<p>&#8211; <sup>4<\/span><\/sup> proto\u017ee se st\u00e1hli m\u00ed nep\u0159\u00e1tel\u00e9 zp\u00e1tky,<br \/>zhroutili se v\u0161ichni, zanikli p\u0159<strong>e<\/strong>d tvou tv\u00e1\u0159\u00ed.<\/p>\n<p>&#8211; <sup>5<\/span><\/sup> V\u017edy\u0165 ty s\u00e1m ses ujal m\u00e9 p\u0159e a m\u00e9ho pr\u00e1va,<br \/>zasedl jsi na tr\u016fn k spravedliv<strong>\u00e9<\/strong>mu soudu,<\/p>\n<p>&#8211; <sup>6<\/span><\/sup> pohany jsi srazil a bezbo\u017en\u00edky pot\u0159el,<br \/>nav\u017edy a na v\u011b\u010dn\u00e9 v\u011bky vyhladils j<strong>e<\/strong>jich jm\u00e9no.<\/p>\n<p>&#8211; <sup>7<\/span><\/sup> Zemdleli nep\u0159\u00e1tel\u00e9, v z\u00e1hubu nav\u011bky padli,<br \/>vylidnils jejich m\u011bsta, pam\u00e1tka j<strong>e<\/strong>jich za\u0161la.<\/p>\n<p>&#8211; <sup>8<\/span><\/sup> P\u00e1n zato bude tr\u016fnit v\u011b\u010dn\u011b,<br \/>k soudu si post<strong>a<\/strong>vil sv\u016fj stolec.<\/p>\n<p>&#8211; <sup>9<\/span><\/sup> Sv\u011bt bude soudit spravedliv\u011b,<br \/>rozsudek vy\u0159kne n<strong>a<\/strong>d n\u00e1rody.<\/p>\n<p>&#8211; <sup>10<\/span><\/sup> P\u00e1n bude \u00fato\u010di\u0161t\u011bm slab\u00fdch,<br \/>\u00fatulkem jejich v d<strong>o<\/strong>b\u011b b\u00eddy.<\/p>\n<p>&#8211; <sup>11<\/span><\/sup> A budou v tebe d\u016fv\u011b\u0159ovat<br \/>ti, kdo se znaj\u00ed k tv<strong>\u00e9<\/strong>mu jm\u00e9nu,<br \/>&#8211; nebo\u0165 kdo tebe hled\u00e1, Pane,<br \/>toho ty v nouzi n<strong>e<\/strong>opust\u00ed\u0161.<\/p>\n<p>&#8211; <sup>12<\/span><\/sup> Hrejte P\u00e1nu, jen\u017e s\u00eddl\u00ed na Si\u00f3n\u011b,<br \/>mezi n\u00e1rody zv\u011bstujte j<strong>e<\/strong>ho skutky!<\/p>\n<p>&#8211; <sup>13<\/span><\/sup> Mstitel krve, on uboh\u00e9 m\u00e1 v mysli,<br \/>nikdy nezapom\u00edn\u00e1 j<strong>e<\/strong>jich n\u00e1\u0159k\u016f.<\/p>\n<p>= <sup>14<\/span><\/sup> Smiluj se nade mnou, Pane,\u2020<br \/>shl\u00e9dni na moji b\u00eddu, co sn\u00e1\u0161\u00edm od nep\u0159\u00e1tel,<br \/>vyve\u010f m\u011b <strong>o<\/strong>d bran smrti!<\/p>\n<p>= <sup>15<\/span><\/sup> A\u0165 v\u0161echnu chv\u00e1lu tvou zp\u00edv\u00e1m\u2020<br \/>v bran\u00e1ch si\u00f3nsk\u00e9 dcery<br \/>a nad tvou pom<strong>o<\/strong>c\u00ed j\u00e1s\u00e1m.<\/p>\n<p>&#8211; <sup>16<\/span><\/sup> Propadli pohan\u00e9 do jam, kter\u00e9 kopali jin\u00fdm,<br \/>sami se lapili nohou do l\u00e9\u010dky, kt<strong>e<\/strong>rou kladli.<\/p>\n<p>&#8211; <sup>17<\/span><\/sup> Tak se P\u00e1n projevil soudem:<br \/>nebo\u0165 se polapil h\u0159\u00ed\u0161n\u00edk do d\u00edla vl<strong>a<\/strong>stn\u00edch rukou.<\/p>\n<p>&#8211; <sup>18<\/span><\/sup> Do podsv\u011bt\u00ed a\u0165 se propadnou h\u0159\u00ed\u0161n\u00ed<br \/>s pohany, kte\u0159\u00ed na Boha zap<strong>o<\/strong>m\u00ednaj\u00ed,<\/p>\n<p>&#8211; <sup>19<\/span><\/sup> ubo\u017e\u00e1k nepadne ve v\u011b\u010dn\u00e9 zapomenut\u00ed,<br \/>nad\u011bje nuzn\u00fdch nadobro nez<strong>a<\/strong>jde nikdy.<\/p>\n<p>&#8211; <sup>20<\/span><\/sup> Povsta\u0148, Pane, a\u0165 py\u0161n\u011b nej\u00e1s\u00e1 \u010dlov\u011bk,<br \/>p\u0159ed tvou tv\u00e1\u0159\u00ed a\u0165 jdou poh<strong>a<\/strong>n\u00e9 na soud!<\/p>\n<p>&#8211; <sup>21<\/span><\/sup> Uvrhni na n\u011b, Pane, t\u0159esavku hr\u016fzy,<br \/>a\u0165 zv\u011bd\u00ed n\u00e1rody pohan\u016f, \u017ee js<strong>ou<\/strong> jen lid\u00e9.<\/p>\n","protected":false},"excerpt":{"rendered":"<p>P\u00e1n nezapom\u00edn\u00e1 na ubo\u017e\u00e1ka. &#8211; 2 Chci t\u011b chv\u00e1lit, Pane, z cel\u00e9ho sv\u00e9ho srdce,vypr\u00e1v\u011bt chci o v\u0161ech tv\u00fdch podivuhodn\u00fdch skutc\u00edch. &#8211; 3 Radovat se budu, s j\u00e1sotem tebe vz\u00fdvat,hr\u00e1t a zp\u00edvat budu, Nejvy\u0161\u0161\u00ed, pro tv\u00e9 jm\u00e9no, &#8211; 4 proto\u017ee se st\u00e1hli m\u00ed nep\u0159\u00e1tel\u00e9 zp\u00e1tky,zhroutili se v\u0161ichni, zanikli p\u0159ed tvou tv\u00e1\u0159\u00ed. &#8211; 5 V\u017edy\u0165 ty s\u00e1m &#8230; <a title=\"\u017dalm 9\" class=\"read-more\" href=\"https:\/\/www.texty.santegidio.cz\/?page_id=61\" aria-label=\"More on \u017dalm 9\">Read more<\/a><\/p>\n","protected":false},"author":1,"featured_media":0,"parent":29,"menu_order":0,"comment_status":"closed","ping_status":"closed","template":"","meta":{"_uag_custom_page_level_css":"","jetpack_post_was_ever_published":false,"footnotes":""},"class_list":["post-61","page","type-page","status-publish"],"uagb_featured_image_src":{"full":false,"thumbnail":false,"medium":false,"medium_large":false,"large":false,"1536x1536":false,"2048x2048":false},"uagb_author_info":{"display_name":"Pavel","author_link":"https:\/\/www.texty.santegidio.cz\/?author=1"},"uagb_comment_info":0,"uagb_excerpt":"P\u00e1n nezapom\u00edn\u00e1 na ubo\u017e\u00e1ka. &#8211; 2 Chci t\u011b chv\u00e1lit, Pane, z cel\u00e9ho sv\u00e9ho srdce,vypr\u00e1v\u011bt chci o v\u0161ech tv\u00fdch podivuhodn\u00fdch skutc\u00edch. &#8211; 3 Radovat se budu, s j\u00e1sotem tebe vz\u00fdvat,hr\u00e1t a zp\u00edvat budu, Nejvy\u0161\u0161\u00ed, pro tv\u00e9 jm\u00e9no, &#8211; 4 proto\u017ee se st\u00e1hli m\u00ed nep\u0159\u00e1tel\u00e9 zp\u00e1tky,zhroutili se v\u0161ichni, zanikli p\u0159ed tvou tv\u00e1\u0159\u00ed. &#8211; 5 V\u017edy\u0165 ty s\u00e1m&hellip;","jetpack_sharing_enabled":true,"jetpack_shortlink":"https:\/\/wp.me\/PawMsT-Z","_links":{"self":[{"href":"https:\/\/www.texty.santegidio.cz\/index.php?rest_route=\/wp\/v2\/pages\/61","targetHints":{"allow":["GET"]}}],"collection":[{"href":"https:\/\/www.texty.santegidio.cz\/index.php?rest_route=\/wp\/v2\/pages"}],"about":[{"href":"https:\/\/www.texty.santegidio.cz\/index.php?rest_route=\/wp\/v2\/types\/page"}],"author":[{"embeddable":true,"href":"https:\/\/www.texty.santegidio.cz\/index.php?rest_route=\/wp\/v2\/users\/1"}],"replies":[{"embeddable":true,"href":"https:\/\/www.texty.santegidio.cz\/index.php?rest_route=%2Fwp%2Fv2%2Fcomments&post=61"}],"version-history":[{"count":1,"href":"https:\/\/www.texty.santegidio.cz\/index.php?rest_route=\/wp\/v2\/pages\/61\/revisions"}],"predecessor-version":[{"id":1231,"href":"https:\/\/www.texty.santegidio.cz\/index.php?rest_route=\/wp\/v2\/pages\/61\/revisions\/1231"}],"up":[{"embeddable":true,"href":"https:\/\/www.texty.santegidio.cz\/index.php?rest_route=\/wp\/v2\/pages\/29"}],"wp:attachment":[{"href":"https:\/\/www.texty.santegidio.cz\/index.php?rest_route=%2Fwp%2Fv2%2Fmedia&parent=61"}],"curies":[{"name":"wp","href":"https:\/\/api.w.org\/{rel}","templated":true}]}}