{"id":60,"date":"2018-12-12T10:15:02","date_gmt":"2018-12-12T09:15:02","guid":{"rendered":"http:\/\/www.texty.santegidio.cz?page_id=60"},"modified":"2018-12-12T10:15:03","modified_gmt":"2018-12-12T09:15:03","slug":"zalm-8","status":"publish","type":"page","link":"https:\/\/www.texty.santegidio.cz\/?page_id=60","title":{"rendered":"\u017dalm 8"},"content":{"rendered":"<p>Podivuhodn\u00e9 je po cel\u00e9 zemi tv\u00e9 jm\u00e9no, Pane.<\/p>\n<p>= <sup>2<\/span><\/sup> Pane, n\u00e1\u0161 vlada\u0159i,\u2020<br \/>podivuhodn\u00e9 je po cel\u00e9 zemi tv\u00e9 jm\u00e9no,<br \/>velebnost svou jsi rozest\u0159el po c<strong>e<\/strong>l\u00e9m nebi!<\/p>\n<p>= <sup>3<\/span><\/sup> Navzdory odp\u016frc\u016fm\u2020<br \/>ji\u017e v \u00fastech d\u011bt\u00ed a batolat zjednal sis chv\u00e1lu,<br \/>\u017ee mus\u00ed zmlknout, kdo zn\u00e1 jen z<strong>\u00e1<\/strong>\u0161t\u00ed a pomstu.<\/p>\n<p>&#8211; <sup>4<\/span><\/sup> Hled\u00edm-li na tv\u00e1 nebesa, d\u00edlo tv\u00fdch prst\u016f,<br \/>anebo na m\u011bs\u00edc, na hv\u011bzdy, jak js<strong>i<\/strong> je stvo\u0159il:<\/p>\n<p>&#8211; <sup>5<\/span><\/sup> co tu je \u010dlov\u011bk &#8211; a p\u0159esto na n\u011bho mysl\u00ed\u0161! &#8211;<br \/>co tu je smrteln\u00edk &#8211; p\u0159esto se o n<strong>\u011b<\/strong>ho star\u00e1\u0161!<\/p>\n<p>&#8211; <sup>6<\/span><\/sup> U\u010dinil jsi ho jen o m\u00e1lo men\u0161\u00edm, ne\u017e and\u011bl\u00e9 jsou,<br \/>ov\u011bn\u010dil jsi ho sl<strong>\u00e1<\/strong>vou a ct\u00ed;<\/p>\n<p>&#8211; <sup>7<\/span><\/sup> jeho jsi u\u010dinil vl\u00e1dcem nad d\u00edlem rukou sv\u00fdch,<br \/>v\u0161echno mu k n<strong>o<\/strong>h\u00e1m polo\u017eil:<\/p>\n<p>&#8211; <sup>8<\/span><\/sup> ovce a dobytek v\u0161echen<br \/>a nav\u00edc <strong>i<\/strong> poln\u00ed zv\u011b\u0159,<\/p>\n<p>&#8211; <sup>9<\/span><\/sup> na nebi pt\u00e1ky a v mo\u0159i ryby a v\u016fbec v\u0161e,<br \/>co jen se hem\u017e\u00ed st<strong>e<\/strong>zkami vod.<\/p>\n<p>&#8211; <sup>10<\/span><\/sup> Pane, n\u00e1\u0161 vlada\u0159i,<br \/>podivuhodn\u00e9 je po cel\u00e9 z<strong>e<\/strong>mi tv\u00e9 jm\u00e9no.<\/p>\n","protected":false},"excerpt":{"rendered":"<p>Podivuhodn\u00e9 je po cel\u00e9 zemi tv\u00e9 jm\u00e9no, Pane. = 2 Pane, n\u00e1\u0161 vlada\u0159i,\u2020podivuhodn\u00e9 je po cel\u00e9 zemi tv\u00e9 jm\u00e9no,velebnost svou jsi rozest\u0159el po cel\u00e9m nebi! = 3 Navzdory odp\u016frc\u016fm\u2020ji\u017e v \u00fastech d\u011bt\u00ed a batolat zjednal sis chv\u00e1lu,\u017ee mus\u00ed zmlknout, kdo zn\u00e1 jen z\u00e1\u0161t\u00ed a pomstu. &#8211; 4 Hled\u00edm-li na tv\u00e1 nebesa, d\u00edlo tv\u00fdch prst\u016f,anebo na &#8230; <a title=\"\u017dalm 8\" class=\"read-more\" href=\"https:\/\/www.texty.santegidio.cz\/?page_id=60\" aria-label=\"More on \u017dalm 8\">Read more<\/a><\/p>\n","protected":false},"author":1,"featured_media":0,"parent":29,"menu_order":0,"comment_status":"closed","ping_status":"closed","template":"","meta":{"_uag_custom_page_level_css":"","jetpack_post_was_ever_published":false,"footnotes":""},"class_list":["post-60","page","type-page","status-publish"],"uagb_featured_image_src":{"full":false,"thumbnail":false,"medium":false,"medium_large":false,"large":false,"1536x1536":false,"2048x2048":false},"uagb_author_info":{"display_name":"Pavel","author_link":"https:\/\/www.texty.santegidio.cz\/?author=1"},"uagb_comment_info":0,"uagb_excerpt":"Podivuhodn\u00e9 je po cel\u00e9 zemi tv\u00e9 jm\u00e9no, Pane. = 2 Pane, n\u00e1\u0161 vlada\u0159i,\u2020podivuhodn\u00e9 je po cel\u00e9 zemi tv\u00e9 jm\u00e9no,velebnost svou jsi rozest\u0159el po cel\u00e9m nebi! = 3 Navzdory odp\u016frc\u016fm\u2020ji\u017e v \u00fastech d\u011bt\u00ed a batolat zjednal sis chv\u00e1lu,\u017ee mus\u00ed zmlknout, kdo zn\u00e1 jen z\u00e1\u0161t\u00ed a pomstu. &#8211; 4 Hled\u00edm-li na tv\u00e1 nebesa, d\u00edlo tv\u00fdch prst\u016f,anebo na&hellip;","jetpack_sharing_enabled":true,"jetpack_shortlink":"https:\/\/wp.me\/PawMsT-Y","_links":{"self":[{"href":"https:\/\/www.texty.santegidio.cz\/index.php?rest_route=\/wp\/v2\/pages\/60","targetHints":{"allow":["GET"]}}],"collection":[{"href":"https:\/\/www.texty.santegidio.cz\/index.php?rest_route=\/wp\/v2\/pages"}],"about":[{"href":"https:\/\/www.texty.santegidio.cz\/index.php?rest_route=\/wp\/v2\/types\/page"}],"author":[{"embeddable":true,"href":"https:\/\/www.texty.santegidio.cz\/index.php?rest_route=\/wp\/v2\/users\/1"}],"replies":[{"embeddable":true,"href":"https:\/\/www.texty.santegidio.cz\/index.php?rest_route=%2Fwp%2Fv2%2Fcomments&post=60"}],"version-history":[{"count":1,"href":"https:\/\/www.texty.santegidio.cz\/index.php?rest_route=\/wp\/v2\/pages\/60\/revisions"}],"predecessor-version":[{"id":1230,"href":"https:\/\/www.texty.santegidio.cz\/index.php?rest_route=\/wp\/v2\/pages\/60\/revisions\/1230"}],"up":[{"embeddable":true,"href":"https:\/\/www.texty.santegidio.cz\/index.php?rest_route=\/wp\/v2\/pages\/29"}],"wp:attachment":[{"href":"https:\/\/www.texty.santegidio.cz\/index.php?rest_route=%2Fwp%2Fv2%2Fmedia&parent=60"}],"curies":[{"name":"wp","href":"https:\/\/api.w.org\/{rel}","templated":true}]}}