{"id":59,"date":"2018-12-12T10:15:02","date_gmt":"2018-12-12T09:15:02","guid":{"rendered":"http:\/\/www.texty.santegidio.cz?page_id=59"},"modified":"2018-12-12T10:15:03","modified_gmt":"2018-12-12T09:15:03","slug":"zalm-7","status":"publish","type":"page","link":"https:\/\/www.texty.santegidio.cz\/?page_id=59","title":{"rendered":"\u017dalm 7"},"content":{"rendered":"<p>Povsta\u0148, Pane, a zjednej mi spravedlnost.<\/p>\n<p>&#8211; <sup>2<\/span><\/sup> Pane a Bo\u017ee m\u016fj, j\u00e1 jenom v tebe douf\u00e1m,<br \/>zachra\u0148 m\u011b, vysvobo\u010f od m\u00e9ho st<strong>i<\/strong>hatele!<\/p>\n<p>&#8211; <sup>3<\/span><\/sup> A\u0165 jako l\u00edt\u00fd lev mi neuloup\u00ed \u017eivot<br \/>a nerozs\u00e1pe m\u011b, kdy\u017e ochr<strong>a<\/strong>ny bych nem\u011bl.<\/p>\n<p>&#8211; <sup>4<\/span><\/sup> Pane a Bo\u017ee m\u016fj, jestli\u017ee j\u00e1 jsem vinen,<br \/>\u017ee na m\u00fdch rukou lp\u00ed snad nepr<strong>a<\/strong>vost a \u0161patnost,<\/p>\n<p>&#8211; <sup>5<\/span><\/sup> \u017ee sv\u00e9mu p\u0159\u00edteli jsem u\u010dinil co zl\u00e9ho,<br \/>\u010di t\u011bm, kdo tiskli m\u011b, jsem tak\u00e9 spl<strong>\u00e1<\/strong>cel k\u0159ivdou:<\/p>\n<p>&#8211; <sup>6<\/span><\/sup> pak a\u0165 m\u016fj nep\u0159\u00edtel m\u011b dostihne a zdrt\u00ed,<br \/>m\u016fj \u017eivot za\u0161l\u00e1pne a h<strong>o<\/strong>d\u00ed v prach mou \u010dest!<\/p>\n<p>&#8211; <sup>7<\/span><\/sup> Vsta\u0148, Pane, rozhn\u011bv\u00e1n, st\u016fj p\u0159i mn\u011b na soudu<br \/>a zaraz b\u011bsn\u011bn\u00ed m\u00fdch utisk<strong>o<\/strong>vatel\u016f!<\/p>\n<p>&#8211; <sup>8<\/span><\/sup> A\u0165 \u0161iky n\u00e1rod\u016f se skup\u00ed kolem tebe,<br \/>ty na v\u00fdsosti pak nad n<strong>i<\/strong>mi zasedni:<\/p>\n<p>&#8211; <sup>9<\/span><\/sup> P\u00e1n soud\u00ed n\u00e1rody! &#8211; Su\u010f, Pane, i mou p\u0159i,<br \/>hle\u010f na mou nevinu a zas mi zj<strong>e<\/strong>dnej pr\u00e1vo.<\/p>\n<p>&#8211; <sup>10<\/span><\/sup> Zni\u010d zlobu ni\u010dem\u016f, chra\u0148 spravedliv\u00e9ho,<br \/>ty, spravedliv\u00fd B\u016fh, zn\u00e1\u0161 lidsk\u00e1 s<strong>r<\/strong>dce do dna.<\/p>\n<p>&#8211; <sup>11<\/span><\/sup> B\u016fh je m\u016fj \u0161t\u00edt, on chr\u00e1n\u00ed ty,<br \/>kdo maj\u00ed s<strong>r<\/strong>dce up\u0159\u00edmn\u00e9.<\/p>\n<p>&#8211; <sup>12<\/span><\/sup> B\u016fh spravedliv\u00fd soudce jest,<br \/>B\u016fh m\u016f\u017ee ztr<strong>e<\/strong>stat ka\u017ed\u00fdm dnem.<\/p>\n<p>&#8211; <sup>13<\/span><\/sup> Kdy\u017e op\u011bt h\u0159\u00ed\u0161n\u00edk brous\u00ed me\u010d<br \/>a m\u00ed\u0159\u00ed l<strong>u<\/strong>kem napjat\u00fdm,<\/p>\n<p>&#8211; <sup>14<\/span><\/sup> s\u00e1m na sebe t\u00edm chyst\u00e1 zbra\u0148<br \/>a brous\u00ed \u0161<strong>\u00ed<\/strong>py ohniv\u00e9.<\/p>\n<p>&#8211; <sup>15<\/span><\/sup> Jen pohle\u010f na n\u011bj: po\u010dal zlo,<br \/>t\u011bhotn\u00fd zl<strong>o<\/strong>bou zrod\u00ed lest.<\/p>\n<p>&#8211; <sup>16<\/span><\/sup> Past vykopal a vyhloubil,<br \/>v\u0161ak do sv\u00e9 j<strong>\u00e1<\/strong>my padne s\u00e1m.<\/p>\n<p>&#8211; <sup>17<\/span><\/sup> Naraz\u00ed hlavou o sv\u016fj h\u0159\u00edch,<br \/>o zlo\u010din l<strong>e<\/strong>bku rozt\u0159\u00ed\u0161t\u00ed.<\/p>\n<p>&#8211; <sup>18<\/span><\/sup> J\u00e1 v\u0161ak chci P\u00e1na velebit,<br \/>\u017ee spravedl<strong>i<\/strong>v\u011b \u0159\u00edd\u00ed sv\u011bt,<br \/>&#8211; a hr\u00e1t a zp\u00edvat chvalozp\u011bv<br \/>na jm\u00e9no P\u00e1na, N<strong>e<\/strong>jvy\u0161\u0161\u00edho!<\/p>\n","protected":false},"excerpt":{"rendered":"<p>Povsta\u0148, Pane, a zjednej mi spravedlnost. &#8211; 2 Pane a Bo\u017ee m\u016fj, j\u00e1 jenom v tebe douf\u00e1m,zachra\u0148 m\u011b, vysvobo\u010f od m\u00e9ho stihatele! &#8211; 3 A\u0165 jako l\u00edt\u00fd lev mi neuloup\u00ed \u017eivota nerozs\u00e1pe m\u011b, kdy\u017e ochrany bych nem\u011bl. &#8211; 4 Pane a Bo\u017ee m\u016fj, jestli\u017ee j\u00e1 jsem vinen,\u017ee na m\u00fdch rukou lp\u00ed snad nepravost a \u0161patnost, &#8230; <a title=\"\u017dalm 7\" class=\"read-more\" href=\"https:\/\/www.texty.santegidio.cz\/?page_id=59\" aria-label=\"More on \u017dalm 7\">Read more<\/a><\/p>\n","protected":false},"author":1,"featured_media":0,"parent":29,"menu_order":0,"comment_status":"closed","ping_status":"closed","template":"","meta":{"_uag_custom_page_level_css":"","jetpack_post_was_ever_published":false,"footnotes":""},"class_list":["post-59","page","type-page","status-publish"],"uagb_featured_image_src":{"full":false,"thumbnail":false,"medium":false,"medium_large":false,"large":false,"1536x1536":false,"2048x2048":false},"uagb_author_info":{"display_name":"Pavel","author_link":"https:\/\/www.texty.santegidio.cz\/?author=1"},"uagb_comment_info":0,"uagb_excerpt":"Povsta\u0148, Pane, a zjednej mi spravedlnost. &#8211; 2 Pane a Bo\u017ee m\u016fj, j\u00e1 jenom v tebe douf\u00e1m,zachra\u0148 m\u011b, vysvobo\u010f od m\u00e9ho stihatele! &#8211; 3 A\u0165 jako l\u00edt\u00fd lev mi neuloup\u00ed \u017eivota nerozs\u00e1pe m\u011b, kdy\u017e ochrany bych nem\u011bl. &#8211; 4 Pane a Bo\u017ee m\u016fj, jestli\u017ee j\u00e1 jsem vinen,\u017ee na m\u00fdch rukou lp\u00ed snad nepravost a \u0161patnost,&hellip;","jetpack_sharing_enabled":true,"jetpack_shortlink":"https:\/\/wp.me\/PawMsT-X","_links":{"self":[{"href":"https:\/\/www.texty.santegidio.cz\/index.php?rest_route=\/wp\/v2\/pages\/59","targetHints":{"allow":["GET"]}}],"collection":[{"href":"https:\/\/www.texty.santegidio.cz\/index.php?rest_route=\/wp\/v2\/pages"}],"about":[{"href":"https:\/\/www.texty.santegidio.cz\/index.php?rest_route=\/wp\/v2\/types\/page"}],"author":[{"embeddable":true,"href":"https:\/\/www.texty.santegidio.cz\/index.php?rest_route=\/wp\/v2\/users\/1"}],"replies":[{"embeddable":true,"href":"https:\/\/www.texty.santegidio.cz\/index.php?rest_route=%2Fwp%2Fv2%2Fcomments&post=59"}],"version-history":[{"count":1,"href":"https:\/\/www.texty.santegidio.cz\/index.php?rest_route=\/wp\/v2\/pages\/59\/revisions"}],"predecessor-version":[{"id":1229,"href":"https:\/\/www.texty.santegidio.cz\/index.php?rest_route=\/wp\/v2\/pages\/59\/revisions\/1229"}],"up":[{"embeddable":true,"href":"https:\/\/www.texty.santegidio.cz\/index.php?rest_route=\/wp\/v2\/pages\/29"}],"wp:attachment":[{"href":"https:\/\/www.texty.santegidio.cz\/index.php?rest_route=%2Fwp%2Fv2%2Fmedia&parent=59"}],"curies":[{"name":"wp","href":"https:\/\/api.w.org\/{rel}","templated":true}]}}