{"id":58,"date":"2018-12-12T10:15:02","date_gmt":"2018-12-12T09:15:02","guid":{"rendered":"http:\/\/www.texty.santegidio.cz?page_id=58"},"modified":"2018-12-12T10:15:03","modified_gmt":"2018-12-12T09:15:03","slug":"zalm-6","status":"publish","type":"page","link":"https:\/\/www.texty.santegidio.cz\/?page_id=58","title":{"rendered":"\u017dalm 6"},"content":{"rendered":"<p>Zachra\u0148 m\u011b, Pane, pro sv\u00e9 slitov\u00e1n\u00ed.<\/p>\n<p>&#8211; <sup>2<\/span><\/sup> Nek\u00e1rej m\u011b, Pane, ve sv\u00e9m hn\u011bvu,<br \/>v rozhorlen\u00ed sv\u00e9m m<strong>\u011b<\/strong> netrestej!<\/p>\n<p>&#8211; <sup>3<\/span><\/sup> Nade mnou se smiluj, Pane, ch\u0159adnu,<br \/>uzdrav m\u011b, jsem z hl<strong>ou<\/strong>bi ot\u0159esen.<\/p>\n<p>&#8211; <sup>4<\/span><\/sup> Na dno rozt\u0159esena je m\u00e1 du\u0161e &#8211;<br \/>jak chce\u0161, Pane, dl<strong>ou<\/strong>ho ot\u00e1let?<\/p>\n<p>&#8211; <sup>5<\/span><\/sup> Vra\u0165 se op\u011bt, Pane, vysvobo\u010f m\u011b,<br \/>pro sv\u00e9 slitov<strong>\u00e1<\/strong>n\u00ed zachra\u0148 m\u011b!<\/p>\n<p>&#8211; <sup>6<\/span><\/sup> Z mrtv\u00fdch nikdo u\u017e t\u011b nevzpomene;<br \/>kdo by v podsv\u011bt\u00ed t<strong>\u011b<\/strong> velebil?<\/p>\n<p>= <sup>7<\/span><\/sup> U\u017e jsem vys\u00edlen sv\u00fdm na\u0159\u00edk\u00e1n\u00edm,\u2020<br \/>ka\u017edou noc jen pl\u00e1\u010dem lo\u017ee skr\u00e1p\u00edm,<br \/>slzami sv\u00e9 l<strong>\u016f<\/strong>\u017eko prom\u00e1\u010d\u00edm.<\/p>\n<p>&#8211; <sup>8<\/span><\/sup> Oko m\u00e9 je ho\u0159em zakaleno,<br \/>st\u00e1rnu z tolika sv<strong>\u00fd<\/strong>ch nep\u0159\u00e1tel.<\/p>\n<p>&#8211; <sup>9<\/span><\/sup> Pry\u010d ode mne v\u0161ichni, kdo mi k\u0159ivd\u00ed!<br \/>Nebo\u0165 P\u00e1n m\u00e9 n<strong>\u00e1<\/strong>\u0159ky usly\u0161el;<\/p>\n<p>&#8211; <sup>10<\/span><\/sup> usly\u0161el P\u00e1n vol\u00e1n\u00ed m\u00e9 prosby,<br \/>vysly\u0161el P\u00e1n m<strong>o<\/strong>ji modlitbu.<\/p>\n<p>&#8211; <sup>11<\/span><\/sup> A\u0165 se pod\u011bs\u00ed m\u00ed nep\u0159\u00e1tel\u00e9,<br \/>a\u0165 se s hanbou kv<strong>a<\/strong>pn\u011b odklid\u00ed!<\/p>\n","protected":false},"excerpt":{"rendered":"<p>Zachra\u0148 m\u011b, Pane, pro sv\u00e9 slitov\u00e1n\u00ed. &#8211; 2 Nek\u00e1rej m\u011b, Pane, ve sv\u00e9m hn\u011bvu,v rozhorlen\u00ed sv\u00e9m m\u011b netrestej! &#8211; 3 Nade mnou se smiluj, Pane, ch\u0159adnu,uzdrav m\u011b, jsem z hloubi ot\u0159esen. &#8211; 4 Na dno rozt\u0159esena je m\u00e1 du\u0161e &#8211;jak chce\u0161, Pane, dlouho ot\u00e1let? &#8211; 5 Vra\u0165 se op\u011bt, Pane, vysvobo\u010f m\u011b,pro sv\u00e9 slitov\u00e1n\u00ed zachra\u0148 &#8230; <a title=\"\u017dalm 6\" class=\"read-more\" href=\"https:\/\/www.texty.santegidio.cz\/?page_id=58\" aria-label=\"More on \u017dalm 6\">Read more<\/a><\/p>\n","protected":false},"author":1,"featured_media":0,"parent":29,"menu_order":0,"comment_status":"closed","ping_status":"closed","template":"","meta":{"_uag_custom_page_level_css":"","jetpack_post_was_ever_published":false,"footnotes":""},"class_list":["post-58","page","type-page","status-publish"],"uagb_featured_image_src":{"full":false,"thumbnail":false,"medium":false,"medium_large":false,"large":false,"1536x1536":false,"2048x2048":false},"uagb_author_info":{"display_name":"Pavel","author_link":"https:\/\/www.texty.santegidio.cz\/?author=1"},"uagb_comment_info":0,"uagb_excerpt":"Zachra\u0148 m\u011b, Pane, pro sv\u00e9 slitov\u00e1n\u00ed. &#8211; 2 Nek\u00e1rej m\u011b, Pane, ve sv\u00e9m hn\u011bvu,v rozhorlen\u00ed sv\u00e9m m\u011b netrestej! &#8211; 3 Nade mnou se smiluj, Pane, ch\u0159adnu,uzdrav m\u011b, jsem z hloubi ot\u0159esen. &#8211; 4 Na dno rozt\u0159esena je m\u00e1 du\u0161e &#8211;jak chce\u0161, Pane, dlouho ot\u00e1let? &#8211; 5 Vra\u0165 se op\u011bt, Pane, vysvobo\u010f m\u011b,pro sv\u00e9 slitov\u00e1n\u00ed zachra\u0148&hellip;","jetpack_sharing_enabled":true,"jetpack_shortlink":"https:\/\/wp.me\/PawMsT-W","_links":{"self":[{"href":"https:\/\/www.texty.santegidio.cz\/index.php?rest_route=\/wp\/v2\/pages\/58","targetHints":{"allow":["GET"]}}],"collection":[{"href":"https:\/\/www.texty.santegidio.cz\/index.php?rest_route=\/wp\/v2\/pages"}],"about":[{"href":"https:\/\/www.texty.santegidio.cz\/index.php?rest_route=\/wp\/v2\/types\/page"}],"author":[{"embeddable":true,"href":"https:\/\/www.texty.santegidio.cz\/index.php?rest_route=\/wp\/v2\/users\/1"}],"replies":[{"embeddable":true,"href":"https:\/\/www.texty.santegidio.cz\/index.php?rest_route=%2Fwp%2Fv2%2Fcomments&post=58"}],"version-history":[{"count":1,"href":"https:\/\/www.texty.santegidio.cz\/index.php?rest_route=\/wp\/v2\/pages\/58\/revisions"}],"predecessor-version":[{"id":1228,"href":"https:\/\/www.texty.santegidio.cz\/index.php?rest_route=\/wp\/v2\/pages\/58\/revisions\/1228"}],"up":[{"embeddable":true,"href":"https:\/\/www.texty.santegidio.cz\/index.php?rest_route=\/wp\/v2\/pages\/29"}],"wp:attachment":[{"href":"https:\/\/www.texty.santegidio.cz\/index.php?rest_route=%2Fwp%2Fv2%2Fmedia&parent=58"}],"curies":[{"name":"wp","href":"https:\/\/api.w.org\/{rel}","templated":true}]}}