{"id":56,"date":"2018-12-12T10:15:02","date_gmt":"2018-12-12T09:15:02","guid":{"rendered":"http:\/\/www.texty.santegidio.cz?page_id=56"},"modified":"2018-12-12T10:15:03","modified_gmt":"2018-12-12T09:15:03","slug":"zalm-4","status":"publish","type":"page","link":"https:\/\/www.texty.santegidio.cz\/?page_id=56","title":{"rendered":"\u017dalm 4"},"content":{"rendered":"<p>Pane, uka\u017e n\u00e1m svou jasnou tv\u00e1\u0159.<\/p>\n<p>= <sup>2<\/span><\/sup> Sly\u0161 m\u011b, kdy\u017e vol\u00e1m, Bo\u017ee, moje sp\u00e1so,\u2020<br \/>tys mi dal v\u017edy v&nbsp;m\u00e9 t\u00edsni voln\u00fd prostor;<br \/>smiluj se nade mnou, m<strong>\u00e9<\/strong> prosby sly\u0161!<\/p>\n<p>&#8211; <sup>3<\/span><\/sup> Jak dlouho, lid\u00e9, chcete \u010dest mou deptat?<br \/>Chytat se klamu, n\u00e1sl<strong>e<\/strong>dovat le\u017e?<\/p>\n<p>&#8211; <sup>4<\/span><\/sup> V\u011bzte, \u017ee P\u00e1n sv\u00fdm v\u011brn\u00fdm kon\u00e1 divy:<br \/>P\u00e1n usly\u0161\u00ed, kdy\u017e k&nbsp;n<strong>\u011b<\/strong>mu zavol\u00e1m.<\/p>\n<p>&#8211; <sup>5<\/span><\/sup> Proto se zachv\u011bjte a neh\u0159e\u0161te ji\u017e,<br \/>v l\u016f\u017eku to uva\u017ete <strong>a<\/strong> zti\u0161te se.<\/p>\n<p>&#8211; <sup>6<\/span><\/sup> Jen ob\u011btujte P\u00e1nu n\u00e1le\u017eit\u011b<br \/>a na n\u011bj slo\u017ete v\u0161<strong>e<\/strong>chnu d\u016fv\u011bru.<\/p>\n<p>&#8211; <sup>7<\/span><\/sup> \u0158\u00edkaj\u00ed: &bdquo;Kdopak n\u00e1m d\u00e1 poznat blaho?&ldquo;<br \/>Ty, Pane, uka\u017e n\u00e1m sv<strong>ou<\/strong> jasnou tv\u00e1\u0159!<\/p>\n<p>&#8211; <sup>8<\/span><\/sup> V\u00edc radosti to m\u00e9mu srdci dod\u00e1,<br \/>ne\u017e maj\u00ed oni z&nbsp;h<strong>o<\/strong>jn\u00e9 \u00farody.<\/p>\n<p>&#8211; <sup>9<\/span><\/sup> Pokojn\u011b ulehnu a klidn\u011b usnu,<br \/>v\u017edy\u0165 ty db\u00e1\u0161, Pane, o m<strong>\u00e9<\/strong> bezpe\u010d\u00ed.<\/p>\n","protected":false},"excerpt":{"rendered":"<p>Pane, uka\u017e n\u00e1m svou jasnou tv\u00e1\u0159. = 2 Sly\u0161 m\u011b, kdy\u017e vol\u00e1m, Bo\u017ee, moje sp\u00e1so,\u2020tys mi dal v\u017edy v&nbsp;m\u00e9 t\u00edsni voln\u00fd prostor;smiluj se nade mnou, m\u00e9 prosby sly\u0161! &#8211; 3 Jak dlouho, lid\u00e9, chcete \u010dest mou deptat?Chytat se klamu, n\u00e1sledovat le\u017e? &#8211; 4 V\u011bzte, \u017ee P\u00e1n sv\u00fdm v\u011brn\u00fdm kon\u00e1 divy:P\u00e1n usly\u0161\u00ed, kdy\u017e k&nbsp;n\u011bmu zavol\u00e1m. &#8211; &#8230; <a title=\"\u017dalm 4\" class=\"read-more\" href=\"https:\/\/www.texty.santegidio.cz\/?page_id=56\" aria-label=\"More on \u017dalm 4\">Read more<\/a><\/p>\n","protected":false},"author":1,"featured_media":0,"parent":29,"menu_order":0,"comment_status":"closed","ping_status":"closed","template":"","meta":{"_uag_custom_page_level_css":"","jetpack_post_was_ever_published":false,"footnotes":""},"class_list":["post-56","page","type-page","status-publish"],"uagb_featured_image_src":{"full":false,"thumbnail":false,"medium":false,"medium_large":false,"large":false,"1536x1536":false,"2048x2048":false},"uagb_author_info":{"display_name":"Pavel","author_link":"https:\/\/www.texty.santegidio.cz\/?author=1"},"uagb_comment_info":0,"uagb_excerpt":"Pane, uka\u017e n\u00e1m svou jasnou tv\u00e1\u0159. = 2 Sly\u0161 m\u011b, kdy\u017e vol\u00e1m, Bo\u017ee, moje sp\u00e1so,\u2020tys mi dal v\u017edy v&nbsp;m\u00e9 t\u00edsni voln\u00fd prostor;smiluj se nade mnou, m\u00e9 prosby sly\u0161! &#8211; 3 Jak dlouho, lid\u00e9, chcete \u010dest mou deptat?Chytat se klamu, n\u00e1sledovat le\u017e? &#8211; 4 V\u011bzte, \u017ee P\u00e1n sv\u00fdm v\u011brn\u00fdm kon\u00e1 divy:P\u00e1n usly\u0161\u00ed, kdy\u017e k&nbsp;n\u011bmu zavol\u00e1m. &#8211;&hellip;","jetpack_sharing_enabled":true,"jetpack_shortlink":"https:\/\/wp.me\/PawMsT-U","_links":{"self":[{"href":"https:\/\/www.texty.santegidio.cz\/index.php?rest_route=\/wp\/v2\/pages\/56","targetHints":{"allow":["GET"]}}],"collection":[{"href":"https:\/\/www.texty.santegidio.cz\/index.php?rest_route=\/wp\/v2\/pages"}],"about":[{"href":"https:\/\/www.texty.santegidio.cz\/index.php?rest_route=\/wp\/v2\/types\/page"}],"author":[{"embeddable":true,"href":"https:\/\/www.texty.santegidio.cz\/index.php?rest_route=\/wp\/v2\/users\/1"}],"replies":[{"embeddable":true,"href":"https:\/\/www.texty.santegidio.cz\/index.php?rest_route=%2Fwp%2Fv2%2Fcomments&post=56"}],"version-history":[{"count":1,"href":"https:\/\/www.texty.santegidio.cz\/index.php?rest_route=\/wp\/v2\/pages\/56\/revisions"}],"predecessor-version":[{"id":1226,"href":"https:\/\/www.texty.santegidio.cz\/index.php?rest_route=\/wp\/v2\/pages\/56\/revisions\/1226"}],"up":[{"embeddable":true,"href":"https:\/\/www.texty.santegidio.cz\/index.php?rest_route=\/wp\/v2\/pages\/29"}],"wp:attachment":[{"href":"https:\/\/www.texty.santegidio.cz\/index.php?rest_route=%2Fwp%2Fv2%2Fmedia&parent=56"}],"curies":[{"name":"wp","href":"https:\/\/api.w.org\/{rel}","templated":true}]}}