{"id":55,"date":"2018-12-12T10:15:02","date_gmt":"2018-12-12T09:15:02","guid":{"rendered":"http:\/\/www.texty.santegidio.cz?page_id=55"},"modified":"2018-12-12T10:15:03","modified_gmt":"2018-12-12T09:15:03","slug":"zalm-3","status":"publish","type":"page","link":"https:\/\/www.texty.santegidio.cz\/?page_id=55","title":{"rendered":"\u017dalm 3"},"content":{"rendered":"<p>Ty, Pane, jsi m\u016fj pevn\u00fd \u0161t\u00edt a pozved\u00e1\u0161 mou hlavu.<\/p>\n<p>&#8211; <sup>2<\/span><\/sup> Pane, kolik je m\u00fdch nep\u0159\u00e1tel,<br \/>kolik je t\u011bch, kdo pr<strong>o<\/strong>ti mn\u011b stroj\u00ed!<\/p>\n<p>&#8211; <sup>3<\/span><\/sup> Kolik t\u011bch, kdo o mn\u011b \u0159\u00edkaj\u00ed:<br \/>&bdquo;Toho ani B\u016fh u\u017e n<strong>e<\/strong>zachr\u00e1n\u00ed!&ldquo;<\/p>\n<p>&#8211; <sup>4<\/span><\/sup> Ty v\u0161ak, Pane, jsi m\u016fj pevn\u00fd \u0161t\u00edt,<br \/>jsi m\u00e1 chlouba, pozv<strong>e<\/strong>d\u00e1\u0161 mou hlavu!<\/p>\n<p>&#8211; <sup>5<\/span><\/sup> Hlasit\u011b jsem volal k&nbsp;sv\u00e9mu P\u00e1nu,<br \/>vysly\u0161el m\u011b ze sv\u00e9 sv<strong>a<\/strong>t\u00e9 hory.<\/p>\n<p>&#8211; <sup>6<\/span><\/sup> Klidn\u011b ul\u00e9h\u00e1m a klidn\u011b sp\u00e1v\u00e1m,<br \/>klidn\u011b vst\u00e1v\u00e1m, nebo\u0165 P<strong>\u00e1<\/strong>n m\u011b chr\u00e1n\u00ed.<\/p>\n<p>&#8211; <sup>7<\/span><\/sup> Ani tis\u00edc\u016f se nezaleknu,<br \/>kdy\u017e kol dokola m\u011b <strong>o<\/strong>bkli\u010duj\u00ed.<\/p>\n<p>= <sup>8<\/span><\/sup> Povsta\u0148, Pane, zachra\u0148 m\u011b, m\u016fj Bo\u017ee!\u2020<br \/>V\u017edy m\u00fdm protivn\u00edk\u016fm rozbils tv\u00e1\u0159e<br \/>a v\u0161em zl\u00fdm jsi povyr<strong>\u00e1<\/strong>\u017eel zuby.<\/p>\n<p>&#8211; <sup>9<\/span><\/sup> Jenom u P\u00e1na je jist\u00e1 sp\u00e1sa,<br \/>se\u0161li sv\u00e9mu lidu p<strong>o<\/strong>\u017eehn\u00e1n\u00ed!<\/p>\n","protected":false},"excerpt":{"rendered":"<p>Ty, Pane, jsi m\u016fj pevn\u00fd \u0161t\u00edt a pozved\u00e1\u0161 mou hlavu. &#8211; 2 Pane, kolik je m\u00fdch nep\u0159\u00e1tel,kolik je t\u011bch, kdo proti mn\u011b stroj\u00ed! &#8211; 3 Kolik t\u011bch, kdo o mn\u011b \u0159\u00edkaj\u00ed:&bdquo;Toho ani B\u016fh u\u017e nezachr\u00e1n\u00ed!&ldquo; &#8211; 4 Ty v\u0161ak, Pane, jsi m\u016fj pevn\u00fd \u0161t\u00edt,jsi m\u00e1 chlouba, pozved\u00e1\u0161 mou hlavu! &#8211; 5 Hlasit\u011b jsem volal k&nbsp;sv\u00e9mu &#8230; <a title=\"\u017dalm 3\" class=\"read-more\" href=\"https:\/\/www.texty.santegidio.cz\/?page_id=55\" aria-label=\"More on \u017dalm 3\">Read more<\/a><\/p>\n","protected":false},"author":1,"featured_media":0,"parent":29,"menu_order":0,"comment_status":"closed","ping_status":"closed","template":"","meta":{"_uag_custom_page_level_css":"","jetpack_post_was_ever_published":false,"footnotes":""},"class_list":["post-55","page","type-page","status-publish"],"uagb_featured_image_src":{"full":false,"thumbnail":false,"medium":false,"medium_large":false,"large":false,"1536x1536":false,"2048x2048":false},"uagb_author_info":{"display_name":"Pavel","author_link":"https:\/\/www.texty.santegidio.cz\/?author=1"},"uagb_comment_info":0,"uagb_excerpt":"Ty, Pane, jsi m\u016fj pevn\u00fd \u0161t\u00edt a pozved\u00e1\u0161 mou hlavu. &#8211; 2 Pane, kolik je m\u00fdch nep\u0159\u00e1tel,kolik je t\u011bch, kdo proti mn\u011b stroj\u00ed! &#8211; 3 Kolik t\u011bch, kdo o mn\u011b \u0159\u00edkaj\u00ed:&bdquo;Toho ani B\u016fh u\u017e nezachr\u00e1n\u00ed!&ldquo; &#8211; 4 Ty v\u0161ak, Pane, jsi m\u016fj pevn\u00fd \u0161t\u00edt,jsi m\u00e1 chlouba, pozved\u00e1\u0161 mou hlavu! &#8211; 5 Hlasit\u011b jsem volal k&nbsp;sv\u00e9mu&hellip;","jetpack_sharing_enabled":true,"jetpack_shortlink":"https:\/\/wp.me\/PawMsT-T","_links":{"self":[{"href":"https:\/\/www.texty.santegidio.cz\/index.php?rest_route=\/wp\/v2\/pages\/55","targetHints":{"allow":["GET"]}}],"collection":[{"href":"https:\/\/www.texty.santegidio.cz\/index.php?rest_route=\/wp\/v2\/pages"}],"about":[{"href":"https:\/\/www.texty.santegidio.cz\/index.php?rest_route=\/wp\/v2\/types\/page"}],"author":[{"embeddable":true,"href":"https:\/\/www.texty.santegidio.cz\/index.php?rest_route=\/wp\/v2\/users\/1"}],"replies":[{"embeddable":true,"href":"https:\/\/www.texty.santegidio.cz\/index.php?rest_route=%2Fwp%2Fv2%2Fcomments&post=55"}],"version-history":[{"count":1,"href":"https:\/\/www.texty.santegidio.cz\/index.php?rest_route=\/wp\/v2\/pages\/55\/revisions"}],"predecessor-version":[{"id":1225,"href":"https:\/\/www.texty.santegidio.cz\/index.php?rest_route=\/wp\/v2\/pages\/55\/revisions\/1225"}],"up":[{"embeddable":true,"href":"https:\/\/www.texty.santegidio.cz\/index.php?rest_route=\/wp\/v2\/pages\/29"}],"wp:attachment":[{"href":"https:\/\/www.texty.santegidio.cz\/index.php?rest_route=%2Fwp%2Fv2%2Fmedia&parent=55"}],"curies":[{"name":"wp","href":"https:\/\/api.w.org\/{rel}","templated":true}]}}