{"id":54,"date":"2018-12-12T10:15:02","date_gmt":"2018-12-12T09:15:02","guid":{"rendered":"http:\/\/www.texty.santegidio.cz?page_id=54"},"modified":"2018-12-12T10:15:03","modified_gmt":"2018-12-12T09:15:03","slug":"zalm-2","status":"publish","type":"page","link":"https:\/\/www.texty.santegidio.cz\/?page_id=54","title":{"rendered":"\u017dalm 2"},"content":{"rendered":"<p>Blaze \u010dlov\u011bku, kter\u00fd douf\u00e1 v P\u00e1na.<\/p>\n<p>&#8211; <sup>1<\/span><\/sup> Pro\u010d se bou\u0159\u00ed kmeny pohan\u016f,<br \/>n\u00e1rody pro\u010d snuj\u00ed m<strong>a<\/strong>rn\u00e9 pl\u00e1ny?<\/p>\n<p>= <sup>2<\/span><\/sup> K&nbsp;boji povst\u00e1vaj\u00ed kr\u00e1lov\u00e9,\u2020<br \/>smlouvaj\u00ed se vl\u00e1dci proti P\u00e1nu,<br \/>proti jeho pom<strong>a<\/strong>zan\u00e9mu.<\/p>\n<p>&#8211; <sup>3<\/span><\/sup> &bdquo;Zp\u0159etrhejme jejich okovy,<br \/>sho\u010fme ze sebe ta j<strong>e<\/strong>jich pouta!&ldquo;<\/p>\n<p>&#8211; <sup>4<\/span><\/sup> Sm\u011bje se jim na nebes\u00edch P\u00e1n,<br \/>\u00fasm\u011b\u0161ek m\u00e1 pro n\u011b n<strong>a<\/strong> sv\u00e9m tr\u016fnu.<\/p>\n<p>&#8211; <sup>5<\/span><\/sup> Potom k&nbsp;nim v\u0161ak s&nbsp;hn\u011bvem promluv\u00ed,<br \/>vyd\u011bs\u00ed je ve sv\u00e9m r<strong>o<\/strong>zho\u0159\u010den\u00ed:<\/p>\n<p>&#8211; <sup>6<\/span><\/sup> &bdquo;J\u00e1 jsem sv\u00e9ho kr\u00e1le dosadil<br \/>na Si\u00f3nu, na sv\u00e9 sv<strong>a<\/strong>t\u00e9 ho\u0159e!&ldquo;<\/p>\n<p>= <sup>7<\/span><\/sup> Rozhodnut\u00ed P\u00e1n\u011b rozhl\u00e1s\u00edm.\u2020<br \/>Takto ke mn\u011b promluvil m\u016fj P\u00e1n:<br \/>&bdquo;Tys m\u016fj syn, j\u00e1 dnes jsem t<strong>e<\/strong>be zplodil.<\/p>\n<p>&#8211; <sup>8<\/span><\/sup> Po\u017e\u00e1dej, a n\u00e1rody ti d\u00e1m,<br \/>zemi bude\u0161 vlastnit d<strong>o<\/strong> v\u0161ech kon\u010din.<\/p>\n<p>&#8211; <sup>9<\/span><\/sup> Povl\u00e1dne\u0161 jim prutem \u017eelezn\u00fdm,<br \/>jako z hl\u00edny d\u017eb\u00e1n je m<strong>\u016f<\/strong>\u017ee\u0161 rozb\u00edt!&ldquo;<\/p>\n<p>&#8211; <sup>10<\/span><\/sup> Proto, kr\u00e1lov\u00e9, u\u017e prohl\u00e9dn\u011bte,<br \/>pou\u010dit se dejte, vl<strong>\u00e1<\/strong>dci zem\u011b!<\/p>\n<p>&#8211; <sup>11<\/span><\/sup> V&nbsp;b\u00e1zni slu\u017ete P\u00e1nu, vz\u00fdvejte ho,<br \/>sklo\u0148te se a s chv\u011bn\u00edm s<strong>e<\/strong> mu vzdejte,<\/p>\n<p>= <sup>12<\/span><\/sup> a\u0165 v\u00e1s v&nbsp;rozhorlen\u00ed nezahub\u00ed;\u2020<br \/>nebo\u0165 zakr\u00e1tko u\u017e vzplane hn\u011bvem.<br \/>Blaze t\u011bm, kdo d\u016fv\u011b\u0159<strong>u<\/strong>j\u00ed v&nbsp;n\u011bho!<\/p>\n","protected":false},"excerpt":{"rendered":"<p>Blaze \u010dlov\u011bku, kter\u00fd douf\u00e1 v P\u00e1na. &#8211; 1 Pro\u010d se bou\u0159\u00ed kmeny pohan\u016f,n\u00e1rody pro\u010d snuj\u00ed marn\u00e9 pl\u00e1ny? = 2 K&nbsp;boji povst\u00e1vaj\u00ed kr\u00e1lov\u00e9,\u2020smlouvaj\u00ed se vl\u00e1dci proti P\u00e1nu,proti jeho pomazan\u00e9mu. &#8211; 3 &bdquo;Zp\u0159etrhejme jejich okovy,sho\u010fme ze sebe ta jejich pouta!&ldquo; &#8211; 4 Sm\u011bje se jim na nebes\u00edch P\u00e1n,\u00fasm\u011b\u0161ek m\u00e1 pro n\u011b na sv\u00e9m tr\u016fnu. &#8211; 5 Potom &#8230; <a title=\"\u017dalm 2\" class=\"read-more\" href=\"https:\/\/www.texty.santegidio.cz\/?page_id=54\" aria-label=\"More on \u017dalm 2\">Read more<\/a><\/p>\n","protected":false},"author":1,"featured_media":0,"parent":29,"menu_order":0,"comment_status":"closed","ping_status":"closed","template":"","meta":{"_uag_custom_page_level_css":"","jetpack_post_was_ever_published":false,"footnotes":""},"class_list":["post-54","page","type-page","status-publish"],"uagb_featured_image_src":{"full":false,"thumbnail":false,"medium":false,"medium_large":false,"large":false,"1536x1536":false,"2048x2048":false},"uagb_author_info":{"display_name":"Pavel","author_link":"https:\/\/www.texty.santegidio.cz\/?author=1"},"uagb_comment_info":0,"uagb_excerpt":"Blaze \u010dlov\u011bku, kter\u00fd douf\u00e1 v P\u00e1na. &#8211; 1 Pro\u010d se bou\u0159\u00ed kmeny pohan\u016f,n\u00e1rody pro\u010d snuj\u00ed marn\u00e9 pl\u00e1ny? = 2 K&nbsp;boji povst\u00e1vaj\u00ed kr\u00e1lov\u00e9,\u2020smlouvaj\u00ed se vl\u00e1dci proti P\u00e1nu,proti jeho pomazan\u00e9mu. &#8211; 3 &bdquo;Zp\u0159etrhejme jejich okovy,sho\u010fme ze sebe ta jejich pouta!&ldquo; &#8211; 4 Sm\u011bje se jim na nebes\u00edch P\u00e1n,\u00fasm\u011b\u0161ek m\u00e1 pro n\u011b na sv\u00e9m tr\u016fnu. &#8211; 5 Potom&hellip;","jetpack_sharing_enabled":true,"jetpack_shortlink":"https:\/\/wp.me\/PawMsT-S","_links":{"self":[{"href":"https:\/\/www.texty.santegidio.cz\/index.php?rest_route=\/wp\/v2\/pages\/54","targetHints":{"allow":["GET"]}}],"collection":[{"href":"https:\/\/www.texty.santegidio.cz\/index.php?rest_route=\/wp\/v2\/pages"}],"about":[{"href":"https:\/\/www.texty.santegidio.cz\/index.php?rest_route=\/wp\/v2\/types\/page"}],"author":[{"embeddable":true,"href":"https:\/\/www.texty.santegidio.cz\/index.php?rest_route=\/wp\/v2\/users\/1"}],"replies":[{"embeddable":true,"href":"https:\/\/www.texty.santegidio.cz\/index.php?rest_route=%2Fwp%2Fv2%2Fcomments&post=54"}],"version-history":[{"count":1,"href":"https:\/\/www.texty.santegidio.cz\/index.php?rest_route=\/wp\/v2\/pages\/54\/revisions"}],"predecessor-version":[{"id":1224,"href":"https:\/\/www.texty.santegidio.cz\/index.php?rest_route=\/wp\/v2\/pages\/54\/revisions\/1224"}],"up":[{"embeddable":true,"href":"https:\/\/www.texty.santegidio.cz\/index.php?rest_route=\/wp\/v2\/pages\/29"}],"wp:attachment":[{"href":"https:\/\/www.texty.santegidio.cz\/index.php?rest_route=%2Fwp%2Fv2%2Fmedia&parent=54"}],"curies":[{"name":"wp","href":"https:\/\/api.w.org\/{rel}","templated":true}]}}