{"id":53,"date":"2018-12-12T10:15:02","date_gmt":"2018-12-12T09:15:02","guid":{"rendered":"http:\/\/www.texty.santegidio.cz?page_id=53"},"modified":"2018-12-12T10:31:29","modified_gmt":"2018-12-12T09:31:29","slug":"zalm-1","status":"publish","type":"page","link":"https:\/\/www.texty.santegidio.cz\/?page_id=53","title":{"rendered":"\u017dalm 1"},"content":{"rendered":"<p>Blaze tomu, kdo naslouch\u00e1 slovu P\u00e1na.<\/p>\n<p>= <sup>1<\/sup> \u0160\u0165asten, kdo nechod\u00ed, jak bezbo\u017en\u00ed mu rad\u00ed,\u2020<br \/>na cestu h\u0159\u00ed\u0161n\u00edk\u016f kdo nestoup\u00e1<br \/>a nesed\u00e1v\u00e1 v kr<strong>u<\/strong>hu rouha\u010d\u016f;<\/p>\n<p>&#8211; <sup>2<\/sup> kdo naopak se t\u011b\u0161\u00ed ze z\u00e1kona P\u00e1n\u011b<br \/>a dnem i noc\u00ed o n<strong>\u011b<\/strong>m p\u0159em\u00edt\u00e1.<\/p>\n<p>&#8211; <sup>3<\/sup> Je jako strom p\u0159i \u017eiv\u00fdch vod\u00e1ch zasazen\u00fd,<br \/>ovoce nese spr<strong>\u00e1<\/strong>vn\u011b ve sv\u016fj \u010das<br \/>&#8211; a jeho list\u00ed nikdy nezvad\u00e1;<br \/>cokoli po\u010dne, v\u0161echno s<strong>e<\/strong> mu da\u0159\u00ed.<\/p>\n<p>&#8211; <sup>4<\/sup> Ne tak je s bezbo\u017en\u00fdmi, naprosto ne tak:<br \/>ti jsou jak pleva un\u00e1\u0161<strong>e<\/strong>n\u00e1 v\u011btrem.<\/p>\n<p>&#8211; <sup>5<\/sup> Bezbo\u017en\u00ed proto neobstoj\u00ed na soudu<br \/>a h\u0159\u00ed\u0161n\u00ed v shrom\u00e1\u017ed\u011bn\u00ed spr<strong>a<\/strong>vedliv\u00fdch.<\/p>\n<p>&#8211; <sup>6<\/sup> V\u017edy\u0165 cestu spravedliv\u00fdch st\u0159e\u017e\u00ed P\u00e1n,<br \/>zl\u00e1 cesta h\u0159\u00ed\u0161n\u00fdch vede d<strong>o<\/strong> z\u00e1huby.<\/p>\n\n\n<div class=\"wp-block-button\"><a class=\"wp-block-button__link\" href=\"https:\/\/www.texty.santegidio.cz\/?page_id=54\">P\u0158EDCHOZ\u00cd<\/a><\/div>\n\n\n\n<div class=\"wp-block-button\"><a class=\"wp-block-button__link\" href=\"https:\/\/www.texty.santegidio.cz\/?page_id=54\">N\u00c1SLEDUJ\u00cdC\u00cd<\/a><\/div>\n","protected":false},"excerpt":{"rendered":"<p>Blaze tomu, kdo naslouch\u00e1 slovu P\u00e1na. = 1 \u0160\u0165asten, kdo nechod\u00ed, jak bezbo\u017en\u00ed mu rad\u00ed,\u2020na cestu h\u0159\u00ed\u0161n\u00edk\u016f kdo nestoup\u00e1a nesed\u00e1v\u00e1 v kruhu rouha\u010d\u016f; &#8211; 2 kdo naopak se t\u011b\u0161\u00ed ze z\u00e1kona P\u00e1n\u011ba dnem i noc\u00ed o n\u011bm p\u0159em\u00edt\u00e1. &#8211; 3 Je jako strom p\u0159i \u017eiv\u00fdch vod\u00e1ch zasazen\u00fd,ovoce nese spr\u00e1vn\u011b ve sv\u016fj \u010das&#8211; a jeho list\u00ed &#8230; <a title=\"\u017dalm 1\" class=\"read-more\" href=\"https:\/\/www.texty.santegidio.cz\/?page_id=53\" aria-label=\"More on \u017dalm 1\">Read more<\/a><\/p>\n","protected":false},"author":1,"featured_media":0,"parent":29,"menu_order":0,"comment_status":"closed","ping_status":"closed","template":"","meta":{"_uag_custom_page_level_css":"","jetpack_post_was_ever_published":false,"footnotes":""},"class_list":["post-53","page","type-page","status-publish"],"uagb_featured_image_src":{"full":false,"thumbnail":false,"medium":false,"medium_large":false,"large":false,"1536x1536":false,"2048x2048":false},"uagb_author_info":{"display_name":"Pavel","author_link":"https:\/\/www.texty.santegidio.cz\/?author=1"},"uagb_comment_info":0,"uagb_excerpt":"Blaze tomu, kdo naslouch\u00e1 slovu P\u00e1na. = 1 \u0160\u0165asten, kdo nechod\u00ed, jak bezbo\u017en\u00ed mu rad\u00ed,\u2020na cestu h\u0159\u00ed\u0161n\u00edk\u016f kdo nestoup\u00e1a nesed\u00e1v\u00e1 v kruhu rouha\u010d\u016f; &#8211; 2 kdo naopak se t\u011b\u0161\u00ed ze z\u00e1kona P\u00e1n\u011ba dnem i noc\u00ed o n\u011bm p\u0159em\u00edt\u00e1. &#8211; 3 Je jako strom p\u0159i \u017eiv\u00fdch vod\u00e1ch zasazen\u00fd,ovoce nese spr\u00e1vn\u011b ve sv\u016fj \u010das&#8211; a jeho list\u00ed&hellip;","jetpack_sharing_enabled":true,"jetpack_shortlink":"https:\/\/wp.me\/PawMsT-R","_links":{"self":[{"href":"https:\/\/www.texty.santegidio.cz\/index.php?rest_route=\/wp\/v2\/pages\/53","targetHints":{"allow":["GET"]}}],"collection":[{"href":"https:\/\/www.texty.santegidio.cz\/index.php?rest_route=\/wp\/v2\/pages"}],"about":[{"href":"https:\/\/www.texty.santegidio.cz\/index.php?rest_route=\/wp\/v2\/types\/page"}],"author":[{"embeddable":true,"href":"https:\/\/www.texty.santegidio.cz\/index.php?rest_route=\/wp\/v2\/users\/1"}],"replies":[{"embeddable":true,"href":"https:\/\/www.texty.santegidio.cz\/index.php?rest_route=%2Fwp%2Fv2%2Fcomments&post=53"}],"version-history":[{"count":4,"href":"https:\/\/www.texty.santegidio.cz\/index.php?rest_route=\/wp\/v2\/pages\/53\/revisions"}],"predecessor-version":[{"id":1379,"href":"https:\/\/www.texty.santegidio.cz\/index.php?rest_route=\/wp\/v2\/pages\/53\/revisions\/1379"}],"up":[{"embeddable":true,"href":"https:\/\/www.texty.santegidio.cz\/index.php?rest_route=\/wp\/v2\/pages\/29"}],"wp:attachment":[{"href":"https:\/\/www.texty.santegidio.cz\/index.php?rest_route=%2Fwp%2Fv2%2Fmedia&parent=53"}],"curies":[{"name":"wp","href":"https:\/\/api.w.org\/{rel}","templated":true}]}}