{"id":202,"date":"2018-12-12T10:15:16","date_gmt":"2018-12-12T09:15:16","guid":{"rendered":"http:\/\/www.texty.santegidio.cz?page_id=202"},"modified":"2018-12-12T10:15:17","modified_gmt":"2018-12-12T09:15:17","slug":"zalm-150","status":"publish","type":"page","link":"https:\/\/www.texty.santegidio.cz\/?page_id=202","title":{"rendered":"\u017dalm 150"},"content":{"rendered":"<p>V\u0161e, co m\u00e1 dech, a\u0165 veleb\u00ed P\u00e1na.<br \/>&#8211; Velebte P\u00e1na v jeho svatyni,<br \/>chvalte na jeho mocn\u00e9 kl<strong>e<\/strong>nb\u011b nebes!<\/p>\n<p>&#8211; <sup>2<\/span><\/sup> Chvalte ho za divy, je\u017e u\u010dinil,<br \/>chvalte ho pro velikost sv<strong>r<\/strong>chovanou!<\/p>\n<p>&#8211; <sup>3<\/span><\/sup> Chvalte ho zvu\u010dn\u00fdm hlaholen\u00edm trub,<br \/>chvalte ho v doprovodu h<strong>a<\/strong>rf a citer!<\/p>\n<p>&#8211; <sup>4<\/span><\/sup> Chvalte ho bub\u00ednky a v\u00ed\u0159en\u00edm,<br \/>chvalte ho strunnou hrou i p<strong>\u00ed<\/strong>\u0161\u0165alami!<\/p>\n<p>= <sup>5<\/span><\/sup> Chvalte ho zvoniv\u00fdmi cimb\u00e1ly,\u2020<br \/>chvalte ho cimb\u00e1ly, je\u017e jasn\u011b zvu\u010d\u00ed!<br \/><sup>6<\/span><\/sup> V\u0161e, co m\u00e1 dech, a\u0165 P<strong>\u00e1<\/strong>na veleb\u00ed!<\/p>\n","protected":false},"excerpt":{"rendered":"<p>V\u0161e, co m\u00e1 dech, a\u0165 veleb\u00ed P\u00e1na.&#8211; Velebte P\u00e1na v jeho svatyni,chvalte na jeho mocn\u00e9 klenb\u011b nebes! &#8211; 2 Chvalte ho za divy, je\u017e u\u010dinil,chvalte ho pro velikost svrchovanou! &#8211; 3 Chvalte ho zvu\u010dn\u00fdm hlaholen\u00edm trub,chvalte ho v doprovodu harf a citer! &#8211; 4 Chvalte ho bub\u00ednky a v\u00ed\u0159en\u00edm,chvalte ho strunnou hrou i p\u00ed\u0161\u0165alami! = &#8230; <a title=\"\u017dalm 150\" class=\"read-more\" href=\"https:\/\/www.texty.santegidio.cz\/?page_id=202\" aria-label=\"More on \u017dalm 150\">Read more<\/a><\/p>\n","protected":false},"author":1,"featured_media":0,"parent":29,"menu_order":0,"comment_status":"closed","ping_status":"closed","template":"","meta":{"_uag_custom_page_level_css":"","jetpack_post_was_ever_published":false,"footnotes":""},"class_list":["post-202","page","type-page","status-publish"],"uagb_featured_image_src":{"full":false,"thumbnail":false,"medium":false,"medium_large":false,"large":false,"1536x1536":false,"2048x2048":false},"uagb_author_info":{"display_name":"Pavel","author_link":"https:\/\/www.texty.santegidio.cz\/?author=1"},"uagb_comment_info":0,"uagb_excerpt":"V\u0161e, co m\u00e1 dech, a\u0165 veleb\u00ed P\u00e1na.&#8211; Velebte P\u00e1na v jeho svatyni,chvalte na jeho mocn\u00e9 klenb\u011b nebes! &#8211; 2 Chvalte ho za divy, je\u017e u\u010dinil,chvalte ho pro velikost svrchovanou! &#8211; 3 Chvalte ho zvu\u010dn\u00fdm hlaholen\u00edm trub,chvalte ho v doprovodu harf a citer! &#8211; 4 Chvalte ho bub\u00ednky a v\u00ed\u0159en\u00edm,chvalte ho strunnou hrou i p\u00ed\u0161\u0165alami! =&hellip;","jetpack_sharing_enabled":true,"jetpack_shortlink":"https:\/\/wp.me\/PawMsT-3g","_links":{"self":[{"href":"https:\/\/www.texty.santegidio.cz\/index.php?rest_route=\/wp\/v2\/pages\/202","targetHints":{"allow":["GET"]}}],"collection":[{"href":"https:\/\/www.texty.santegidio.cz\/index.php?rest_route=\/wp\/v2\/pages"}],"about":[{"href":"https:\/\/www.texty.santegidio.cz\/index.php?rest_route=\/wp\/v2\/types\/page"}],"author":[{"embeddable":true,"href":"https:\/\/www.texty.santegidio.cz\/index.php?rest_route=\/wp\/v2\/users\/1"}],"replies":[{"embeddable":true,"href":"https:\/\/www.texty.santegidio.cz\/index.php?rest_route=%2Fwp%2Fv2%2Fcomments&post=202"}],"version-history":[{"count":1,"href":"https:\/\/www.texty.santegidio.cz\/index.php?rest_route=\/wp\/v2\/pages\/202\/revisions"}],"predecessor-version":[{"id":1372,"href":"https:\/\/www.texty.santegidio.cz\/index.php?rest_route=\/wp\/v2\/pages\/202\/revisions\/1372"}],"up":[{"embeddable":true,"href":"https:\/\/www.texty.santegidio.cz\/index.php?rest_route=\/wp\/v2\/pages\/29"}],"wp:attachment":[{"href":"https:\/\/www.texty.santegidio.cz\/index.php?rest_route=%2Fwp%2Fv2%2Fmedia&parent=202"}],"curies":[{"name":"wp","href":"https:\/\/api.w.org\/{rel}","templated":true}]}}