{"id":201,"date":"2018-12-12T10:15:16","date_gmt":"2018-12-12T09:15:16","guid":{"rendered":"http:\/\/www.texty.santegidio.cz?page_id=201"},"modified":"2018-12-12T10:15:16","modified_gmt":"2018-12-12T09:15:16","slug":"zalm-149","status":"publish","type":"page","link":"https:\/\/www.texty.santegidio.cz\/?page_id=201","title":{"rendered":"\u017dalm 149"},"content":{"rendered":"<p>Zazp\u00edvejte P\u00e1nu novou p\u00edse\u0148.<br \/>&#8211; Zazp\u00edvejte P\u00e1nu novou p\u00edse\u0148,<br \/>a\u0165 zn\u00ed jeho chv\u00e1la v <strong>o<\/strong>bci zbo\u017en\u00fdch!<\/p>\n<p>&#8211; <sup>2<\/span><\/sup> Izrael a\u0165 raduje se z Tv\u016frce,<br \/>d\u011bti Si\u00f3nu a\u0165 Kr<strong>\u00e1<\/strong>le chv\u00e1l\u00ed!<\/p>\n<p>&#8211; <sup>3<\/span><\/sup> Slav\u00ed jeho jm\u00e9no v chorovodech,<br \/>na bubny a cit<strong>e<\/strong>ry mu hraj\u00ed!<\/p>\n<p>&#8211; <sup>4<\/span><\/sup> P\u00e1n v sv\u00e9m lidu na\u0161el zal\u00edben\u00ed,<br \/>v\u00edt\u011bzstv\u00edm on v\u011bn\u010d\u00ed p<strong>o<\/strong>n\u00ed\u017een\u00e9.<\/p>\n<p>&#8211; <sup>5<\/span><\/sup> A\u0165 se v\u011brn\u00ed mocn\u011b zaraduj\u00ed,<br \/>a\u0165 i na sv\u00fdch lo\u017e\u00edch z<strong>a<\/strong>plesaj\u00ed!<\/p>\n<p>&#8211; <sup>6<\/span><\/sup> V hrdle sv\u00e9m a\u0165 Bo\u017e\u00ed chv\u00e1lu maj\u00ed,<br \/>v ruce j\u00edlec dvouse\u010dn<strong>\u00e9<\/strong>ho me\u010de,<\/p>\n<p>&#8211; <sup>7<\/span><\/sup> aby mohli pohan\u016fm se pomst\u00edt,<br \/>aby vynesli soud n<strong>a<\/strong>d n\u00e1rody,<\/p>\n<p>&#8211; <sup>8<\/span><\/sup> uv\u00e1zali v pouta jejich kr\u00e1le,<br \/>do okov\u016f jejich p\u0159<strong>e<\/strong>dn\u00ed mu\u017ee,<\/p>\n<p>&#8211; <sup>9<\/span><\/sup> naplnili na nich psan\u00e9 pr\u00e1vo.<br \/>To je oslavou v\u0161ech j<strong>e<\/strong>ho zbo\u017en\u00fdch.<\/p>\n","protected":false},"excerpt":{"rendered":"<p>Zazp\u00edvejte P\u00e1nu novou p\u00edse\u0148.&#8211; Zazp\u00edvejte P\u00e1nu novou p\u00edse\u0148,a\u0165 zn\u00ed jeho chv\u00e1la v obci zbo\u017en\u00fdch! &#8211; 2 Izrael a\u0165 raduje se z Tv\u016frce,d\u011bti Si\u00f3nu a\u0165 Kr\u00e1le chv\u00e1l\u00ed! &#8211; 3 Slav\u00ed jeho jm\u00e9no v chorovodech,na bubny a citery mu hraj\u00ed! &#8211; 4 P\u00e1n v sv\u00e9m lidu na\u0161el zal\u00edben\u00ed,v\u00edt\u011bzstv\u00edm on v\u011bn\u010d\u00ed pon\u00ed\u017een\u00e9. &#8211; 5 A\u0165 se v\u011brn\u00ed mocn\u011b &#8230; <a title=\"\u017dalm 149\" class=\"read-more\" href=\"https:\/\/www.texty.santegidio.cz\/?page_id=201\" aria-label=\"More on \u017dalm 149\">Read more<\/a><\/p>\n","protected":false},"author":1,"featured_media":0,"parent":29,"menu_order":0,"comment_status":"closed","ping_status":"closed","template":"","meta":{"_uag_custom_page_level_css":"","jetpack_post_was_ever_published":false,"footnotes":""},"class_list":["post-201","page","type-page","status-publish"],"uagb_featured_image_src":{"full":false,"thumbnail":false,"medium":false,"medium_large":false,"large":false,"1536x1536":false,"2048x2048":false},"uagb_author_info":{"display_name":"Pavel","author_link":"https:\/\/www.texty.santegidio.cz\/?author=1"},"uagb_comment_info":0,"uagb_excerpt":"Zazp\u00edvejte P\u00e1nu novou p\u00edse\u0148.&#8211; Zazp\u00edvejte P\u00e1nu novou p\u00edse\u0148,a\u0165 zn\u00ed jeho chv\u00e1la v obci zbo\u017en\u00fdch! &#8211; 2 Izrael a\u0165 raduje se z Tv\u016frce,d\u011bti Si\u00f3nu a\u0165 Kr\u00e1le chv\u00e1l\u00ed! &#8211; 3 Slav\u00ed jeho jm\u00e9no v chorovodech,na bubny a citery mu hraj\u00ed! &#8211; 4 P\u00e1n v sv\u00e9m lidu na\u0161el zal\u00edben\u00ed,v\u00edt\u011bzstv\u00edm on v\u011bn\u010d\u00ed pon\u00ed\u017een\u00e9. &#8211; 5 A\u0165 se v\u011brn\u00ed mocn\u011b&hellip;","jetpack_sharing_enabled":true,"jetpack_shortlink":"https:\/\/wp.me\/PawMsT-3f","_links":{"self":[{"href":"https:\/\/www.texty.santegidio.cz\/index.php?rest_route=\/wp\/v2\/pages\/201","targetHints":{"allow":["GET"]}}],"collection":[{"href":"https:\/\/www.texty.santegidio.cz\/index.php?rest_route=\/wp\/v2\/pages"}],"about":[{"href":"https:\/\/www.texty.santegidio.cz\/index.php?rest_route=\/wp\/v2\/types\/page"}],"author":[{"embeddable":true,"href":"https:\/\/www.texty.santegidio.cz\/index.php?rest_route=\/wp\/v2\/users\/1"}],"replies":[{"embeddable":true,"href":"https:\/\/www.texty.santegidio.cz\/index.php?rest_route=%2Fwp%2Fv2%2Fcomments&post=201"}],"version-history":[{"count":1,"href":"https:\/\/www.texty.santegidio.cz\/index.php?rest_route=\/wp\/v2\/pages\/201\/revisions"}],"predecessor-version":[{"id":1371,"href":"https:\/\/www.texty.santegidio.cz\/index.php?rest_route=\/wp\/v2\/pages\/201\/revisions\/1371"}],"up":[{"embeddable":true,"href":"https:\/\/www.texty.santegidio.cz\/index.php?rest_route=\/wp\/v2\/pages\/29"}],"wp:attachment":[{"href":"https:\/\/www.texty.santegidio.cz\/index.php?rest_route=%2Fwp%2Fv2%2Fmedia&parent=201"}],"curies":[{"name":"wp","href":"https:\/\/api.w.org\/{rel}","templated":true}]}}