{"id":196,"date":"2018-12-12T10:15:16","date_gmt":"2018-12-12T09:15:16","guid":{"rendered":"http:\/\/www.texty.santegidio.cz?page_id=196"},"modified":"2018-12-12T10:15:16","modified_gmt":"2018-12-12T09:15:16","slug":"zalm-144","status":"publish","type":"page","link":"https:\/\/www.texty.santegidio.cz\/?page_id=196","title":{"rendered":"\u017dalm 144"},"content":{"rendered":"<p>Blaho\u0159e\u010den bu\u010f P\u00e1n, m\u00e1 sk\u00e1la.<\/p>\n<p>= <sup>1<\/span><\/sup> Blaho\u0159e\u010den budi\u017e P\u00e1n, m\u00e1 sk\u00e1la!\u2020<br \/>On m\u00e9 ruce u\u010d\u00ed bojovat,<br \/>moje prsty zdatn\u011b s<strong>i<\/strong> v\u00e9st v bitv\u011b.<\/p>\n<p>&#8211; <sup>2<\/span><\/sup> Je mi slitov\u00e1n\u00edm, je mi hradem,<br \/>\u00fato\u010di\u0161t\u011bm m\u00fdm <strong>a<\/strong> zachr\u00e1ncem,<br \/>&#8211; \u0161t\u00edtem, na kter\u00fd je spolehnut\u00ed.<br \/>N\u00e1rody m\u00e9 vl<strong>\u00e1<\/strong>d\u011b podrobil.<\/p>\n<p>&#8211; <sup>3<\/span><\/sup> Pane, co je \u010dlov\u011bk, \u017ee db\u00e1\u0161 o n\u011bj,<br \/>co syn lidsk\u00fd, \u017ee h<strong>o<\/strong> v mysli m\u00e1\u0161?<\/p>\n<p>&#8211; <sup>4<\/span><\/sup> V\u017edy\u0165 je \u010dlov\u011bk jako pouh\u00fd v\u00e1nek,<br \/>jeho dny jak st\u00edn, j<strong>e<\/strong>n\u017e p\u0159elet\u00ed.<\/p>\n<p>&#8211; <sup>5<\/span><\/sup> Pane, sklo\u0148 sv\u00e1 nebesa a sestup,<br \/>hor se dotkni, vyst<strong>ou<\/strong>p\u00ed z nich kou\u0159.<\/p>\n<p>&#8211; <sup>6<\/span><\/sup> Metej blesky sv\u00e9 a roze\u017ee\u0148 je,<br \/>\u0161\u00edpy sv\u00e9, a\u0165 p<strong>a<\/strong>dnou ve zmatek!<\/p>\n<p>&#8211; <sup>7<\/span><\/sup> Nap\u0159\u00e1hni svou ruku z vysokosti,<br \/>vytrhni m\u011b ze z<strong>\u00e1<\/strong>plavy vod,<\/p>\n<p>= vysvobo\u010f m\u011b z rukou ciz\u00e1k\u016f,\u2020<br \/><sup>8<\/span><\/sup> kte\u0159\u00ed \u00fasty l\u017eiv\u011b promlouvaj\u00ed,<br \/>k\u0159iv\u00e1 je i j<strong>e<\/strong>jich pravice!<\/p>\n<p>&#8211; <sup>9<\/span><\/sup> Bo\u017ee, chci ti novou p\u00edse\u0148 zp\u00edvat,<br \/>na des\u00edtistr<strong>u<\/strong>nnou harfu hr\u00e1t.<\/p>\n<p>&#8211; <sup>10<\/span><\/sup> Ty jsi ten, kdo ochra\u0148uje kr\u00e1le,<br \/>spasil sv\u00e9ho sl<strong>u<\/strong>hu Davida.<\/p>\n<p>&#8211; <sup>11<\/span><\/sup> Zachra\u0148 m\u011b p\u0159ed zk\u00e1zonosn\u00fdm me\u010dem,<br \/>vysvobo\u010f m\u011b z r<strong>u<\/strong>kou ciz\u00e1k\u016f,<br \/>&#8211; kte\u0159\u00ed \u00fasty l\u017eiv\u011b promlouvaj\u00ed,<br \/>k\u0159iv\u00e1 je i j<strong>e<\/strong>jich pravice!<\/p>\n<p>&#8211; <sup>12<\/span><\/sup> Na\u0161i synov\u00e9 jak sazenice<br \/>a\u0165 se na z\u00e1h<strong>o<\/strong>n\u011b rozrostou,<br \/>&#8211; na\u0161e dcery jako ro\u017en\u00ed sloupy<br \/>vytesan\u00e9 j<strong>a<\/strong>ko pro pal\u00e1c!<\/p>\n<p>&#8211; <sup>13<\/span><\/sup> Na\u0161e stodoly a\u0165 opl\u00fdvaj\u00ed<br \/>v\u0161\u00edm, co k j\u00eddlu m<strong>o<\/strong>hou poskytnout,<br \/>&#8211; st\u00e1da a\u0165 n\u00e1m v tis\u00edc\u00edch se mno\u017e\u00ed,<br \/>v desetitis<strong>\u00ed<\/strong>c\u00edch na luk\u00e1ch!<\/p>\n<p>= <sup>14<\/span><\/sup> Na\u0161e kr\u00e1vy a\u0165 jsou t\u011b\u017ek\u00e9 tukem,\u2020<br \/>nezmetaj\u00ed ani nehynou!<br \/>V na\u0161ich ulic\u00edch <strong>a<\/strong>\u0165 nezn\u00ed pl\u00e1\u010d!<\/p>\n<p>&#8211; <sup>15<\/span><\/sup> \u0160\u0165astn\u00fd n\u00e1rod, jemu\u017e se tak da\u0159\u00ed!<br \/>\u0160\u0165astn\u00fd n\u00e1rod, j<strong>e<\/strong>mu\u017e P\u00e1n je B\u016fh!<\/p>\n","protected":false},"excerpt":{"rendered":"<p>Blaho\u0159e\u010den bu\u010f P\u00e1n, m\u00e1 sk\u00e1la. = 1 Blaho\u0159e\u010den budi\u017e P\u00e1n, m\u00e1 sk\u00e1la!\u2020On m\u00e9 ruce u\u010d\u00ed bojovat,moje prsty zdatn\u011b si v\u00e9st v bitv\u011b. &#8211; 2 Je mi slitov\u00e1n\u00edm, je mi hradem,\u00fato\u010di\u0161t\u011bm m\u00fdm a zachr\u00e1ncem,&#8211; \u0161t\u00edtem, na kter\u00fd je spolehnut\u00ed.N\u00e1rody m\u00e9 vl\u00e1d\u011b podrobil. &#8211; 3 Pane, co je \u010dlov\u011bk, \u017ee db\u00e1\u0161 o n\u011bj,co syn lidsk\u00fd, \u017ee ho &#8230; <a title=\"\u017dalm 144\" class=\"read-more\" href=\"https:\/\/www.texty.santegidio.cz\/?page_id=196\" aria-label=\"More on \u017dalm 144\">Read more<\/a><\/p>\n","protected":false},"author":1,"featured_media":0,"parent":29,"menu_order":0,"comment_status":"closed","ping_status":"closed","template":"","meta":{"_uag_custom_page_level_css":"","jetpack_post_was_ever_published":false,"footnotes":""},"class_list":["post-196","page","type-page","status-publish"],"uagb_featured_image_src":{"full":false,"thumbnail":false,"medium":false,"medium_large":false,"large":false,"1536x1536":false,"2048x2048":false},"uagb_author_info":{"display_name":"Pavel","author_link":"https:\/\/www.texty.santegidio.cz\/?author=1"},"uagb_comment_info":0,"uagb_excerpt":"Blaho\u0159e\u010den bu\u010f P\u00e1n, m\u00e1 sk\u00e1la. = 1 Blaho\u0159e\u010den budi\u017e P\u00e1n, m\u00e1 sk\u00e1la!\u2020On m\u00e9 ruce u\u010d\u00ed bojovat,moje prsty zdatn\u011b si v\u00e9st v bitv\u011b. &#8211; 2 Je mi slitov\u00e1n\u00edm, je mi hradem,\u00fato\u010di\u0161t\u011bm m\u00fdm a zachr\u00e1ncem,&#8211; \u0161t\u00edtem, na kter\u00fd je spolehnut\u00ed.N\u00e1rody m\u00e9 vl\u00e1d\u011b podrobil. &#8211; 3 Pane, co je \u010dlov\u011bk, \u017ee db\u00e1\u0161 o n\u011bj,co syn lidsk\u00fd, \u017ee ho&hellip;","jetpack_sharing_enabled":true,"jetpack_shortlink":"https:\/\/wp.me\/PawMsT-3a","_links":{"self":[{"href":"https:\/\/www.texty.santegidio.cz\/index.php?rest_route=\/wp\/v2\/pages\/196","targetHints":{"allow":["GET"]}}],"collection":[{"href":"https:\/\/www.texty.santegidio.cz\/index.php?rest_route=\/wp\/v2\/pages"}],"about":[{"href":"https:\/\/www.texty.santegidio.cz\/index.php?rest_route=\/wp\/v2\/types\/page"}],"author":[{"embeddable":true,"href":"https:\/\/www.texty.santegidio.cz\/index.php?rest_route=\/wp\/v2\/users\/1"}],"replies":[{"embeddable":true,"href":"https:\/\/www.texty.santegidio.cz\/index.php?rest_route=%2Fwp%2Fv2%2Fcomments&post=196"}],"version-history":[{"count":1,"href":"https:\/\/www.texty.santegidio.cz\/index.php?rest_route=\/wp\/v2\/pages\/196\/revisions"}],"predecessor-version":[{"id":1366,"href":"https:\/\/www.texty.santegidio.cz\/index.php?rest_route=\/wp\/v2\/pages\/196\/revisions\/1366"}],"up":[{"embeddable":true,"href":"https:\/\/www.texty.santegidio.cz\/index.php?rest_route=\/wp\/v2\/pages\/29"}],"wp:attachment":[{"href":"https:\/\/www.texty.santegidio.cz\/index.php?rest_route=%2Fwp%2Fv2%2Fmedia&parent=196"}],"curies":[{"name":"wp","href":"https:\/\/api.w.org\/{rel}","templated":true}]}}