{"id":195,"date":"2018-12-12T10:15:16","date_gmt":"2018-12-12T09:15:16","guid":{"rendered":"http:\/\/www.texty.santegidio.cz?page_id=195"},"modified":"2018-12-12T10:15:16","modified_gmt":"2018-12-12T09:15:16","slug":"zalm-143","status":"publish","type":"page","link":"https:\/\/www.texty.santegidio.cz\/?page_id=195","title":{"rendered":"\u017dalm 143"},"content":{"rendered":"<p>Neskr\u00fdvej mi svou tv\u00e1\u0159, Pane.<\/p>\n<p>= <sup>1<\/span><\/sup> Pane, sly\u0161 mou sna\u017enou modlitbu,\u2020<br \/>ve sv\u00e9 v\u011brnosti mou prosbu p\u0159ijmi,<br \/>ve sv\u00e9 spravedln<strong>o<\/strong>sti m\u011b vysly\u0161!<\/p>\n<p>&#8211; <sup>2<\/span><\/sup> Necht\u011bj soudit sv\u00e9ho slu\u017eebn\u00edka,<br \/>nikdo z \u017eiv\u00fdch n<strong>e<\/strong>n\u00ed tob\u011b pr\u00e1v.<\/p>\n<p>&#8211; <sup>3<\/span><\/sup> Nep\u0159\u00edtel m\u011b st\u00edh\u00e1, \u017eivot dept\u00e1,<br \/>v tm\u00e1ch m\u011b nech\u00e1v\u00e1 jak d<strong>\u00e1<\/strong>vno mrtv\u00e9.<\/p>\n<p>&#8211; <sup>4<\/span><\/sup> A m\u016fj duch u\u017e ve mn\u011b ochabuje,<br \/>srdce trne, sev\u0159<strong>e<\/strong>no v m\u00e9m nitru.<\/p>\n<p>= <sup>5<\/span><\/sup> Vzpom\u00edn\u00e1m si na dny d\u00e1vno za\u0161l\u00e9,\u2020<br \/>st\u00e1le mysl\u00edm na v\u0161echny tv\u00e9 \u010diny,<br \/>uva\u017euji o d<strong>\u00ed<\/strong>le tv\u00fdch rukou.<\/p>\n<p>&#8211; <sup>6<\/span><\/sup> K tob\u011b rozp\u0159ahuji ob\u011b pa\u017ee,<br \/>\u017e\u00edzn\u00edm po tob\u011b jak zpr<strong>a<\/strong>hl\u00e1 zem\u011b.<\/p>\n<p>&#8211; <sup>7<\/span><\/sup> Pane, vysly\u0161 m\u011b a neot\u00e1lej,<br \/>jsem u\u017e duchem vys<strong>\u00ed<\/strong>len a ch\u0159adnu!<br \/>&#8211; Neskr\u00fdvej mi tv\u00e1\u0159, a\u0165 nejsem roven<br \/>t\u011bm, kdo sestoupili d<strong>o<\/strong> tmy hrobu!<\/p>\n<p>&#8211; <sup>8<\/span><\/sup> Dej mi zr\u00e1na zakusit tvou milost,<br \/>proto\u017ee j\u00e1 d\u016fv\u011b\u0159<strong>u<\/strong>ji v tebe.<br \/>&#8211; Dej mi poznat cestu, j\u00ed\u017e m\u00e1m kr\u00e1\u010det,<br \/>nebo\u0165 k tob\u011b pozdvih<strong>u<\/strong>ji du\u0161i.<\/p>\n<p>&#8211; <sup>9<\/span><\/sup> Vysvobo\u010f m\u011b od nep\u0159\u00e1tel, Pane,<br \/>proto\u017ee m\u00e1 z\u00e1chr<strong>a<\/strong>na je v tob\u011b!<\/p>\n<p>&#8211; <sup>10<\/span><\/sup> U\u010d m\u011b jednat podle v\u016fle tv\u00e9,<br \/>proto\u017ee jsi j<strong>e<\/strong>nom ty m\u016fj B\u016fh.<br \/>&#8211; Dobrotiv\u00fdm duchem sv\u00fdm m\u011b ve\u010f,<br \/>abych kr\u00e1\u010del r<strong>o<\/strong>vnou krajinou.<\/p>\n<p>&#8211; <sup>11<\/span><\/sup> Pro sv\u00e9 jm\u00e9no, Pane, o\u017eiv m\u011b,<br \/>pro svou spraved<strong>l<\/strong>nost osvobo\u010f,<br \/>[= <\/span><\/span><sup>12<\/span><\/sup><\/span><\/span> pro svou milost nep\u0159\u00e1tele zni\u010d,\u2020<\/span><\/span><br \/>zahub v\u0161echny, kdo m\u011b su\u017euj\u00ed!<\/span><\/span><br \/>Proto\u017ee jsem j\u00e1 tv\u016fj slu\u017eebn\u00edk.]<\/span><\/span><\/p>\n","protected":false},"excerpt":{"rendered":"<p>Neskr\u00fdvej mi svou tv\u00e1\u0159, Pane. = 1 Pane, sly\u0161 mou sna\u017enou modlitbu,\u2020ve sv\u00e9 v\u011brnosti mou prosbu p\u0159ijmi,ve sv\u00e9 spravedlnosti m\u011b vysly\u0161! &#8211; 2 Necht\u011bj soudit sv\u00e9ho slu\u017eebn\u00edka,nikdo z \u017eiv\u00fdch nen\u00ed tob\u011b pr\u00e1v. &#8211; 3 Nep\u0159\u00edtel m\u011b st\u00edh\u00e1, \u017eivot dept\u00e1,v tm\u00e1ch m\u011b nech\u00e1v\u00e1 jak d\u00e1vno mrtv\u00e9. &#8211; 4 A m\u016fj duch u\u017e ve mn\u011b ochabuje,srdce trne, &#8230; <a title=\"\u017dalm 143\" class=\"read-more\" href=\"https:\/\/www.texty.santegidio.cz\/?page_id=195\" aria-label=\"More on \u017dalm 143\">Read more<\/a><\/p>\n","protected":false},"author":1,"featured_media":0,"parent":29,"menu_order":0,"comment_status":"closed","ping_status":"closed","template":"","meta":{"_uag_custom_page_level_css":"","jetpack_post_was_ever_published":false,"footnotes":""},"class_list":["post-195","page","type-page","status-publish"],"uagb_featured_image_src":{"full":false,"thumbnail":false,"medium":false,"medium_large":false,"large":false,"1536x1536":false,"2048x2048":false},"uagb_author_info":{"display_name":"Pavel","author_link":"https:\/\/www.texty.santegidio.cz\/?author=1"},"uagb_comment_info":0,"uagb_excerpt":"Neskr\u00fdvej mi svou tv\u00e1\u0159, Pane. = 1 Pane, sly\u0161 mou sna\u017enou modlitbu,\u2020ve sv\u00e9 v\u011brnosti mou prosbu p\u0159ijmi,ve sv\u00e9 spravedlnosti m\u011b vysly\u0161! &#8211; 2 Necht\u011bj soudit sv\u00e9ho slu\u017eebn\u00edka,nikdo z \u017eiv\u00fdch nen\u00ed tob\u011b pr\u00e1v. &#8211; 3 Nep\u0159\u00edtel m\u011b st\u00edh\u00e1, \u017eivot dept\u00e1,v tm\u00e1ch m\u011b nech\u00e1v\u00e1 jak d\u00e1vno mrtv\u00e9. &#8211; 4 A m\u016fj duch u\u017e ve mn\u011b ochabuje,srdce trne,&hellip;","jetpack_sharing_enabled":true,"jetpack_shortlink":"https:\/\/wp.me\/PawMsT-39","_links":{"self":[{"href":"https:\/\/www.texty.santegidio.cz\/index.php?rest_route=\/wp\/v2\/pages\/195","targetHints":{"allow":["GET"]}}],"collection":[{"href":"https:\/\/www.texty.santegidio.cz\/index.php?rest_route=\/wp\/v2\/pages"}],"about":[{"href":"https:\/\/www.texty.santegidio.cz\/index.php?rest_route=\/wp\/v2\/types\/page"}],"author":[{"embeddable":true,"href":"https:\/\/www.texty.santegidio.cz\/index.php?rest_route=\/wp\/v2\/users\/1"}],"replies":[{"embeddable":true,"href":"https:\/\/www.texty.santegidio.cz\/index.php?rest_route=%2Fwp%2Fv2%2Fcomments&post=195"}],"version-history":[{"count":1,"href":"https:\/\/www.texty.santegidio.cz\/index.php?rest_route=\/wp\/v2\/pages\/195\/revisions"}],"predecessor-version":[{"id":1365,"href":"https:\/\/www.texty.santegidio.cz\/index.php?rest_route=\/wp\/v2\/pages\/195\/revisions\/1365"}],"up":[{"embeddable":true,"href":"https:\/\/www.texty.santegidio.cz\/index.php?rest_route=\/wp\/v2\/pages\/29"}],"wp:attachment":[{"href":"https:\/\/www.texty.santegidio.cz\/index.php?rest_route=%2Fwp%2Fv2%2Fmedia&parent=195"}],"curies":[{"name":"wp","href":"https:\/\/api.w.org\/{rel}","templated":true}]}}